










{"id":327294,"date":"2026-04-28T09:01:43","date_gmt":"2026-04-28T07:01:43","guid":{"rendered":"https:\/\/www.myastreet.com\/?post_type=product&#038;p=327294"},"modified":"2026-04-28T16:53:30","modified_gmt":"2026-04-28T14:53:30","slug":"ks0296-06-borsa","status":"publish","type":"product","link":"https:\/\/www.myastreet.com\/es\/prodotti\/ks0296-06-borsa\/","title":{"rendered":"BORSA INTRECCIATA"},"content":{"rendered":"<p>Raffinata e di tendenza, la borsa a mano intrecciata con tracolla \u00e8 l\u2019accessorio ideale per aggiungere un tocco di stile ai tuoi outfit quotidiani. Il design intrecciato dona texture e carattere, mentre la struttura compatta la rende perfetta per accompagnarti in ogni occasione, dal giorno alla sera. Dotata di pratica tracolla regolabile e rimovibile, offre versatilit\u00e0 e comfort, permettendoti di indossarla sia a mano che a spalla. Capiente e funzionale, \u00e8 pensata per contenere tutti gli essenziali con eleganza. Perfetta da abbinare a look casual chic o pi\u00f9 sofisticati.<\/p>\n<p>&nbsp;<\/p>\n<p>Composizione: 70%POLIESTERE 30%COTONE<br \/>\nStagione: ESTATE 2026<br \/>\nOrigine: MADE IN ITALY<\/p>\n","protected":false},"excerpt":{"rendered":"<p>Raffinata e di tendenza, la borsa a mano intrecciata con tracolla \u00e8 l\u2019accessorio ideale per aggiungere un tocco di stile ai tuoi outfit quotidiani. Il design intrecciato dona texture e carattere, mentre la struttura compatta la rende perfetta per accompagnarti in ogni occasione, dal giorno alla sera. Dotata di pratica tracolla regolabile e rimovibile, offre [&#8230;]\n","protected":false},"featured_media":330197,"template":"","meta":{"content-type":""},"product_brand":[],"product_cat":[2718,2544],"product_tag":[],"class_list":{"0":"post-327294","1":"product","2":"type-product","3":"status-publish","4":"has-post-thumbnail","6":"product_cat-borse-zaini-p26","7":"product_cat-p26","9":"first","10":"instock","11":"taxable","12":"shipping-taxable","13":"purchasable","14":"product-type-variable"},"acf":[],"_links":{"self":[{"href":"https:\/\/www.myastreet.com\/es\/wp-json\/wp\/v2\/product\/327294","targetHints":{"allow":["GET"]}}],"collection":[{"href":"https:\/\/www.myastreet.com\/es\/wp-json\/wp\/v2\/product"}],"about":[{"href":"https:\/\/www.myastreet.com\/es\/wp-json\/wp\/v2\/types\/product"}],"wp:featuredmedia":[{"embeddable":true,"href":"https:\/\/www.myastreet.com\/es\/wp-json\/wp\/v2\/media\/330197"}],"wp:attachment":[{"href":"https:\/\/www.myastreet.com\/es\/wp-json\/wp\/v2\/media?parent=327294"}],"wp:term":[{"taxonomy":"product_brand","embeddable":true,"href":"https:\/\/www.myastreet.com\/es\/wp-json\/wp\/v2\/product_brand?post=327294"},{"taxonomy":"product_cat","embeddable":true,"href":"https:\/\/www.myastreet.com\/es\/wp-json\/wp\/v2\/product_cat?post=327294"},{"taxonomy":"product_tag","embeddable":true,"href":"https:\/\/www.myastreet.com\/es\/wp-json\/wp\/v2\/product_tag?post=327294"}],"curies":[{"name":"wp","href":"https:\/\/api.w.org\/{rel}","templated":true}]}}