










{"id":326023,"date":"2026-04-24T10:08:11","date_gmt":"2026-04-24T08:08:11","guid":{"rendered":"https:\/\/www.myastreet.com\/?post_type=product&#038;p=326023"},"modified":"2026-04-24T12:22:45","modified_gmt":"2026-04-24T10:22:45","slug":"ma2837-06-abito","status":"publish","type":"product","link":"https:\/\/www.myastreet.com\/es\/prodotti\/ma2837-06-abito\/","title":{"rendered":"ABITO IN POPELINE CON MANICHE A PALLONCINO E SCOLLO A V"},"content":{"rendered":"<p>Abito in popeline dal design femminile e contemporaneo, caratterizzato da maniche a palloncino che donano volume e un tocco romantico al look. La lunghezza sopra il ginocchio valorizza la figura, mentre lo scollo a V slancia la silhouette con eleganza.<\/p>\n<p>Realizzato in popeline leggero e traspirante, questo abito \u00e8 perfetto per la stagione primavera-estate, garantendo comfort e freschezza durante tutta la giornata. Ideale sia per outfit casual che per occasioni pi\u00f9 ricercate, \u00e8 facile da abbinare con sandali, sneakers o accessori pi\u00f9 sofisticati.<\/p>\n<p>&nbsp;<\/p>\n<p>Composizione: 100%COTONE MADE IN ITALY<br \/>\nStagione: ESTATE 2026<br \/>\nOrigine: MADE IN ITALY<\/p>\n","protected":false},"excerpt":{"rendered":"<p>Abito in popeline dal design femminile e contemporaneo, caratterizzato da maniche a palloncino che donano volume e un tocco romantico al look. La lunghezza sopra il ginocchio valorizza la figura, mentre lo scollo a V slancia la silhouette con eleganza. Realizzato in popeline leggero e traspirante, questo abito \u00e8 perfetto per la stagione primavera-estate, garantendo [&#8230;]\n","protected":false},"featured_media":329339,"template":"","meta":{"content-type":""},"product_brand":[],"product_cat":[2578,2544],"product_tag":[],"class_list":{"0":"post-326023","1":"product","2":"type-product","3":"status-publish","4":"has-post-thumbnail","6":"product_cat-abiti-p26","7":"product_cat-p26","9":"first","10":"instock","11":"taxable","12":"shipping-taxable","13":"purchasable","14":"product-type-variable"},"acf":[],"_links":{"self":[{"href":"https:\/\/www.myastreet.com\/es\/wp-json\/wp\/v2\/product\/326023","targetHints":{"allow":["GET"]}}],"collection":[{"href":"https:\/\/www.myastreet.com\/es\/wp-json\/wp\/v2\/product"}],"about":[{"href":"https:\/\/www.myastreet.com\/es\/wp-json\/wp\/v2\/types\/product"}],"wp:featuredmedia":[{"embeddable":true,"href":"https:\/\/www.myastreet.com\/es\/wp-json\/wp\/v2\/media\/329339"}],"wp:attachment":[{"href":"https:\/\/www.myastreet.com\/es\/wp-json\/wp\/v2\/media?parent=326023"}],"wp:term":[{"taxonomy":"product_brand","embeddable":true,"href":"https:\/\/www.myastreet.com\/es\/wp-json\/wp\/v2\/product_brand?post=326023"},{"taxonomy":"product_cat","embeddable":true,"href":"https:\/\/www.myastreet.com\/es\/wp-json\/wp\/v2\/product_cat?post=326023"},{"taxonomy":"product_tag","embeddable":true,"href":"https:\/\/www.myastreet.com\/es\/wp-json\/wp\/v2\/product_tag?post=326023"}],"curies":[{"name":"wp","href":"https:\/\/api.w.org\/{rel}","templated":true}]}}