










{"id":324836,"date":"2026-04-13T12:00:45","date_gmt":"2026-04-13T10:00:45","guid":{"rendered":"https:\/\/www.myastreet.com\/?post_type=product&#038;p=324836"},"modified":"2026-04-13T18:42:10","modified_gmt":"2026-04-13T16:42:10","slug":"kyf6740211-06-sciarpa","status":"publish","type":"product","link":"https:\/\/www.myastreet.com\/es\/prodotti\/kyf6740211-06-sciarpa\/","title":{"rendered":"FOULARD STAMPA CANI"},"content":{"rendered":"<p data-start=\"91\" data-end=\"360\">Foulard con stampa cani, un accessorio originale e versatile perfetto per completare ogni look della stagione primavera estate. La stampa distintiva aggiunge personalit\u00e0 e carattere, rendendo il foulard un elemento capace di valorizzare anche gli outfit pi\u00f9 essenziali.<\/p>\n<p data-start=\"362\" data-end=\"523\">Leggero e pratico, pu\u00f2 essere indossato in diversi modi: al collo, tra i capelli o come dettaglio su borse e accessori, offrendo infinite possibilit\u00e0 di styling.<\/p>\n<p>&nbsp;<\/p>\n<p>Composizione: 100%POLIESTERE MADE IN PRC<br \/>\nStagione: ESTATE 2026<br \/>\nOrigine: IDEATO IN ITALIA MADE IN PRC<\/p>\n","protected":false},"excerpt":{"rendered":"<p>Foulard con stampa cani, un accessorio originale e versatile perfetto per completare ogni look della stagione primavera estate. La stampa distintiva aggiunge personalit\u00e0 e carattere, rendendo il foulard un elemento capace di valorizzare anche gli outfit pi\u00f9 essenziali. Leggero e pratico, pu\u00f2 essere indossato in diversi modi: al collo, tra i capelli o come dettaglio [&#8230;]\n","protected":false},"featured_media":324992,"template":"","meta":{"content-type":""},"product_brand":[],"product_cat":[2706,2544],"product_tag":[],"class_list":{"0":"post-324836","1":"product","2":"type-product","3":"status-publish","4":"has-post-thumbnail","6":"product_cat-accessori-p26","7":"product_cat-p26","9":"first","10":"instock","11":"taxable","12":"shipping-taxable","13":"purchasable","14":"product-type-variable"},"acf":[],"_links":{"self":[{"href":"https:\/\/www.myastreet.com\/es\/wp-json\/wp\/v2\/product\/324836","targetHints":{"allow":["GET"]}}],"collection":[{"href":"https:\/\/www.myastreet.com\/es\/wp-json\/wp\/v2\/product"}],"about":[{"href":"https:\/\/www.myastreet.com\/es\/wp-json\/wp\/v2\/types\/product"}],"wp:featuredmedia":[{"embeddable":true,"href":"https:\/\/www.myastreet.com\/es\/wp-json\/wp\/v2\/media\/324992"}],"wp:attachment":[{"href":"https:\/\/www.myastreet.com\/es\/wp-json\/wp\/v2\/media?parent=324836"}],"wp:term":[{"taxonomy":"product_brand","embeddable":true,"href":"https:\/\/www.myastreet.com\/es\/wp-json\/wp\/v2\/product_brand?post=324836"},{"taxonomy":"product_cat","embeddable":true,"href":"https:\/\/www.myastreet.com\/es\/wp-json\/wp\/v2\/product_cat?post=324836"},{"taxonomy":"product_tag","embeddable":true,"href":"https:\/\/www.myastreet.com\/es\/wp-json\/wp\/v2\/product_tag?post=324836"}],"curies":[{"name":"wp","href":"https:\/\/api.w.org\/{rel}","templated":true}]}}