










{"id":324833,"date":"2026-04-10T17:08:04","date_gmt":"2026-04-10T15:08:04","guid":{"rendered":"https:\/\/www.myastreet.com\/?post_type=product&#038;p=324833"},"modified":"2026-04-13T18:42:09","modified_gmt":"2026-04-13T16:42:09","slug":"kyf6740204-06-sciarpa","status":"publish","type":"product","link":"https:\/\/www.myastreet.com\/es\/prodotti\/kyf6740204-06-sciarpa\/","title":{"rendered":"FOULARD FANTASIA GATTI"},"content":{"rendered":"<p data-start=\"69\" data-end=\"294\">Foulard donna con fantasia gatti, caratterizzato da stampa grafica tematica e design distintivo. Accessorio pensato per arricchire l\u2019offerta ecommerce con un prodotto originale, ad alta riconoscibilit\u00e0 e forte impatto visivo.<\/p>\n<p data-start=\"296\" data-end=\"563\">Realizzato in tessuto leggero e fluido, garantisce versatilit\u00e0 di utilizzo e facilit\u00e0 di styling. Pu\u00f2 essere indossato al collo, tra i capelli, annodato in vita o utilizzato come accessorio per borse, ampliando le opportunit\u00e0 di cross-selling all\u2019interno dello store.<\/p>\n<p>&nbsp;<\/p>\n<p>Composizione: 100%POLIESTERE MADE IN PRC<br \/>\nStagione: ESTATE 2026<br \/>\nOrigine: IDEATO IN ITALIA MADE IN PRC<\/p>\n","protected":false},"excerpt":{"rendered":"<p>Foulard donna con fantasia gatti, caratterizzato da stampa grafica tematica e design distintivo. Accessorio pensato per arricchire l\u2019offerta ecommerce con un prodotto originale, ad alta riconoscibilit\u00e0 e forte impatto visivo. Realizzato in tessuto leggero e fluido, garantisce versatilit\u00e0 di utilizzo e facilit\u00e0 di styling. Pu\u00f2 essere indossato al collo, tra i capelli, annodato in vita [&#8230;]\n","protected":false},"featured_media":325462,"template":"","meta":{"content-type":""},"product_brand":[],"product_cat":[2706,2544],"product_tag":[],"class_list":{"0":"post-324833","1":"product","2":"type-product","3":"status-publish","4":"has-post-thumbnail","6":"product_cat-accessori-p26","7":"product_cat-p26","9":"first","10":"instock","11":"taxable","12":"shipping-taxable","13":"purchasable","14":"product-type-variable"},"acf":[],"_links":{"self":[{"href":"https:\/\/www.myastreet.com\/es\/wp-json\/wp\/v2\/product\/324833","targetHints":{"allow":["GET"]}}],"collection":[{"href":"https:\/\/www.myastreet.com\/es\/wp-json\/wp\/v2\/product"}],"about":[{"href":"https:\/\/www.myastreet.com\/es\/wp-json\/wp\/v2\/types\/product"}],"wp:featuredmedia":[{"embeddable":true,"href":"https:\/\/www.myastreet.com\/es\/wp-json\/wp\/v2\/media\/325462"}],"wp:attachment":[{"href":"https:\/\/www.myastreet.com\/es\/wp-json\/wp\/v2\/media?parent=324833"}],"wp:term":[{"taxonomy":"product_brand","embeddable":true,"href":"https:\/\/www.myastreet.com\/es\/wp-json\/wp\/v2\/product_brand?post=324833"},{"taxonomy":"product_cat","embeddable":true,"href":"https:\/\/www.myastreet.com\/es\/wp-json\/wp\/v2\/product_cat?post=324833"},{"taxonomy":"product_tag","embeddable":true,"href":"https:\/\/www.myastreet.com\/es\/wp-json\/wp\/v2\/product_tag?post=324833"}],"curies":[{"name":"wp","href":"https:\/\/api.w.org\/{rel}","templated":true}]}}