










{"id":320808,"date":"2026-04-22T10:23:47","date_gmt":"2026-04-22T08:23:47","guid":{"rendered":"https:\/\/www.myastreet.com\/?post_type=product&#038;p=320808"},"modified":"2026-04-23T19:18:36","modified_gmt":"2026-04-23T17:18:36","slug":"espt153-06-pantalone","status":"publish","type":"product","link":"https:\/\/www.myastreet.com\/es\/prodotti\/espt153-06-pantalone\/","title":{"rendered":"PANTALONI CON TASCHE"},"content":{"rendered":"<p>Pantaloni da donna con tasche, ideali per un look pratico e versatile. Realizzati in tessuto confortevole, garantiscono comodit\u00e0 e libert\u00e0 di movimento. Le tasche aggiungono funzionalit\u00e0 senza rinunciare allo stile, rendendoli perfetti sia per outfit casual che pi\u00f9 curati. Facili da abbinare a camicie, top o giacche, sono un capo essenziale per ogni stagione.<\/p>\n<p>&nbsp;<\/p>\n<p>Composizione: 100%LYONCELL MADE IN ITALY<br \/>\nStagione: ESTATE 2026<br \/>\nOrigine: MADE IN ITALY<\/p>\n","protected":false},"excerpt":{"rendered":"<p>Pantaloni da donna con tasche, ideali per un look pratico e versatile. Realizzati in tessuto confortevole, garantiscono comodit\u00e0 e libert\u00e0 di movimento. Le tasche aggiungono funzionalit\u00e0 senza rinunciare allo stile, rendendoli perfetti sia per outfit casual che pi\u00f9 curati. Facili da abbinare a camicie, top o giacche, sono un capo essenziale per ogni stagione. &nbsp; [&#8230;]\n","protected":false},"featured_media":328925,"template":"","meta":{"content-type":""},"product_brand":[],"product_cat":[2726,2601,2728,2642],"product_tag":[],"class_list":{"0":"post-320808","1":"product","2":"type-product","3":"status-publish","4":"has-post-thumbnail","6":"product_cat-e26","7":"product_cat-ss26","8":"product_cat-pantaloni","9":"product_cat-trousers-ss26","11":"first","12":"instock","13":"taxable","14":"shipping-taxable","15":"purchasable","16":"product-type-variable"},"acf":[],"_links":{"self":[{"href":"https:\/\/www.myastreet.com\/es\/wp-json\/wp\/v2\/product\/320808","targetHints":{"allow":["GET"]}}],"collection":[{"href":"https:\/\/www.myastreet.com\/es\/wp-json\/wp\/v2\/product"}],"about":[{"href":"https:\/\/www.myastreet.com\/es\/wp-json\/wp\/v2\/types\/product"}],"wp:featuredmedia":[{"embeddable":true,"href":"https:\/\/www.myastreet.com\/es\/wp-json\/wp\/v2\/media\/328925"}],"wp:attachment":[{"href":"https:\/\/www.myastreet.com\/es\/wp-json\/wp\/v2\/media?parent=320808"}],"wp:term":[{"taxonomy":"product_brand","embeddable":true,"href":"https:\/\/www.myastreet.com\/es\/wp-json\/wp\/v2\/product_brand?post=320808"},{"taxonomy":"product_cat","embeddable":true,"href":"https:\/\/www.myastreet.com\/es\/wp-json\/wp\/v2\/product_cat?post=320808"},{"taxonomy":"product_tag","embeddable":true,"href":"https:\/\/www.myastreet.com\/es\/wp-json\/wp\/v2\/product_tag?post=320808"}],"curies":[{"name":"wp","href":"https:\/\/api.w.org\/{rel}","templated":true}]}}