










{"id":317513,"date":"2026-03-02T02:07:15","date_gmt":"2026-03-02T01:07:15","guid":{"rendered":"https:\/\/www.myastreet.com\/?post_type=product&#038;p=317513"},"modified":"2026-04-15T14:18:42","modified_gmt":"2026-04-15T12:18:42","slug":"kyf6770-06-sciarpe","status":"publish","type":"product","link":"https:\/\/www.myastreet.com\/es\/prodotti\/kyf6770-06-sciarpe\/","title":{"rendered":"SCIARPA FANTASIA"},"content":{"rendered":"<p>Sciarpa donna con fantasia decorativa, un accessorio moda capace di valorizzare qualsiasi outfit con un tocco distintivo e femminile. Le stampe donano movimento e personalit\u00e0 al look, rendendo questa sciarpa perfetta sia per abbinamenti casual che per outfit pi\u00f9 eleganti. Leggera e piacevole al tatto, pu\u00f2 essere indossata annodata al collo, lasciata morbida su blazer e cappotti oppure abbinata a maglieria e abiti per completare il look con stile. La fantasia aggiunge carattere anche agli outfit pi\u00f9 essenziali, trasformandoli in combinazioni moderne e ricercate.<\/p>\n<p>&nbsp;<\/p>\n<p>Composizione:100%POLIESTERE<br \/>\nStagione: PRIMAVERA 2026<br \/>\nOrigine: IDEATO IN ITALIA MADE IN PRC<\/p>\n","protected":false},"excerpt":{"rendered":"<p>Sciarpa donna con fantasia decorativa, un accessorio moda capace di valorizzare qualsiasi outfit con un tocco distintivo e femminile. Le stampe donano movimento e personalit\u00e0 al look, rendendo questa sciarpa perfetta sia per abbinamenti casual che per outfit pi\u00f9 eleganti. Leggera e piacevole al tatto, pu\u00f2 essere indossata annodata al collo, lasciata morbida su blazer [&#8230;]\n","protected":false},"featured_media":317767,"template":"","meta":{"content-type":""},"product_brand":[],"product_cat":[2706,2544],"product_tag":[],"class_list":{"0":"post-317513","1":"product","2":"type-product","3":"status-publish","4":"has-post-thumbnail","6":"product_cat-accessori-p26","7":"product_cat-p26","9":"first","10":"outofstock","11":"taxable","12":"shipping-taxable","13":"purchasable","14":"product-type-variable"},"acf":[],"_links":{"self":[{"href":"https:\/\/www.myastreet.com\/es\/wp-json\/wp\/v2\/product\/317513","targetHints":{"allow":["GET"]}}],"collection":[{"href":"https:\/\/www.myastreet.com\/es\/wp-json\/wp\/v2\/product"}],"about":[{"href":"https:\/\/www.myastreet.com\/es\/wp-json\/wp\/v2\/types\/product"}],"wp:featuredmedia":[{"embeddable":true,"href":"https:\/\/www.myastreet.com\/es\/wp-json\/wp\/v2\/media\/317767"}],"wp:attachment":[{"href":"https:\/\/www.myastreet.com\/es\/wp-json\/wp\/v2\/media?parent=317513"}],"wp:term":[{"taxonomy":"product_brand","embeddable":true,"href":"https:\/\/www.myastreet.com\/es\/wp-json\/wp\/v2\/product_brand?post=317513"},{"taxonomy":"product_cat","embeddable":true,"href":"https:\/\/www.myastreet.com\/es\/wp-json\/wp\/v2\/product_cat?post=317513"},{"taxonomy":"product_tag","embeddable":true,"href":"https:\/\/www.myastreet.com\/es\/wp-json\/wp\/v2\/product_tag?post=317513"}],"curies":[{"name":"wp","href":"https:\/\/api.w.org\/{rel}","templated":true}]}}