










{"id":309525,"date":"2026-02-01T13:47:52","date_gmt":"2026-02-01T12:47:52","guid":{"rendered":"https:\/\/www.myastreet.com\/?post_type=product&#038;p=309525"},"modified":"2026-04-28T16:03:47","modified_gmt":"2026-04-28T14:03:47","slug":"lm96142-06-abito","status":"publish","type":"product","link":"https:\/\/www.myastreet.com\/es\/prodotti\/lm96142-06-abito\/","title":{"rendered":"ABITO LUNGO FANTASIA PITONATA"},"content":{"rendered":"<p>Abito lungo da donna dal carattere deciso e femminile, pensato per valorizzare la silhouette con una linea fluida e slanciata. Il modello presenta spalline sottili regolabili e uno scollo profondo sul davanti, arricchito da un dettaglio centrale con laccetto che aggiunge sensualit\u00e0 e personalit\u00e0 al capo.<\/p>\n<p>Il retro con schiena scoperta esalta la femminilit\u00e0, mantenendo un equilibrio elegante e contemporaneo. La vestibilit\u00e0 scivolata accompagna naturalmente le forme, rendendo l\u2019abito ideale sia per occasioni speciali che per look estivi pi\u00f9 ricercati. La stampa di ispirazione animal dona carattere e rende il capo immediatamente riconoscibile.<\/p>\n<p>Perfetto per l\u2019e-commerce, questo abito \u00e8 una proposta versatile e di forte impatto, pensata per una donna sicura di s\u00e9 che ama distinguersi con stile.<\/p>\n<p>&nbsp;<\/p>\n<p>Composizione: 100%POLIESTERE MADE IN ITALY<br \/>\nStagione: PRIMAVERA 2026<br \/>\nOrigine: MADE IN ITALY<\/p>\n","protected":false},"excerpt":{"rendered":"<p>Abito lungo da donna dal carattere deciso e femminile, pensato per valorizzare la silhouette con una linea fluida e slanciata. Il modello presenta spalline sottili regolabili e uno scollo profondo sul davanti, arricchito da un dettaglio centrale con laccetto che aggiunge sensualit\u00e0 e personalit\u00e0 al capo. Il retro con schiena scoperta esalta la femminilit\u00e0, mantenendo [&#8230;]\n","protected":false},"featured_media":310687,"template":"","meta":{"content-type":""},"product_brand":[],"product_cat":[2578,2544],"product_tag":[],"class_list":{"0":"post-309525","1":"product","2":"type-product","3":"status-publish","4":"has-post-thumbnail","6":"product_cat-abiti-p26","7":"product_cat-p26","9":"first","10":"instock","11":"taxable","12":"shipping-taxable","13":"purchasable","14":"product-type-variable"},"acf":[],"_links":{"self":[{"href":"https:\/\/www.myastreet.com\/es\/wp-json\/wp\/v2\/product\/309525","targetHints":{"allow":["GET"]}}],"collection":[{"href":"https:\/\/www.myastreet.com\/es\/wp-json\/wp\/v2\/product"}],"about":[{"href":"https:\/\/www.myastreet.com\/es\/wp-json\/wp\/v2\/types\/product"}],"wp:featuredmedia":[{"embeddable":true,"href":"https:\/\/www.myastreet.com\/es\/wp-json\/wp\/v2\/media\/310687"}],"wp:attachment":[{"href":"https:\/\/www.myastreet.com\/es\/wp-json\/wp\/v2\/media?parent=309525"}],"wp:term":[{"taxonomy":"product_brand","embeddable":true,"href":"https:\/\/www.myastreet.com\/es\/wp-json\/wp\/v2\/product_brand?post=309525"},{"taxonomy":"product_cat","embeddable":true,"href":"https:\/\/www.myastreet.com\/es\/wp-json\/wp\/v2\/product_cat?post=309525"},{"taxonomy":"product_tag","embeddable":true,"href":"https:\/\/www.myastreet.com\/es\/wp-json\/wp\/v2\/product_tag?post=309525"}],"curies":[{"name":"wp","href":"https:\/\/api.w.org\/{rel}","templated":true}]}}