










{"id":302320,"date":"2026-01-08T20:05:10","date_gmt":"2026-01-08T19:05:10","guid":{"rendered":"https:\/\/www.myastreet.com\/?post_type=product&#038;p=302320"},"modified":"2026-04-10T14:19:00","modified_gmt":"2026-04-10T12:19:00","slug":"pu0057-06-camicia","status":"publish","type":"product","link":"https:\/\/www.myastreet.com\/es\/prodotti\/pu0057-06-camicia\/","title":{"rendered":"CAMICIA CON APPLICAZIONI GIOIELLO STILE UTILITY"},"content":{"rendered":"<p>Camicia dal carattere deciso e femminile, ispirata allo stile utility rivisitato in chiave sofisticata. La struttura con colletto classico, tasche applicate sul davanti e spalle definite crea un equilibrio perfetto tra grinta e raffinatezza. Ogni camicia \u00e8 diversa l&#8217;una dall&#8217;altra in quanto il tessuto \u00e8 vintage.<br \/>\nLe applicazioni gioiello donano luminosit\u00e0 e rendono il capo protagonista, elevandolo da essenziale a statement piece.<br \/>\nLa vestibilit\u00e0 morbida assicura comfort e libert\u00e0 di movimento, ideale da indossare sia come camicia che come overshirt.<\/p>\n<p>&nbsp;<\/p>\n<p>Composizione: 100%COTONE MADE IN ITALY<br \/>\nStagione: PRIMAVERA 2026<br \/>\nOrigine: MADE IN ITALY<\/p>\n","protected":false},"excerpt":{"rendered":"<p>Camicia dal carattere deciso e femminile, ispirata allo stile utility rivisitato in chiave sofisticata. La struttura con colletto classico, tasche applicate sul davanti e spalle definite crea un equilibrio perfetto tra grinta e raffinatezza. Ogni camicia \u00e8 diversa l&#8217;una dall&#8217;altra in quanto il tessuto \u00e8 vintage. Le applicazioni gioiello donano luminosit\u00e0 e rendono il capo [&#8230;]\n","protected":false},"featured_media":305871,"template":"","meta":{"content-type":""},"product_brand":[],"product_cat":[2606,2601],"product_tag":[],"class_list":{"0":"post-302320","1":"product","2":"type-product","3":"status-publish","4":"has-post-thumbnail","6":"product_cat-blouses-shirts-ss26","7":"product_cat-ss26","9":"first","10":"outofstock","11":"taxable","12":"shipping-taxable","13":"purchasable","14":"product-type-variable"},"acf":[],"_links":{"self":[{"href":"https:\/\/www.myastreet.com\/es\/wp-json\/wp\/v2\/product\/302320","targetHints":{"allow":["GET"]}}],"collection":[{"href":"https:\/\/www.myastreet.com\/es\/wp-json\/wp\/v2\/product"}],"about":[{"href":"https:\/\/www.myastreet.com\/es\/wp-json\/wp\/v2\/types\/product"}],"wp:featuredmedia":[{"embeddable":true,"href":"https:\/\/www.myastreet.com\/es\/wp-json\/wp\/v2\/media\/305871"}],"wp:attachment":[{"href":"https:\/\/www.myastreet.com\/es\/wp-json\/wp\/v2\/media?parent=302320"}],"wp:term":[{"taxonomy":"product_brand","embeddable":true,"href":"https:\/\/www.myastreet.com\/es\/wp-json\/wp\/v2\/product_brand?post=302320"},{"taxonomy":"product_cat","embeddable":true,"href":"https:\/\/www.myastreet.com\/es\/wp-json\/wp\/v2\/product_cat?post=302320"},{"taxonomy":"product_tag","embeddable":true,"href":"https:\/\/www.myastreet.com\/es\/wp-json\/wp\/v2\/product_tag?post=302320"}],"curies":[{"name":"wp","href":"https:\/\/api.w.org\/{rel}","templated":true}]}}