










{"id":292985,"date":"2025-10-29T16:00:06","date_gmt":"2025-10-29T15:00:06","guid":{"rendered":"https:\/\/www.myastreet.com\/?post_type=product&#038;p=292985"},"modified":"2026-02-10T16:00:49","modified_gmt":"2026-02-10T15:00:49","slug":"u405-90-maglia","status":"publish","type":"product","link":"https:\/\/www.myastreet.com\/es\/prodotti\/u405-90-maglia\/","title":{"rendered":"MAGLIA CON LAVORAZIONE A TRECCE"},"content":{"rendered":"<p>Pullover lavorato a trecce, caratterizzato da un collo alto a coste che dona struttura e calore. La texture tridimensionale del punto treccia valorizza il capo con un effetto artigianale e raffinato, mentre la linea leggermente corta e la vestibilit\u00e0 morbida rendono il modello attuale e femminile. Perfetto per la stagione fredda, \u00e8 un capo versatile che unisce comfort, stile e qualit\u00e0 \u2014 in pieno spirito Myastreet.<\/p>\n<p>Composizione: 43%ACRILICO 30%POLIESTERE 27%POLIAMMIDE MADE IN PRC<br \/>\nStagione: INVERNO 2025<br \/>\nOrigine: IDEATO IN ITALIA MADE IN PRC<\/p>\n","protected":false},"excerpt":{"rendered":"<p>Pullover lavorato a trecce, caratterizzato da un collo alto a coste che dona struttura e calore. La texture tridimensionale del punto treccia valorizza il capo con un effetto artigianale e raffinato, mentre la linea leggermente corta e la vestibilit\u00e0 morbida rendono il modello attuale e femminile. Perfetto per la stagione fredda, \u00e8 un capo versatile [&#8230;]\n","protected":false},"featured_media":294176,"template":"","meta":{"content-type":""},"product_brand":[],"product_cat":[1501,1697,1515,1729,1516,2539],"product_tag":[],"class_list":{"0":"post-292985","1":"product","2":"type-product","3":"status-publish","4":"has-post-thumbnail","6":"product_cat-hw25-26","7":"product_cat-i25-de","8":"product_cat-pullover-h25","9":"product_cat-maglie","10":"product_cat-strickwaren-h25","11":"product_cat-xmas-sale-de","13":"first","14":"instock","15":"sale","16":"taxable","17":"shipping-taxable","18":"purchasable","19":"product-type-variable"},"acf":[],"_links":{"self":[{"href":"https:\/\/www.myastreet.com\/es\/wp-json\/wp\/v2\/product\/292985","targetHints":{"allow":["GET"]}}],"collection":[{"href":"https:\/\/www.myastreet.com\/es\/wp-json\/wp\/v2\/product"}],"about":[{"href":"https:\/\/www.myastreet.com\/es\/wp-json\/wp\/v2\/types\/product"}],"wp:featuredmedia":[{"embeddable":true,"href":"https:\/\/www.myastreet.com\/es\/wp-json\/wp\/v2\/media\/294176"}],"wp:attachment":[{"href":"https:\/\/www.myastreet.com\/es\/wp-json\/wp\/v2\/media?parent=292985"}],"wp:term":[{"taxonomy":"product_brand","embeddable":true,"href":"https:\/\/www.myastreet.com\/es\/wp-json\/wp\/v2\/product_brand?post=292985"},{"taxonomy":"product_cat","embeddable":true,"href":"https:\/\/www.myastreet.com\/es\/wp-json\/wp\/v2\/product_cat?post=292985"},{"taxonomy":"product_tag","embeddable":true,"href":"https:\/\/www.myastreet.com\/es\/wp-json\/wp\/v2\/product_tag?post=292985"}],"curies":[{"name":"wp","href":"https:\/\/api.w.org\/{rel}","templated":true}]}}