










{"id":281946,"date":"2025-09-09T08:05:18","date_gmt":"2025-09-09T06:05:18","guid":{"rendered":"https:\/\/www.myastreet.com\/?post_type=product&#038;p=281946"},"modified":"2026-01-22T17:49:59","modified_gmt":"2026-01-22T16:49:59","slug":"m2308-90-cappotto","status":"publish","type":"product","link":"https:\/\/www.myastreet.com\/es\/prodotti\/m2308-90-cappotto\/","title":{"rendered":"CAPPOTTO EFFETTO PELLICCIA CON TASCHE FRONTALI"},"content":{"rendered":"<p>Cappotto donna firmato <strong data-start=\"150\" data-end=\"163\">Myastreet<\/strong>, caratterizzato da <strong data-start=\"183\" data-end=\"204\">effetto pelliccia<\/strong> morbido e avvolgente che dona comfort e calore durante la stagione fredda. Il design lungo con <strong data-start=\"300\" data-end=\"319\" data-is-only-node=\"\">tasche frontali<\/strong> e revers classici unisce praticit\u00e0 ed eleganza, rendendolo un capo versatile e di tendenza. Perfetto per completare look casual chic o pi\u00f9 sofisticati, \u00e8 un <strong data-start=\"477\" data-end=\"503\">must-have di outerwear<\/strong> per la donna che ama distinguersi con stile e personalit\u00e0.<\/p>\n<p>&nbsp;<\/p>\n<p>Composizione: 90%NYLON 5%POLIESTERE 5%VISCOSE MADE IN PRC<br \/>\nStagione: AUTUNNO 2025<br \/>\nOrigine: IDEATO IN ITALIA MADE IN PRC<\/p>\n","protected":false},"excerpt":{"rendered":"<p>Cappotto donna firmato Myastreet, caratterizzato da effetto pelliccia morbido e avvolgente che dona comfort e calore durante la stagione fredda. Il design lungo con tasche frontali e revers classici unisce praticit\u00e0 ed eleganza, rendendolo un capo versatile e di tendenza. Perfetto per completare look casual chic o pi\u00f9 sofisticati, \u00e8 un must-have di outerwear per [&#8230;]\n","protected":false},"featured_media":283088,"template":"","meta":{"content-type":""},"product_brand":[],"product_cat":[1446,1383,1392,2536],"product_tag":[],"class_list":{"0":"post-281946","1":"product","2":"type-product","3":"status-publish","4":"has-post-thumbnail","6":"product_cat-cappotti-a25","7":"product_cat-a25","8":"product_cat-maglieria-a25","9":"product_cat-xmas-sale","11":"first","12":"instock","13":"sale","14":"taxable","15":"shipping-taxable","16":"purchasable","17":"product-type-variable"},"acf":[],"_links":{"self":[{"href":"https:\/\/www.myastreet.com\/es\/wp-json\/wp\/v2\/product\/281946","targetHints":{"allow":["GET"]}}],"collection":[{"href":"https:\/\/www.myastreet.com\/es\/wp-json\/wp\/v2\/product"}],"about":[{"href":"https:\/\/www.myastreet.com\/es\/wp-json\/wp\/v2\/types\/product"}],"wp:featuredmedia":[{"embeddable":true,"href":"https:\/\/www.myastreet.com\/es\/wp-json\/wp\/v2\/media\/283088"}],"wp:attachment":[{"href":"https:\/\/www.myastreet.com\/es\/wp-json\/wp\/v2\/media?parent=281946"}],"wp:term":[{"taxonomy":"product_brand","embeddable":true,"href":"https:\/\/www.myastreet.com\/es\/wp-json\/wp\/v2\/product_brand?post=281946"},{"taxonomy":"product_cat","embeddable":true,"href":"https:\/\/www.myastreet.com\/es\/wp-json\/wp\/v2\/product_cat?post=281946"},{"taxonomy":"product_tag","embeddable":true,"href":"https:\/\/www.myastreet.com\/es\/wp-json\/wp\/v2\/product_tag?post=281946"}],"curies":[{"name":"wp","href":"https:\/\/api.w.org\/{rel}","templated":true}]}}