










{"id":274759,"date":"2025-08-05T15:00:11","date_gmt":"2025-08-05T13:00:11","guid":{"rendered":"https:\/\/www.myastreet.com\/?post_type=product&#038;p=274759"},"modified":"2026-04-14T14:19:36","modified_gmt":"2026-04-14T12:19:36","slug":"espo567-90-pantaloni-maculati","status":"publish","type":"product","link":"https:\/\/www.myastreet.com\/es\/prodotti\/espo567-90-pantaloni-maculati\/","title":{"rendered":"PANTALONI FANTASIA MACULATA"},"content":{"rendered":"<p>Pantaloni da donna con fantasia maculata, perfetti per dare carattere a qualsiasi look. Il design attuale e la stampa animalier creano un mix di grinta e femminilit\u00e0, ideale per chi ama distinguersi con stile. Realizzati in cotone morbido, offrono una vestibilit\u00e0 comoda e versatile. Perfetti con camicie, blazer o t-shirt basic, si adattano sia a look casual che a outfit pi\u00f9 ricercati.<\/p>\n<p>&nbsp;<\/p>\n<p>Composizione: 100%COTONE 100%POLIESTERE<br \/>\nStagione: AUTUNNO 2025<br \/>\nOrigine: MADE IN ITALY<\/p>\n","protected":false},"excerpt":{"rendered":"<p>Pantaloni da donna con fantasia maculata, perfetti per dare carattere a qualsiasi look. Il design attuale e la stampa animalier creano un mix di grinta e femminilit\u00e0, ideale per chi ama distinguersi con stile. Realizzati in cotone morbido, offrono una vestibilit\u00e0 comoda e versatile. Perfetti con camicie, blazer o t-shirt basic, si adattano sia a [&#8230;]\n","protected":false},"featured_media":276254,"template":"","meta":{"content-type":""},"product_brand":[],"product_cat":[1399,1441,2537],"product_tag":[],"class_list":{"0":"post-274759","1":"product","2":"type-product","3":"status-publish","4":"has-post-thumbnail","6":"product_cat-fw25-26","7":"product_cat-trousers-f25","8":"product_cat-xmas-sale-en","10":"first","11":"instock","12":"sale","13":"taxable","14":"shipping-taxable","15":"purchasable","16":"product-type-variable"},"acf":[],"_links":{"self":[{"href":"https:\/\/www.myastreet.com\/es\/wp-json\/wp\/v2\/product\/274759","targetHints":{"allow":["GET"]}}],"collection":[{"href":"https:\/\/www.myastreet.com\/es\/wp-json\/wp\/v2\/product"}],"about":[{"href":"https:\/\/www.myastreet.com\/es\/wp-json\/wp\/v2\/types\/product"}],"wp:featuredmedia":[{"embeddable":true,"href":"https:\/\/www.myastreet.com\/es\/wp-json\/wp\/v2\/media\/276254"}],"wp:attachment":[{"href":"https:\/\/www.myastreet.com\/es\/wp-json\/wp\/v2\/media?parent=274759"}],"wp:term":[{"taxonomy":"product_brand","embeddable":true,"href":"https:\/\/www.myastreet.com\/es\/wp-json\/wp\/v2\/product_brand?post=274759"},{"taxonomy":"product_cat","embeddable":true,"href":"https:\/\/www.myastreet.com\/es\/wp-json\/wp\/v2\/product_cat?post=274759"},{"taxonomy":"product_tag","embeddable":true,"href":"https:\/\/www.myastreet.com\/es\/wp-json\/wp\/v2\/product_tag?post=274759"}],"curies":[{"name":"wp","href":"https:\/\/api.w.org\/{rel}","templated":true}]}}