










{"id":269687,"date":"2025-09-05T08:59:47","date_gmt":"2025-09-05T06:59:47","guid":{"rendered":"https:\/\/www.myastreet.com\/?post_type=product&#038;p=269687"},"modified":"2026-03-14T11:17:40","modified_gmt":"2026-03-14T10:17:40","slug":"am869-90-camicia-a-righe","status":"publish","type":"product","link":"https:\/\/www.myastreet.com\/es\/prodotti\/am869-90-camicia-a-righe\/","title":{"rendered":"CAMICIA A RIGHE CON FIOCCO"},"content":{"rendered":"<p>La camicia donna a righe con fiocco Myastreet \u00e8 un capo raffinato che unisce eleganza classica e modernit\u00e0. Il dettaglio del fiocco al collo aggiunge femminilit\u00e0 e personalit\u00e0, mentre le righe verticali slanciano la figura con un effetto sofisticato. Perfetta da indossare con pantaloni sartoriali per look professionali o con denim per outfit pi\u00f9 casual-chic. Un must-have per negozianti che vogliono proporre alle proprie clienti un capo versatile, elegante e sempre di tendenza.<\/p>\n<p>&nbsp;<\/p>\n<p>Composizione: 100%VISCOSA<br \/>\nStagione: AUTUNNO 2025<br \/>\nOrigine: MADE IN ITALY<\/p>\n","protected":false},"excerpt":{"rendered":"<p>La camicia donna a righe con fiocco Myastreet \u00e8 un capo raffinato che unisce eleganza classica e modernit\u00e0. Il dettaglio del fiocco al collo aggiunge femminilit\u00e0 e personalit\u00e0, mentre le righe verticali slanciano la figura con un effetto sofisticato. Perfetta da indossare con pantaloni sartoriali per look professionali o con denim per outfit pi\u00f9 casual-chic. [&#8230;]\n","protected":false},"featured_media":280913,"template":"","meta":{"content-type":""},"product_brand":[],"product_cat":[1401,1408,2541],"product_tag":[],"class_list":{"0":"post-269687","1":"product","2":"type-product","3":"status-publish","4":"has-post-thumbnail","6":"product_cat-oi25-26","7":"product_cat-blusas-camisas-o25","8":"product_cat-xmas-sale-es","10":"first","11":"instock","12":"sale","13":"taxable","14":"shipping-taxable","15":"purchasable","16":"product-type-variable"},"acf":[],"_links":{"self":[{"href":"https:\/\/www.myastreet.com\/es\/wp-json\/wp\/v2\/product\/269687","targetHints":{"allow":["GET"]}}],"collection":[{"href":"https:\/\/www.myastreet.com\/es\/wp-json\/wp\/v2\/product"}],"about":[{"href":"https:\/\/www.myastreet.com\/es\/wp-json\/wp\/v2\/types\/product"}],"wp:featuredmedia":[{"embeddable":true,"href":"https:\/\/www.myastreet.com\/es\/wp-json\/wp\/v2\/media\/280913"}],"wp:attachment":[{"href":"https:\/\/www.myastreet.com\/es\/wp-json\/wp\/v2\/media?parent=269687"}],"wp:term":[{"taxonomy":"product_brand","embeddable":true,"href":"https:\/\/www.myastreet.com\/es\/wp-json\/wp\/v2\/product_brand?post=269687"},{"taxonomy":"product_cat","embeddable":true,"href":"https:\/\/www.myastreet.com\/es\/wp-json\/wp\/v2\/product_cat?post=269687"},{"taxonomy":"product_tag","embeddable":true,"href":"https:\/\/www.myastreet.com\/es\/wp-json\/wp\/v2\/product_tag?post=269687"}],"curies":[{"name":"wp","href":"https:\/\/api.w.org\/{rel}","templated":true}]}}