










{"id":269441,"date":"2025-07-17T19:00:50","date_gmt":"2025-07-17T17:00:50","guid":{"rendered":"https:\/\/www.myastreet.com\/?post_type=product&#038;p=269441"},"modified":"2026-02-03T12:35:15","modified_gmt":"2026-02-03T11:35:15","slug":"m9326-90-cardigan-aperto-con-tasche","status":"publish","type":"product","link":"https:\/\/www.myastreet.com\/es\/prodotti\/m9326-90-cardigan-aperto-con-tasche\/","title":{"rendered":"CARDIGAN APERTO CON TASCHE"},"content":{"rendered":"<h4 data-start=\"72\" data-end=\"146\"><strong data-start=\"72\" data-end=\"146\">Cardigan aperto con tasche \u2013 Myastreet \u2013 Collezione FW 2025\/2026<\/strong><\/h4>\n<p data-start=\"148\" data-end=\"475\">Minimalismo raffinato e massima praticit\u00e0: il cardigan aperto con tasche firmato Myastreet \u00e8 un capo versatile, perfetto per la stagione Autunno\/Inverno 2025\/2026. Il design senza chiusure e la linea scivolata lo rendono ideale da indossare sopra maglie, camicie o abiti, per creare look stratificati dallo stile contemporaneo.<\/p>\n<p data-start=\"477\" data-end=\"770\">La spalla scesa e la vestibilit\u00e0 ampia assicurano comfort e libert\u00e0 di movimento, mentre le tasche applicate aggiungono funzionalit\u00e0 e un tocco casual. Il tessuto morbido e fluido rende questo cardigan perfetto sia per l\u2019ufficio che per il tempo libero, confermando la sua anima passe-partout.<\/p>\n<p data-start=\"772\" data-end=\"883\">Da indossare aperto con jeans, pantaloni dritti o gonne midi per un look rilassato ma curato in ogni dettaglio.<\/p>\n<p data-start=\"885\" data-end=\"914\"><strong data-start=\"885\" data-end=\"914\">Caratteristiche prodotto:<\/strong><\/p>\n<ul data-start=\"916\" data-end=\"1160\">\n<li data-start=\"916\" data-end=\"958\">\n<p data-start=\"918\" data-end=\"958\">Cardigan lungo da donna senza chiusure<\/p>\n<\/li>\n<li data-start=\"959\" data-end=\"988\">\n<p data-start=\"961\" data-end=\"988\">Design aperto sul davanti<\/p>\n<\/li>\n<li data-start=\"989\" data-end=\"1005\">\n<p data-start=\"991\" data-end=\"1005\">Spalla scesa<\/p>\n<\/li>\n<li data-start=\"1006\" data-end=\"1030\">\n<p data-start=\"1008\" data-end=\"1030\">Due tasche applicate<\/p>\n<\/li>\n<li data-start=\"1031\" data-end=\"1066\">\n<p data-start=\"1033\" data-end=\"1066\">Vestibilit\u00e0 morbida e rilassata<\/p>\n<\/li>\n<li data-start=\"1067\" data-end=\"1100\">\n<p data-start=\"1069\" data-end=\"1100\">Tessuto fluido e confortevole<\/p>\n<\/li>\n<li data-start=\"1101\" data-end=\"1131\">\n<p data-start=\"1103\" data-end=\"1131\">Lunghezza sotto ai fianchi<\/p>\n<\/li>\n<li data-start=\"1132\" data-end=\"1160\">\n<p data-start=\"1134\" data-end=\"1160\">Stile essenziale e moderno<\/p>\n<\/li>\n<\/ul>\n<p>Composizione: 49%VISCOSA 28%POLIESTERE 23%POLIAMMIDE<br \/>\nStagione: AUTUNNO 2025<br \/>\nOrigine: IDEATO IN ITALIA MADE IN PRC<\/p>\n","protected":false},"excerpt":{"rendered":"<p>Cardigan aperto con tasche \u2013 Myastreet \u2013 Collezione FW 2025\/2026 Minimalismo raffinato e massima praticit\u00e0: il cardigan aperto con tasche firmato Myastreet \u00e8 un capo versatile, perfetto per la stagione Autunno\/Inverno 2025\/2026. Il design senza chiusure e la linea scivolata lo rendono ideale da indossare sopra maglie, camicie o abiti, per creare look stratificati dallo [&#8230;]\n","protected":false},"featured_media":271318,"template":"","meta":{"content-type":""},"product_brand":[],"product_cat":[1400,1409,1439,2540],"product_tag":[],"class_list":{"0":"post-269441","1":"product","2":"type-product","3":"status-publish","4":"has-post-thumbnail","6":"product_cat-25-26","7":"product_cat---25","8":"product_cat-maglieria-25","9":"product_cat-xmas-sale-el","11":"first","12":"instock","13":"sale","14":"taxable","15":"shipping-taxable","16":"purchasable","17":"product-type-variable"},"acf":[],"_links":{"self":[{"href":"https:\/\/www.myastreet.com\/es\/wp-json\/wp\/v2\/product\/269441","targetHints":{"allow":["GET"]}}],"collection":[{"href":"https:\/\/www.myastreet.com\/es\/wp-json\/wp\/v2\/product"}],"about":[{"href":"https:\/\/www.myastreet.com\/es\/wp-json\/wp\/v2\/types\/product"}],"wp:featuredmedia":[{"embeddable":true,"href":"https:\/\/www.myastreet.com\/es\/wp-json\/wp\/v2\/media\/271318"}],"wp:attachment":[{"href":"https:\/\/www.myastreet.com\/es\/wp-json\/wp\/v2\/media?parent=269441"}],"wp:term":[{"taxonomy":"product_brand","embeddable":true,"href":"https:\/\/www.myastreet.com\/es\/wp-json\/wp\/v2\/product_brand?post=269441"},{"taxonomy":"product_cat","embeddable":true,"href":"https:\/\/www.myastreet.com\/es\/wp-json\/wp\/v2\/product_cat?post=269441"},{"taxonomy":"product_tag","embeddable":true,"href":"https:\/\/www.myastreet.com\/es\/wp-json\/wp\/v2\/product_tag?post=269441"}],"curies":[{"name":"wp","href":"https:\/\/api.w.org\/{rel}","templated":true}]}}