










{"id":328682,"date":"2026-04-01T14:22:26","date_gmt":"2026-04-01T12:22:26","guid":{"rendered":"https:\/\/www.myastreet.com\/dicen-de-nosotros\/"},"modified":"2026-04-22T12:17:23","modified_gmt":"2026-04-22T10:17:23","slug":"dicen-de-nosotros","status":"publish","type":"page","link":"https:\/\/www.myastreet.com\/es\/dicen-de-nosotros\/","title":{"rendered":"Dicen de nosotros"},"content":{"rendered":"<h2>Dicen de nosotros<\/h2>\n<p>Descubre las rese\u00f1as de los comerciantes que han elegido Myastreet para su negocio.<br data-start=\"83\" data-end=\"86\" \/>A trav\u00e9s de sus experiencias directas, contamos qu\u00e9 significa trabajar con una marca B2B de venta al por mayor de ropa de mujer fiable, atenta a las necesidades del retail y enfocada en el crecimiento de sus socios.<\/p>\n<div class=\"is-divider divider clearfix\" ><\/div>\n<div class=\"row\"  id=\"row-645250913\">\n\n\t<div id=\"col-1276815146\" class=\"col medium-4 small-12 large-4\"  >\n\t\t\t\t<div class=\"col-inner\"  >\n\t\t\t\n\t\t\t\n    <div class=\"box has-hover has-hover box-text-bottom\" >\n\n                  <div class=\"box-image \" style=\"width:18%;\">\n           <div class=\"box-image-inner image-cover\" style=\"border-radius:100%;padding-top:100%;\">\n              <img loading=\"lazy\" decoding=\"async\" width=\"1536\" height=\"2048\" src=\"https:\/\/www.myastreet.com\/wp-content\/uploads\/2026\/04\/Recensioni-clienti.jpeg\" class=\"attachment- size-\" alt=\"\" srcset=\"https:\/\/www.myastreet.com\/wp-content\/uploads\/2026\/04\/Recensioni-clienti.jpeg 1536w, https:\/\/www.myastreet.com\/wp-content\/uploads\/2026\/04\/Recensioni-clienti-225x300.jpeg 225w, https:\/\/www.myastreet.com\/wp-content\/uploads\/2026\/04\/Recensioni-clienti-768x1024.jpeg 768w, https:\/\/www.myastreet.com\/wp-content\/uploads\/2026\/04\/Recensioni-clienti-113x150.jpeg 113w, https:\/\/www.myastreet.com\/wp-content\/uploads\/2026\/04\/Recensioni-clienti-500x667.jpeg 500w, https:\/\/www.myastreet.com\/wp-content\/uploads\/2026\/04\/Recensioni-clienti-1200x1600.jpeg 1200w\" sizes=\"auto, (max-width: 1536px) 100vw, 1536px\" \/>                         <\/div>\n          <\/div>\n         \n          <div class=\"box-text text-center\" >\n                <div class=\"box-text-inner\">\n                  <h4 class=\"uppercase\">\n                    <span class=\"person-name\">Emanuele Moretti<\/span><br\/>\n                    <span class=\"person-title is-small thin-font op-7\">\n                      PROPIETARIO DE LA TIENDA DE ROPA MORETTI \u2013 MARTA (VT)                    <\/span>\n                  <\/h4>\n\t\t\t\t\t\n<div class=\"social-icons follow-icons\" ><span>Sigue la tienda en Instagram<\/span><a href=\"https:\/\/www.instagram.com\/abbigliamento_moretti\/\" target=\"_blank\" data-label=\"Instagram\" class=\"icon button circle is-outline tooltip instagram\" title=\"S\u00edguenos en Instagram\" aria-label=\"S\u00edguenos en Instagram\" rel=\"noopener nofollow\"><i class=\"icon-instagram\" aria-hidden=\"true\"><\/i><\/a><\/div>\n                <\/div>\n          <\/div>\n    <\/div>\n\n\t\n    \n\t<div class=\"img has-hover x md-x lg-x y md-y lg-y\" id=\"image_131647057\">\n\t\t\t\t\t\t\t\t<div class=\"img-inner dark\" >\n\t\t\t<img loading=\"lazy\" decoding=\"async\" width=\"1020\" height=\"574\" src=\"https:\/\/www.myastreet.com\/wp-content\/uploads\/2026\/04\/rivenditore-Myastreet-1024x576.jpeg\" class=\"attachment-large size-large\" alt=\"\" srcset=\"https:\/\/www.myastreet.com\/wp-content\/uploads\/2026\/04\/rivenditore-Myastreet-1024x576.jpeg 1024w, https:\/\/www.myastreet.com\/wp-content\/uploads\/2026\/04\/rivenditore-Myastreet-300x169.jpeg 300w, https:\/\/www.myastreet.com\/wp-content\/uploads\/2026\/04\/rivenditore-Myastreet-150x84.jpeg 150w, https:\/\/www.myastreet.com\/wp-content\/uploads\/2026\/04\/rivenditore-Myastreet-768x432.jpeg 768w, https:\/\/www.myastreet.com\/wp-content\/uploads\/2026\/04\/rivenditore-Myastreet-500x281.jpeg 500w, https:\/\/www.myastreet.com\/wp-content\/uploads\/2026\/04\/rivenditore-Myastreet-1200x675.jpeg 1200w, https:\/\/www.myastreet.com\/wp-content\/uploads\/2026\/04\/rivenditore-Myastreet.jpeg 2048w\" sizes=\"auto, (max-width: 1020px) 100vw, 1020px\" \/>\t\t\t\t\t\t\n\t\t\t\t\t<\/div>\n\t\t\t\t\t\t\t\t\n<style>\n#image_131647057 {\n  width: 100%;\n}\n<\/style>\n\t<\/div>\n\t\n\t\t<\/div>\n\t\t\t\t\t<\/div>\n\n\t\n\n\t<div id=\"col-1567536389\" class=\"col medium-8 small-12 large-8\"  >\n\t\t\t\t<div class=\"col-inner\"  >\n\t\t\t\n\t\t\t\n<div class=\"relative w-full mt-4 mb-1\">\n<div class=\"\">\n<div class=\"relative\">\n<div class=\"h-full min-h-0 min-w-0\">\n<div class=\"h-full min-h-0 min-w-0\">\n<div class=\"border border-token-border-light border-radius-3xl corner-superellipse\/1.1 rounded-3xl\">\n<div class=\"h-full w-full border-radius-3xl bg-token-bg-elevated-secondary corner-superellipse\/1.1 overflow-clip rounded-3xl lxnfua_clipPathFallback\">\n<div class=\"w-full overflow-x-hidden overflow-y-auto pe-11 pt-3\">\n<div class=\"relative z-0 flex max-w-full\">\n<div id=\"code-block-viewer\" class=\"q9tKkq_viewer cm-editor z-10 light:cm-light dark:cm-light flex h-full w-full flex-col items-stretch \u037c5 \u037cj\" dir=\"ltr\">\n<div class=\"cm-scroller\">\n<div class=\"cm-content q9tKkq_readonly\"><span style=\"font-size: 14.4px;\">\u2b50\u2b50\u2b50\u2b50\u2b50<\/span><\/div>\n<p><\/p>\n<div>\n<p data-start=\"0\" data-end=\"138\"><strong data-start=\"0\" data-end=\"138\">\u201cMyastreet me ha permitido introducir una propuesta diferente, mejorando las ventas con un equilibrio adecuado entre estilo y precio.\u201d<\/strong><\/p>\n<p data-start=\"140\" data-end=\"395\">Llevo m\u00e1s de 20 a\u00f1os trabajando en el sector de la moda y, desde joven, tuve la oportunidad de aprender el oficio siguiendo a mi padre. Esta experiencia me ha permitido desarrollar un profundo conocimiento del mercado y de las necesidades de los clientes.<\/p>\n<p data-start=\"397\" data-end=\"585\">En mi tienda selecciono constantemente nuevas prendas, en l\u00ednea con las tendencias del momento y con las demandas de mis clientas, manteniendo siempre un surtido actualizado y competitivo.<\/p>\n<p data-start=\"587\" data-end=\"659\">Realizo mis compras tanto online como a trav\u00e9s de canales tradicionales.<\/p>\n<p data-start=\"661\" data-end=\"886\"><strong data-start=\"661\" data-end=\"691\">\u00bfC\u00f3mo conociste Myastreet?<\/strong><br data-start=\"691\" data-end=\"694\" \/>Conoc\u00ed Myastreet en persona, en una etapa en la que estaba buscando nuevas marcas. Al visitar su almac\u00e9n en Prato, tuve la oportunidad de ver el producto de cerca y conocer mejor su propuesta.<\/p>\n<p data-start=\"888\" data-end=\"1189\"><strong data-start=\"888\" data-end=\"941\">\u00bfC\u00f3mo se integra la marca en tu oferta en tienda?<\/strong><br data-start=\"941\" data-end=\"944\" \/>Myastreet forma parte de una mezcla de tres marcas, con diferentes posicionamientos en cuanto a precio y propuesta. Esto me permite crear una oferta equilibrada, combinando distintos estilos y respondiendo a diversas necesidades de la clientela.<\/p>\n<p data-start=\"1191\" data-end=\"1299\"><strong data-start=\"1191\" data-end=\"1240\">\u00bfC\u00f3mo es trabajar con el equipo de Myastreet?<\/strong><br data-start=\"1240\" data-end=\"1243\" \/>Me encuentro bien, estoy satisfecho con la colaboraci\u00f3n.<\/p>\n<p data-start=\"1301\" data-end=\"1545\"><strong data-start=\"1301\" data-end=\"1370\">\u00bfCu\u00e1l es el principal punto fuerte de Myastreet seg\u00fan tu opini\u00f3n?<\/strong><br data-start=\"1370\" data-end=\"1373\" \/>El punto fuerte es la capacidad de ofrecer productos actuales, manteniendo un buen equilibrio entre propuesta y precio, especialmente en un mercado complejo como el actual.<\/p>\n<p data-start=\"1547\" data-end=\"1755\"><strong data-start=\"1547\" data-end=\"1614\">\u00bfMyastreet ha mejorado las ventas en tu tienda? \u00bfDe qu\u00e9 manera?<\/strong><br data-start=\"1614\" data-end=\"1617\" \/>S\u00ed, ha contribuido a mejorar las ventas introduciendo una gama diferente respecto a la que ya ten\u00eda en la tienda, ampliando as\u00ed la oferta.<\/p>\n<p data-start=\"1757\" data-end=\"1909\" data-is-last-node=\"\" data-is-only-node=\"\"><strong data-start=\"1757\" data-end=\"1796\">\u00bfRecomendar\u00edas Myastreet? \u00bfPor qu\u00e9?<\/strong><br data-start=\"1796\" data-end=\"1799\" \/>S\u00ed, lo recomiendo porque es un producto equilibrado que logra combinar propuesta y precio de manera coherente.<\/p>\n<\/div>\n<p><\/div>\n<p><\/div>\n<p><\/div>\n<p><\/div>\n<p><\/div>\n<p><\/div>\n<p><\/div>\n<p><\/div>\n<p><\/div>\n<p><\/div>\n<p><\/div>\n\t\t<\/div>\n\t\t\t\t\t<\/div>\n\n\t\n<\/div>\n\n\t<section class=\"section\" id=\"section_279806520\">\n\t\t<div class=\"section-bg fill\" >\n\t\t\t\t\t\t\t\t\t\n\t\t\t\n\n\t\t<\/div>\n\n\t\t\n\n\t\t<div class=\"section-content relative\">\n\t\t\t\n<div class=\"row\"  id=\"row-1702137594\">\n\n\t<div id=\"col-191135257\" class=\"col medium-4 small-12 large-4\"  >\n\t\t\t\t<div class=\"col-inner\"  >\n\t\t\t\n\t\t\t\n    <div class=\"box has-hover has-hover box-text-bottom\" >\n\n                  <div class=\"box-image \" style=\"width:18%;\">\n           <div class=\"box-image-inner image-cover\" style=\"border-radius:100%;padding-top:100%;\">\n              <img loading=\"lazy\" decoding=\"async\" width=\"979\" height=\"927\" src=\"https:\/\/www.myastreet.com\/wp-content\/uploads\/2026\/04\/WhatsApp-Image-2026-04-13-at-09.32.40-1.jpeg\" class=\"attachment- size-\" alt=\"\" srcset=\"https:\/\/www.myastreet.com\/wp-content\/uploads\/2026\/04\/WhatsApp-Image-2026-04-13-at-09.32.40-1.jpeg 979w, https:\/\/www.myastreet.com\/wp-content\/uploads\/2026\/04\/WhatsApp-Image-2026-04-13-at-09.32.40-1-300x284.jpeg 300w, https:\/\/www.myastreet.com\/wp-content\/uploads\/2026\/04\/WhatsApp-Image-2026-04-13-at-09.32.40-1-150x142.jpeg 150w, https:\/\/www.myastreet.com\/wp-content\/uploads\/2026\/04\/WhatsApp-Image-2026-04-13-at-09.32.40-1-768x727.jpeg 768w, https:\/\/www.myastreet.com\/wp-content\/uploads\/2026\/04\/WhatsApp-Image-2026-04-13-at-09.32.40-1-500x473.jpeg 500w\" sizes=\"auto, (max-width: 979px) 100vw, 979px\" \/>                         <\/div>\n          <\/div>\n         \n          <div class=\"box-text text-center\" >\n                <div class=\"box-text-inner\">\n                  <h4 class=\"uppercase\">\n                    <span class=\"person-name\">STABILINI<\/span><br\/>\n                    <span class=\"person-title is-small thin-font op-7\">\n                      TIENDA DE ROPA DESDE 1912 \u2013 G\u00c9NOVA                    <\/span>\n                  <\/h4>\n\t\t\t\t\t\n<div class=\"social-icons follow-icons\" ><span>Sigue la tienda en Instagram<\/span><a href=\"https:\/\/www.instagram.com\/stabiliniabbigliamento\/\" target=\"_blank\" data-label=\"Instagram\" class=\"icon button circle is-outline tooltip instagram\" title=\"S\u00edguenos en Instagram\" aria-label=\"S\u00edguenos en Instagram\" rel=\"noopener nofollow\"><i class=\"icon-instagram\" aria-hidden=\"true\"><\/i><\/a><\/div>\n                <\/div>\n          <\/div>\n    <\/div>\n\n\t\n    \n\t<div class=\"img has-hover x md-x lg-x y md-y lg-y\" id=\"image_508347018\">\n\t\t\t\t\t\t\t\t<div class=\"img-inner dark\" >\n\t\t\t<img loading=\"lazy\" decoding=\"async\" width=\"1020\" height=\"680\" src=\"https:\/\/www.myastreet.com\/wp-content\/uploads\/2026\/04\/WhatsApp-Image-2026-04-13-at-09.32.39-1024x683.jpeg\" class=\"attachment-large size-large\" alt=\"\" srcset=\"https:\/\/www.myastreet.com\/wp-content\/uploads\/2026\/04\/WhatsApp-Image-2026-04-13-at-09.32.39-1024x683.jpeg 1024w, https:\/\/www.myastreet.com\/wp-content\/uploads\/2026\/04\/WhatsApp-Image-2026-04-13-at-09.32.39-300x200.jpeg 300w, https:\/\/www.myastreet.com\/wp-content\/uploads\/2026\/04\/WhatsApp-Image-2026-04-13-at-09.32.39-150x100.jpeg 150w, https:\/\/www.myastreet.com\/wp-content\/uploads\/2026\/04\/WhatsApp-Image-2026-04-13-at-09.32.39-768x512.jpeg 768w, https:\/\/www.myastreet.com\/wp-content\/uploads\/2026\/04\/WhatsApp-Image-2026-04-13-at-09.32.39-500x333.jpeg 500w, https:\/\/www.myastreet.com\/wp-content\/uploads\/2026\/04\/WhatsApp-Image-2026-04-13-at-09.32.39-1200x800.jpeg 1200w, https:\/\/www.myastreet.com\/wp-content\/uploads\/2026\/04\/WhatsApp-Image-2026-04-13-at-09.32.39.jpeg 2048w\" sizes=\"auto, (max-width: 1020px) 100vw, 1020px\" \/>\t\t\t\t\t\t\n\t\t\t\t\t<\/div>\n\t\t\t\t\t\t\t\t\n<style>\n#image_508347018 {\n  width: 100%;\n}\n<\/style>\n\t<\/div>\n\t\n\t\t<\/div>\n\t\t\t\t\t<\/div>\n\n\t\n\n\t<div id=\"col-1485968449\" class=\"col medium-8 small-12 large-8\"  >\n\t\t\t\t<div class=\"col-inner\"  >\n\t\t\t\n\t\t\t\n<div class=\"relative w-full mt-4 mb-1\">\n<div class=\"\">\n<div class=\"relative\">\n<div class=\"h-full min-h-0 min-w-0\">\n<div class=\"h-full min-h-0 min-w-0\">\n<div class=\"border border-token-border-light border-radius-3xl corner-superellipse\/1.1 rounded-3xl\">\n<div class=\"h-full w-full border-radius-3xl bg-token-bg-elevated-secondary corner-superellipse\/1.1 overflow-clip rounded-3xl lxnfua_clipPathFallback\">\n<div class=\"w-full overflow-x-hidden overflow-y-auto pe-11 pt-3\">\n<div class=\"relative z-0 flex max-w-full\">\n<div id=\"code-block-viewer\" class=\"q9tKkq_viewer cm-editor z-10 light:cm-light dark:cm-light flex h-full w-full flex-col items-stretch \u037c5 \u037cj\" dir=\"ltr\">\n<div class=\"cm-scroller\">\n<div class=\"cm-content q9tKkq_readonly\"><span style=\"font-size: 14.4px;\">\u2b50\u2b50\u2b50\u2b50\u2b50<\/span><\/div>\n<p><\/p>\n<div>\n<section class=\"text-token-text-primary w-full focus:outline-none &#091;--shadow-height:45px&#093; has-data-writing-block:pointer-events-none has-data-writing-block:-mt-(--shadow-height) has-data-writing-block:pt-(--shadow-height) &#091;&amp;:has(&#091;data-writing-block&#093;)&gt;*&#093;:pointer-events-auto R6Vx5W_threadScrollVars scroll-mb-&#091;calc(var(--scroll-root-safe-area-inset-bottom,0px)+var(--thread-response-height))&#093; scroll-mt-(--header-height)\" dir=\"auto\" data-turn-id=\"340c5faa-98cf-48dd-994b-50610b466579\" data-testid=\"conversation-turn-107\" data-scroll-anchor=\"false\" data-turn=\"user\"><\/section>\n<section class=\"text-token-text-primary w-full focus:outline-none &#091;--shadow-height:45px&#093; has-data-writing-block:pointer-events-none has-data-writing-block:-mt-(--shadow-height) has-data-writing-block:pt-(--shadow-height) &#091;&amp;:has(&#091;data-writing-block&#093;)&gt;*&#093;:pointer-events-auto &#091;content-visibility:auto&#093; supports-&#091;content-visibility:auto&#093;:&#091;contain-intrinsic-size:auto_100lvh&#093; R6Vx5W_threadScrollVars scroll-mb-&#091;calc(var(--scroll-root-safe-area-inset-bottom,0px)+var(--thread-response-height))&#093; scroll-mt-&#091;calc(var(--header-height)+min(200px,max(70px,20svh)))&#093;\" dir=\"auto\" data-turn-id=\"request-WEB:a07147bf-dd29-4010-91a3-a8effd2b7ffe-54\" data-testid=\"conversation-turn-108\" data-scroll-anchor=\"false\" data-turn=\"assistant\">\n<div class=\"text-base my-auto mx-auto pb-10 &#091;--thread-content-margin:var(--thread-content-margin-xs,calc(var(--spacing)*4))&#093; @w-sm\/main:&#091;--thread-content-margin:var(--thread-content-margin-sm,calc(var(--spacing)*6))&#093; @w-lg\/main:&#091;--thread-content-margin:var(--thread-content-margin-lg,calc(var(--spacing)*16))&#093; px-(--thread-content-margin)\">\n<div class=\"&#091;--thread-content-max-width:40rem&#093; @w-lg\/main:&#091;--thread-content-max-width:48rem&#093; mx-auto max-w-(--thread-content-max-width) flex-1 group\/turn-messages focus-visible:outline-hidden relative flex w-full min-w-0 flex-col agent-turn\">\n<div class=\"flex max-w-full flex-col gap-4 grow\">\n<div class=\"min-h-8 text-message relative flex w-full flex-col items-end gap-2 text-start break-words whitespace-normal outline-none keyboard-focused:focus-ring &#091;.text-message+&amp;&#093;:mt-1\" dir=\"auto\" tabindex=\"0\" data-message-author-role=\"assistant\" data-message-id=\"74fd5e6c-32e8-45e5-bbe9-0aedc02372e8\" data-message-model-slug=\"gpt-5-3\" data-turn-start-message=\"true\">\n<div class=\"flex w-full flex-col gap-1 empty:hidden\">\n<div class=\"markdown prose dark:prose-invert w-full wrap-break-word light markdown-new-styling\">\n<p data-start=\"0\" data-end=\"74\"><strong data-start=\"0\" data-end=\"74\">\u201cEl principal punto fuerte de Myastreet es la relaci\u00f3n calidad-precio\u201d<\/strong><\/p>\n<p data-start=\"76\" data-end=\"446\">Somos Stabilini, una hist\u00f3rica tienda de ropa femenina en G\u00e9nova, en Via Sestri, activa desde 1912. Llevamos m\u00e1s de un siglo trabajando en el sector, seleccionando cuidadosamente las prendas a trav\u00e9s de muestrarios y pronto moda. Colaboramos con representantes para ver las colecciones y tambi\u00e9n gestionamos compras online, combinando tradici\u00f3n y flexibilidad operativa.<\/p>\n<p data-start=\"448\" data-end=\"478\"><strong data-start=\"448\" data-end=\"478\">\u00bfC\u00f3mo conociste Myastreet?<\/strong><\/p>\n<p data-start=\"480\" data-end=\"527\">Conocimos Myastreet a trav\u00e9s del representante.<\/p>\n<p data-start=\"529\" data-end=\"811\"><strong data-start=\"529\" data-end=\"582\">\u00bfC\u00f3mo se integra la marca en tu oferta en tienda?<\/strong><br data-start=\"582\" data-end=\"585\" \/>Las clientas reaccionan muy positivamente: valoran el buen ajuste y la excelente relaci\u00f3n calidad-precio. Las prendas no est\u00e1n pensadas solo para mujeres muy j\u00f3venes, sino para mujeres que quieren sentirse j\u00f3venes y a la moda.<\/p>\n<p data-start=\"813\" data-end=\"862\"><strong data-start=\"813\" data-end=\"862\">\u00bfC\u00f3mo es trabajar con el equipo de Myastreet?<\/strong><\/p>\n<p data-start=\"864\" data-end=\"974\">Muy bien: tanto el representante como el equipo del showroom son siempre amables, disponibles y profesionales.<\/p>\n<p data-start=\"976\" data-end=\"1045\"><strong data-start=\"976\" data-end=\"1045\">\u00bfCu\u00e1l es el principal punto fuerte de Myastreet seg\u00fan tu opini\u00f3n?<\/strong><\/p>\n<p data-start=\"1047\" data-end=\"1134\">El principal punto fuerte es la relaci\u00f3n calidad-precio, junto con un excelente ajuste.<\/p>\n<p data-start=\"1136\" data-end=\"1203\"><strong data-start=\"1136\" data-end=\"1203\">\u00bfMyastreet ha mejorado las ventas en tu tienda? \u00bfDe qu\u00e9 manera?<\/strong><\/p>\n<p data-start=\"1205\" data-end=\"1358\">S\u00ed, ha contribuido a mejorar las ventas gracias a la frescura del pronto moda, a los colores y a los modelos siempre nuevos en las diferentes temporadas.<\/p>\n<p data-start=\"1360\" data-end=\"1399\"><strong data-start=\"1360\" data-end=\"1399\">\u00bfRecomendar\u00edas Myastreet? \u00bfPor qu\u00e9?<\/strong><\/p>\n<p data-start=\"1401\" data-end=\"1482\" data-is-last-node=\"\" data-is-only-node=\"\">S\u00ed, porque es una empresa joven que ofrece una excelente relaci\u00f3n calidad-precio.<\/p>\n<\/div>\n<p><\/div>\n<p><\/div>\n<p><\/div>\n<p><\/div>\n<p><\/div>\n<p><\/section>\n<\/div>\n<p><\/div>\n<p><\/div>\n<p><\/div>\n<p><\/div>\n<p><\/div>\n<p><\/div>\n<p><\/div>\n<p><\/div>\n<p><\/div>\n<p><\/div>\n<p><\/div>\n\t\t<\/div>\n\t\t\t\t\t<\/div>\n\n\t\n<\/div>\n\t\t<\/div>\n\n\t\t\n<style>\n#section_279806520 {\n  padding-top: 30px;\n  padding-bottom: 30px;\n}\n<\/style>\n\t<\/section>\n\t\n\t<div id=\"gap-1210337149\" class=\"gap-element clearfix\" style=\"display:block; height:auto;\">\n\t\t\n<style>\n#gap-1210337149 {\n  padding-top: 30px;\n}\n<\/style>\n\t<\/div>\n\t\n<div class=\"message-box relative dark\" style=\"padding-top:15px;padding-bottom:15px;\"><div class=\"message-box-bg-image bg-fill fill\" ><\/div><div class=\"message-box-bg-overlay bg-fill fill\" ><\/div><div class=\"container relative\"><div class=\"inner last-reset\">\n<div class=\"row align-middle align-center\"  id=\"row-1755779944\">\n\n\t<div id=\"col-1216318330\" class=\"col medium-9 small-12 large-9\"  >\n\t\t\t\t<div class=\"col-inner\"  >\n\t\t\t\n\t\t\t\n<section class=\"text-token-text-primary w-full focus:outline-none &#091;--shadow-height:45px&#093; has-data-writing-block:pointer-events-none has-data-writing-block:-mt-(--shadow-height) has-data-writing-block:pt-(--shadow-height) &#091;&amp;:has(&#091;data-writing-block&#093;)&gt;*&#093;:pointer-events-auto &#091;content-visibility:auto&#093; supports-&#091;content-visibility:auto&#093;:&#091;contain-intrinsic-size:auto_100lvh&#093; R6Vx5W_threadScrollVars scroll-mb-&#091;calc(var(--scroll-root-safe-area-inset-bottom,0px)+var(--thread-response-height))&#093; scroll-mt-&#091;calc(var(--header-height)+min(200px,max(70px,20svh)))&#093;\" dir=\"auto\" data-turn-id=\"request-WEB:a07147bf-dd29-4010-91a3-a8effd2b7ffe-55\" data-testid=\"conversation-turn-110\" data-scroll-anchor=\"false\" data-turn=\"assistant\">\n<div class=\"text-base my-auto mx-auto pb-10 &#091;--thread-content-margin:var(--thread-content-margin-xs,calc(var(--spacing)*4))&#093; @w-sm\/main:&#091;--thread-content-margin:var(--thread-content-margin-sm,calc(var(--spacing)*6))&#093; @w-lg\/main:&#091;--thread-content-margin:var(--thread-content-margin-lg,calc(var(--spacing)*16))&#093; px-(--thread-content-margin)\">\n<div class=\"&#091;--thread-content-max-width:40rem&#093; @w-lg\/main:&#091;--thread-content-max-width:48rem&#093; mx-auto max-w-(--thread-content-max-width) flex-1 group\/turn-messages focus-visible:outline-hidden relative flex w-full min-w-0 flex-col agent-turn\">\n<div class=\"flex max-w-full flex-col gap-4 grow\">\n<div class=\"min-h-8 text-message relative flex w-full flex-col items-end gap-2 text-start break-words whitespace-normal outline-none keyboard-focused:focus-ring &#091;.text-message+&amp;&#093;:mt-1\" dir=\"auto\" tabindex=\"0\" data-message-author-role=\"assistant\" data-message-id=\"64b001bb-89de-4687-ae62-857b7324d839\" data-message-model-slug=\"gpt-5-3\" data-turn-start-message=\"true\">\n<div class=\"flex w-full flex-col gap-1 empty:hidden\">\n<div class=\"markdown prose dark:prose-invert w-full wrap-break-word light markdown-new-styling\">\n<h3 data-start=\"0\" data-end=\"40\"><em>\u00a1Convi\u00e9rtete en revendedor de Myastreet!<\/em><\/h3>\n<\/div>\n<\/div>\n<\/div>\n<\/div>\n<div class=\"z-0 flex min-h-&#091;46px&#093; justify-start\">\n<section class=\"text-token-text-primary w-full focus:outline-none &#091;--shadow-height:45px&#093; has-data-writing-block:pointer-events-none has-data-writing-block:-mt-(--shadow-height) has-data-writing-block:pt-(--shadow-height) &#091;&amp;:has(&#091;data-writing-block&#093;)&gt;*&#093;:pointer-events-auto &#091;content-visibility:auto&#093; supports-&#091;content-visibility:auto&#093;:&#091;contain-intrinsic-size:auto_100lvh&#093; R6Vx5W_threadScrollVars scroll-mb-&#091;calc(var(--scroll-root-safe-area-inset-bottom,0px)+var(--thread-response-height))&#093; scroll-mt-&#091;calc(var(--header-height)+min(200px,max(70px,20svh)))&#093;\" dir=\"auto\" data-turn-id=\"request-WEB:a07147bf-dd29-4010-91a3-a8effd2b7ffe-56\" data-testid=\"conversation-turn-112\" data-scroll-anchor=\"false\" data-turn=\"assistant\">\n<div class=\"text-base my-auto mx-auto pb-10 &#091;--thread-content-margin:var(--thread-content-margin-xs,calc(var(--spacing)*4))&#093; @w-sm\/main:&#091;--thread-content-margin:var(--thread-content-margin-sm,calc(var(--spacing)*6))&#093; @w-lg\/main:&#091;--thread-content-margin:var(--thread-content-margin-lg,calc(var(--spacing)*16))&#093; px-(--thread-content-margin)\">\n<div class=\"&#091;--thread-content-max-width:40rem&#093; @w-lg\/main:&#091;--thread-content-max-width:48rem&#093; mx-auto max-w-(--thread-content-max-width) flex-1 group\/turn-messages focus-visible:outline-hidden relative flex w-full min-w-0 flex-col agent-turn\">\n<div class=\"flex max-w-full flex-col gap-4 grow\">\n<div class=\"min-h-8 text-message relative flex w-full flex-col items-end gap-2 text-start break-words whitespace-normal outline-none keyboard-focused:focus-ring &#091;.text-message+&amp;&#093;:mt-1\" dir=\"auto\" tabindex=\"0\" data-message-author-role=\"assistant\" data-message-id=\"8c84a463-33dd-41db-96f6-6ba45626ac69\" data-message-model-slug=\"gpt-5-3\" data-turn-start-message=\"true\">\n<div class=\"flex w-full flex-col gap-1 empty:hidden\">\n<div class=\"markdown prose dark:prose-invert w-full wrap-break-word light markdown-new-styling\">\n<p data-start=\"0\" data-end=\"83\" data-is-last-node=\"\" data-is-only-node=\"\">Reg\u00edstrate para ver la lista de precios y realizar el primer pedido para tu tienda.<\/p>\n<\/div>\n<\/div>\n<\/div>\n<\/div>\n<\/div>\n<\/div>\n<\/section>\n<\/div>\n<p><\/p>\n<div class=\"mt-3 w-full empty:hidden\">\n<div class=\"text-center\"><\/div>\n<p><\/div>\n<p><\/div>\n<p><\/div>\n<p><\/section>\n<p><\/p>\n<div class=\"pointer-events-none -mt-px h-px translate-y-&#091;calc(var(--scroll-root-safe-area-inset-bottom)-14*var(--spacing))&#093;\" aria-hidden=\"true\"><\/div>\n\t\t<\/div>\n\t\t\t\t\t<\/div>\n\n\t\n\n\t<div id=\"col-1953288097\" class=\"col medium-2 small-12 large-2\"  >\n\t\t\t\t<div class=\"col-inner text-center\"  >\n\t\t\t\n\t\t\t\n<a href=\"https:\/\/www.myastreet.com\/es\/registrate\/\" class=\"button white is-outline\" style=\"border-radius:99px;\">\n\t\t<span>\u00a1Reg\u00edstrate ahora!<\/span>\n\t<\/a>\n\n\t\t<\/div>\n\t\t\t\t\t<\/div>\n\n\t\n<\/div>\n<\/div><\/div><\/div>\n","protected":false},"excerpt":{"rendered":"<p>Dicen de nosotros Descubre las rese\u00f1as de los comerciantes que han elegido Myastreet para su negocio.A trav\u00e9s de sus experiencias directas, contamos qu\u00e9 significa trabajar con una marca B2B de venta al por mayor de ropa de mujer fiable, atenta a las necesidades del retail y enfocada en el crecimiento de sus socios.<\/p>\n","protected":false},"author":6,"featured_media":0,"parent":0,"menu_order":0,"comment_status":"closed","ping_status":"closed","template":"","meta":{"content-type":"","footnotes":""},"class_list":["post-328682","page","type-page","status-publish","hentry"],"acf":[],"_links":{"self":[{"href":"https:\/\/www.myastreet.com\/es\/wp-json\/wp\/v2\/pages\/328682","targetHints":{"allow":["GET"]}}],"collection":[{"href":"https:\/\/www.myastreet.com\/es\/wp-json\/wp\/v2\/pages"}],"about":[{"href":"https:\/\/www.myastreet.com\/es\/wp-json\/wp\/v2\/types\/page"}],"author":[{"embeddable":true,"href":"https:\/\/www.myastreet.com\/es\/wp-json\/wp\/v2\/users\/6"}],"replies":[{"embeddable":true,"href":"https:\/\/www.myastreet.com\/es\/wp-json\/wp\/v2\/comments?post=328682"}],"version-history":[{"count":3,"href":"https:\/\/www.myastreet.com\/es\/wp-json\/wp\/v2\/pages\/328682\/revisions"}],"predecessor-version":[{"id":328685,"href":"https:\/\/www.myastreet.com\/es\/wp-json\/wp\/v2\/pages\/328682\/revisions\/328685"}],"wp:attachment":[{"href":"https:\/\/www.myastreet.com\/es\/wp-json\/wp\/v2\/media?parent=328682"}],"curies":[{"name":"wp","href":"https:\/\/api.w.org\/{rel}","templated":true}]}}