










{"id":262343,"date":"2025-04-17T13:29:52","date_gmt":"2025-04-17T11:29:52","guid":{"rendered":"https:\/\/www.myastreet.com\/showroom-b2b\/"},"modified":"2025-07-14T09:37:56","modified_gmt":"2025-07-14T07:37:56","slug":"showroom-b2b","status":"publish","type":"page","link":"https:\/\/www.myastreet.com\/es\/showroom-b2b\/","title":{"rendered":"SHOWROOM"},"content":{"rendered":"<h2 class=\"\" style=\"text-align: center;\" data-start=\"52\" data-end=\"79\"><strong data-start=\"55\" data-end=\"77\">SHOWROOM MYASTREET<\/strong><\/h2>\n<p class=\"\" style=\"text-align: center;\" data-start=\"80\" data-end=\"111\"><strong data-start=\"80\" data-end=\"111\">Donde el estilo toma forma.<\/strong><\/p>\n<p class=\"\" style=\"text-align: center;\" data-start=\"113\" data-end=\"345\">Descubre los showrooms de Myastreet, el coraz\u00f3n de nuestra marca. Espacios pensados para recibir a compradores, minoristas y profesionales del sector de la moda que desean experimentar de primera mano la calidad de nuestras prendas.<\/p>\n<p class=\"\" style=\"text-align: center;\" data-start=\"347\" data-end=\"453\">Estamos presentes en las principales ciudades italianas de la moda:<br data-start=\"414\" data-end=\"417\" \/><strong data-start=\"417\" data-end=\"453\">Mil\u00e1n, Prato, Bolonia y Brescia.<\/strong><\/p>\n<p class=\"\" style=\"text-align: center;\" data-start=\"455\" data-end=\"675\">En nuestros showrooms podr\u00e1s vivir una experiencia de compra personalizada, explorar las colecciones en primicia, recibir asesoramiento especializado y crear con nosotros una selecci\u00f3n pensada para destacar en tu tienda.<\/p>\n<p class=\"\" style=\"text-align: center;\" data-start=\"677\" data-end=\"878\">Reserva una cita para ver la colecci\u00f3n actual o descubrir las novedades de la pr\u00f3xima temporada. Nuestro equipo est\u00e1 a tu disposici\u00f3n para ayudarte a elegir las prendas m\u00e1s adecuadas para tu clientela.<\/p>\n<p class=\"\" style=\"text-align: center;\" data-start=\"880\" data-end=\"954\"><strong data-start=\"880\" data-end=\"954\">Visita nuestros showrooms y lleva la calidad de Myastreet a tu tienda.<\/strong><\/p>\n\n\t<section class=\"section\" id=\"section_1540646582\">\n\t\t<div class=\"section-bg fill\" >\n\t\t\t\t\t\t\t\t\t<div class=\"section-bg-overlay absolute fill\"><\/div>\n\t\t\t\n\n\t\t<\/div>\n\n\t\t\n\n\t\t<div class=\"section-content relative\">\n\t\t\t\n<div class=\"row row-large align-middle\"  id=\"row-476097408\">\n\n\t<div id=\"col-1774183836\" class=\"col medium-6 small-12 large-6\"  >\n\t\t\t\t<div class=\"col-inner\"  >\n\t\t\t\n\t\t\t\n\t<div class=\"img has-hover x md-x lg-x y md-y lg-y\" id=\"image_1162747674\">\n\t\t\t\t\t\t\t\t<div class=\"img-inner dark\" >\n\t\t\t<img loading=\"lazy\" decoding=\"async\" width=\"851\" height=\"315\" src=\"https:\/\/www.myastreet.com\/wp-content\/uploads\/2025\/04\/3-1.jpg\" class=\"attachment-large size-large\" alt=\"\" srcset=\"https:\/\/www.myastreet.com\/wp-content\/uploads\/2025\/04\/3-1.jpg 851w, https:\/\/www.myastreet.com\/wp-content\/uploads\/2025\/04\/3-1-300x111.jpg 300w, https:\/\/www.myastreet.com\/wp-content\/uploads\/2025\/04\/3-1-150x56.jpg 150w, https:\/\/www.myastreet.com\/wp-content\/uploads\/2025\/04\/3-1-768x284.jpg 768w, https:\/\/www.myastreet.com\/wp-content\/uploads\/2025\/04\/3-1-500x185.jpg 500w\" sizes=\"auto, (max-width: 851px) 100vw, 851px\" \/>\t\t\t\t\t\t\n\t\t\t\t\t<\/div>\n\t\t\t\t\t\t\t\t\n<style>\n#image_1162747674 {\n  width: 100%;\n}\n<\/style>\n\t<\/div>\n\t\n\t\t<\/div>\n\t\t\t\t\t<\/div>\n\n\t\n\n\t<div id=\"col-1789067159\" class=\"col medium-6 small-12 large-6\"  >\n\t\t\t\t<div class=\"col-inner text-left\"  >\n\t\t\t\n\t\t\t\n<h2 class=\"\" data-start=\"67\" data-end=\"108\"><strong data-start=\"70\" data-end=\"106\">SHOWROOM DE PRATO (SEDE CENTRAL)<\/strong><\/h2>\n<p class=\"\" data-start=\"109\" data-end=\"205\">Via Chemnitz, 15\/5<br data-start=\"127\" data-end=\"130\" \/>59100 \u2013 Prato (PO)<br data-start=\"148\" data-end=\"151\" \/>Tel\u00e9fono: +39 0574966483<br data-start=\"175\" data-end=\"178\" \/>E-mail: <a rel=\"noopener\" data-start=\"186\" data-end=\"205\">prato@myastreet.com<\/a><\/p>\n<p class=\"\" data-start=\"207\" data-end=\"257\"><strong data-start=\"207\" data-end=\"257\">Tambi\u00e9n abrimos los domingos de 10:00 a 17:00.<\/strong><\/p>\n<a href=\"http:\/\/wa.me\/+393519742290\" class=\"button primary\" rel=\"nofollow noopener\" target=\"_blank\">\n\t\t<span>Escr\u00edbenos<\/span>\n\t<\/a>\n\n\t\t<\/div>\n\t\t\t\t\t<\/div>\n\n\t\n<\/div>\n\t\t<\/div>\n\n\t\t\n<style>\n#section_1540646582 {\n  padding-top: 60px;\n  padding-bottom: 60px;\n  background-color: rgb(193, 193, 193);\n}\n#section_1540646582 .section-bg-overlay {\n  background-color: rgba(255, 255, 255, 0.85);\n}\n<\/style>\n\t<\/section>\n\t\n\n\t<section class=\"section\" id=\"section_718658966\">\n\t\t<div class=\"section-bg fill\" >\n\t\t\t\t\t\t\t\t\t<div class=\"section-bg-overlay absolute fill\"><\/div>\n\t\t\t\n\n\t\t<\/div>\n\n\t\t\n\n\t\t<div class=\"section-content relative\">\n\t\t\t\n<div class=\"row row-large align-middle\"  id=\"row-1653186532\">\n\n\t<div id=\"col-1818401464\" class=\"col medium-6 small-12 large-6\"  >\n\t\t\t\t<div class=\"col-inner text-left\"  >\n\t\t\t\n\t\t\t\n<h2 class=\"\" data-start=\"69\" data-end=\"97\"><strong data-start=\"72\" data-end=\"95\">SHOWROOM DE BRESCIA<\/strong><\/h2>\n<p class=\"\" data-start=\"98\" data-end=\"217\">Via Orzinuovi, 52A\/52B<br data-start=\"120\" data-end=\"123\" \/>25125 Brescia<br data-start=\"136\" data-end=\"139\" \/>Tel\u00e9fono: +39 0303534217<br data-start=\"163\" data-end=\"166\" \/>Fax: +39 0303547428<br data-start=\"185\" data-end=\"188\" data-is-only-node=\"\" \/>E-mail: <a rel=\"noopener\" data-start=\"196\" data-end=\"217\">brescia@myastreet.com<\/a><\/p>\n<a href=\"http:\/\/wa.me\/+393661452068\" class=\"button primary\" rel=\"nofollow noopener\" target=\"_blank\">\n\t\t<span>Escr\u00edbenos<\/span>\n\t<\/a>\n\n\t\t<\/div>\n\t\t\t\t\t<\/div>\n\n\t\n\n\t<div id=\"col-1620236185\" class=\"col medium-6 small-12 large-6\"  >\n\t\t\t\t<div class=\"col-inner\"  >\n\t\t\t\n\t\t\t\n\t<div class=\"img has-hover x md-x lg-x y md-y lg-y\" id=\"image_1573590870\">\n\t\t\t\t\t\t\t\t<div class=\"img-inner dark\" >\n\t\t\t<img loading=\"lazy\" decoding=\"async\" width=\"851\" height=\"315\" src=\"https:\/\/www.myastreet.com\/wp-content\/uploads\/2025\/04\/2-1.jpg\" class=\"attachment-large size-large\" alt=\"\" srcset=\"https:\/\/www.myastreet.com\/wp-content\/uploads\/2025\/04\/2-1.jpg 851w, https:\/\/www.myastreet.com\/wp-content\/uploads\/2025\/04\/2-1-300x111.jpg 300w, https:\/\/www.myastreet.com\/wp-content\/uploads\/2025\/04\/2-1-150x56.jpg 150w, https:\/\/www.myastreet.com\/wp-content\/uploads\/2025\/04\/2-1-768x284.jpg 768w, https:\/\/www.myastreet.com\/wp-content\/uploads\/2025\/04\/2-1-500x185.jpg 500w\" sizes=\"auto, (max-width: 851px) 100vw, 851px\" \/>\t\t\t\t\t\t\n\t\t\t\t\t<\/div>\n\t\t\t\t\t\t\t\t\n<style>\n#image_1573590870 {\n  width: 100%;\n}\n<\/style>\n\t<\/div>\n\t\n\t\t<\/div>\n\t\t\t\t\t<\/div>\n\n\t\n<\/div>\n\t\t<\/div>\n\n\t\t\n<style>\n#section_718658966 {\n  padding-top: 60px;\n  padding-bottom: 60px;\n  background-color: rgb(193, 193, 193);\n}\n#section_718658966 .section-bg-overlay {\n  background-color: rgba(255, 255, 255, 0.85);\n}\n<\/style>\n\t<\/section>\n\t\n\n\t<section class=\"section\" id=\"section_1105690638\">\n\t\t<div class=\"section-bg fill\" >\n\t\t\t\t\t\t\t\t\t<div class=\"section-bg-overlay absolute fill\"><\/div>\n\t\t\t\n\n\t\t<\/div>\n\n\t\t\n\n\t\t<div class=\"section-content relative\">\n\t\t\t\n<div class=\"row row-large align-middle\"  id=\"row-885720289\">\n\n\t<div id=\"col-826600232\" class=\"col medium-6 small-12 large-6\"  >\n\t\t\t\t<div class=\"col-inner\"  >\n\t\t\t\n\t\t\t\n\t<div class=\"img has-hover x md-x lg-x y md-y lg-y\" id=\"image_727695452\">\n\t\t\t\t\t\t\t\t<div class=\"img-inner dark\" >\n\t\t\t<img loading=\"lazy\" decoding=\"async\" width=\"851\" height=\"315\" src=\"https:\/\/www.myastreet.com\/wp-content\/uploads\/2025\/04\/5.jpg\" class=\"attachment-large size-large\" alt=\"\" srcset=\"https:\/\/www.myastreet.com\/wp-content\/uploads\/2025\/04\/5.jpg 851w, https:\/\/www.myastreet.com\/wp-content\/uploads\/2025\/04\/5-300x111.jpg 300w, https:\/\/www.myastreet.com\/wp-content\/uploads\/2025\/04\/5-150x56.jpg 150w, https:\/\/www.myastreet.com\/wp-content\/uploads\/2025\/04\/5-768x284.jpg 768w, https:\/\/www.myastreet.com\/wp-content\/uploads\/2025\/04\/5-500x185.jpg 500w\" sizes=\"auto, (max-width: 851px) 100vw, 851px\" \/>\t\t\t\t\t\t\n\t\t\t\t\t<\/div>\n\t\t\t\t\t\t\t\t\n<style>\n#image_727695452 {\n  width: 100%;\n}\n<\/style>\n\t<\/div>\n\t\n\t\t<\/div>\n\t\t\t\t\t<\/div>\n\n\t\n\n\t<div id=\"col-899299669\" class=\"col medium-6 small-12 large-6\"  >\n\t\t\t\t<div class=\"col-inner text-left\"  >\n\t\t\t\n\t\t\t\n<h2 class=\"\" data-start=\"69\" data-end=\"97\"><strong data-start=\"72\" data-end=\"95\">SHOWROOM DE BOLONIA<\/strong><\/h2>\n<p class=\"\" data-start=\"98\" data-end=\"243\">Via dei Lanaioli, Blocco 5 Centergross<br data-start=\"136\" data-end=\"139\" \/>40050 \u2013 Argelato (BO)<br data-start=\"160\" data-end=\"163\" \/>Tel\u00e9fono: +39 339 726 7713<br data-start=\"189\" data-end=\"192\" \/>Fax: +39 0516646841<br data-start=\"211\" data-end=\"214\" data-is-only-node=\"\" \/>E-mail: <a rel=\"noopener\" data-start=\"222\" data-end=\"243\">bologna@myastreet.com<\/a><\/p>\n<a href=\"http:\/\/wa.me\/+393397267713\" class=\"button primary\" rel=\"nofollow noopener\" target=\"_blank\">\n\t\t<span>Escr\u00edbenos<\/span>\n\t<\/a>\n\n\t\t<\/div>\n\t\t\t\t\t<\/div>\n\n\t\n<\/div>\n\t\t<\/div>\n\n\t\t\n<style>\n#section_1105690638 {\n  padding-top: 60px;\n  padding-bottom: 60px;\n  background-color: rgb(193, 193, 193);\n}\n#section_1105690638 .section-bg-overlay {\n  background-color: rgba(255, 255, 255, 0.85);\n}\n<\/style>\n\t<\/section>\n\t\n","protected":false},"excerpt":{"rendered":"<p>SHOWROOM MYASTREET Donde el estilo toma forma. Descubre los showrooms de Myastreet, el coraz\u00f3n de nuestra marca. Espacios pensados para recibir a compradores, minoristas y profesionales del sector de la moda que desean experimentar de primera mano la calidad de nuestras prendas. Estamos presentes en las principales ciudades italianas de la moda:Mil\u00e1n, Prato, Bolonia y [&#8230;]\n","protected":false},"author":6,"featured_media":0,"parent":0,"menu_order":0,"comment_status":"closed","ping_status":"closed","template":"","meta":{"content-type":"","footnotes":""},"class_list":["post-262343","page","type-page","status-publish","hentry"],"acf":[],"_links":{"self":[{"href":"https:\/\/www.myastreet.com\/es\/wp-json\/wp\/v2\/pages\/262343","targetHints":{"allow":["GET"]}}],"collection":[{"href":"https:\/\/www.myastreet.com\/es\/wp-json\/wp\/v2\/pages"}],"about":[{"href":"https:\/\/www.myastreet.com\/es\/wp-json\/wp\/v2\/types\/page"}],"author":[{"embeddable":true,"href":"https:\/\/www.myastreet.com\/es\/wp-json\/wp\/v2\/users\/6"}],"replies":[{"embeddable":true,"href":"https:\/\/www.myastreet.com\/es\/wp-json\/wp\/v2\/comments?post=262343"}],"version-history":[{"count":4,"href":"https:\/\/www.myastreet.com\/es\/wp-json\/wp\/v2\/pages\/262343\/revisions"}],"predecessor-version":[{"id":269607,"href":"https:\/\/www.myastreet.com\/es\/wp-json\/wp\/v2\/pages\/262343\/revisions\/269607"}],"wp:attachment":[{"href":"https:\/\/www.myastreet.com\/es\/wp-json\/wp\/v2\/media?parent=262343"}],"curies":[{"name":"wp","href":"https:\/\/api.w.org\/{rel}","templated":true}]}}