










{"id":198427,"date":"2022-04-06T10:02:44","date_gmt":"2022-04-06T08:02:44","guid":{"rendered":"https:\/\/www.myastreet.com\/account-non-verificato\/"},"modified":"2024-03-04T17:09:50","modified_gmt":"2024-03-04T16:09:50","slug":"account-non-verificato","status":"publish","type":"page","link":"https:\/\/www.myastreet.com\/es\/account-non-verificato\/","title":{"rendered":"Cuenta a\u00fan no verificada"},"content":{"rendered":"\n\t<section class=\"section\" id=\"section_276757065\">\n\t\t<div class=\"section-bg fill\" >\n\t\t\t\t\t\t\t\t\t\n\t\t\t\n\n\t\t<\/div>\n\n\t\t\n\n\t\t<div class=\"section-content relative\">\n\t\t\t\n<div class=\"row align-center\"  id=\"row-616331059\">\n\n\t<div id=\"col-1381994558\" class=\"col medium-8 small-12 large-8\"  >\n\t\t\t\t<div class=\"col-inner text-center dark\"  >\n\t\t\t\n\t\t\t\n<h2>Cuenta a\u00fan no verificada<\/h2>\n<p>Los productos ofrecidos en este sitio est\u00e1n destinados exclusivamente a usuarios profesionales, por este motivo el registro est\u00e1 condicionado a la verificaci\u00f3n por parte de uno de nuestros operadores.<\/p>\n<p>Generalmente nuestro servicio de atenci\u00f3n al cliente procesa las solicitudes dentro de los 2 d\u00edas h\u00e1biles, si a\u00fan no se han comunicado contigo puedes escribir un correo electr\u00f3nico a: info@myastreet.com<\/p>\n\t\t<\/div>\n\t\t\t\t\t<\/div>\n\n\t\n\n<style>\n#row-616331059 > .col > .col-inner {\n  padding: 80px 10% 80px 10%;\n  background-color: #000;\n}\n<\/style>\n<\/div>\n\t\t<\/div>\n\n\t\t\n<style>\n#section_276757065 {\n  padding-top: 60px;\n  padding-bottom: 60px;\n}\n<\/style>\n\t<\/section>\n\t\n","protected":false},"excerpt":{"rendered":"","protected":false},"author":1,"featured_media":0,"parent":0,"menu_order":0,"comment_status":"closed","ping_status":"closed","template":"","meta":{"content-type":"","footnotes":""},"class_list":["post-198427","page","type-page","status-publish","hentry"],"acf":[],"_links":{"self":[{"href":"https:\/\/www.myastreet.com\/es\/wp-json\/wp\/v2\/pages\/198427","targetHints":{"allow":["GET"]}}],"collection":[{"href":"https:\/\/www.myastreet.com\/es\/wp-json\/wp\/v2\/pages"}],"about":[{"href":"https:\/\/www.myastreet.com\/es\/wp-json\/wp\/v2\/types\/page"}],"author":[{"embeddable":true,"href":"https:\/\/www.myastreet.com\/es\/wp-json\/wp\/v2\/users\/1"}],"replies":[{"embeddable":true,"href":"https:\/\/www.myastreet.com\/es\/wp-json\/wp\/v2\/comments?post=198427"}],"version-history":[{"count":0,"href":"https:\/\/www.myastreet.com\/es\/wp-json\/wp\/v2\/pages\/198427\/revisions"}],"wp:attachment":[{"href":"https:\/\/www.myastreet.com\/es\/wp-json\/wp\/v2\/media?parent=198427"}],"curies":[{"name":"wp","href":"https:\/\/api.w.org\/{rel}","templated":true}]}}