










{"id":193848,"date":"2020-01-08T13:46:39","date_gmt":"2020-01-08T12:46:39","guid":{"rendered":"https:\/\/www.myastreet.com\/il-gruppo\/"},"modified":"2026-02-16T08:34:38","modified_gmt":"2026-02-16T07:34:38","slug":"quienes-somos","status":"publish","type":"page","link":"https:\/\/www.myastreet.com\/es\/quienes-somos\/","title":{"rendered":"Qui\u00e9nes somos"},"content":{"rendered":"\n\t<section class=\"section has-parallax\" id=\"section_1628169594\">\n\t\t<div class=\"section-bg fill\" data-parallax-container=\".section\" data-parallax-background data-parallax=\"-6\">\n\t\t\t<img loading=\"lazy\" decoding=\"async\" width=\"631\" height=\"769\" src=\"https:\/\/www.myastreet.com\/wp-content\/uploads\/2021\/07\/Schermata-2021-07-16-alle-10.32.26.png\" class=\"bg attachment-original size-original\" alt=\"\" \/>\t\t\t\t\t\t\n\t\t\t\n\n\t\t<\/div>\n\n\t\t\n\n\t\t<div class=\"section-content relative\">\n\t\t\t\n<div class=\"row row-collapse row-full-width align-middle\"  id=\"row-966310213\">\n\n\t<div id=\"col-1108124824\" class=\"col medium-12 small-12 large-12\"  >\n\t\t\t\t<div class=\"col-inner text-center dark\"  >\n\t\t\t\n\t\t\t\n\n  <div class=\"banner has-hover\" id=\"banner-1625720177\">\n          <div class=\"banner-inner fill\">\n        <div class=\"banner-bg fill\" >\n            <img loading=\"lazy\" decoding=\"async\" width=\"2560\" height=\"800\" src=\"https:\/\/www.myastreet.com\/wp-content\/uploads\/2024\/10\/Carosello_Completo-1-scaled.jpg\" class=\"bg attachment-original size-original\" alt=\"\" \/>                                    \n                    <\/div>\n\t\t\n        <div class=\"banner-layers container\">\n            <div class=\"fill banner-link\"><\/div>            \n   <div id=\"text-box-1634099494\" class=\"text-box banner-layer x50 md-x50 lg-x50 y50 md-y50 lg-y50 res-text\">\n                                <div class=\"text-box-content text \">\n              \n              <div class=\"text-inner text-center\">\n                  \n\t<div id=\"text-646660780\" class=\"text\">\n\t\t\n<h2 class=\"uppercase alt-font\">LA EMPRESA<\/h2>\n\t\t\n<style>\n#text-646660780 {\n  text-align: center;\n  color: rgb(255, 255, 255);\n}\n#text-646660780 > * {\n  color: rgb(255, 255, 255);\n}\n<\/style>\n\t<\/div>\n\t\n              <\/div>\n           <\/div>\n                            \n<style>\n#text-box-1634099494 {\n  width: 93%;\n}\n#text-box-1634099494 .text-box-content {\n  font-size: 136%;\n}\n@media (min-width:550px) {\n  #text-box-1634099494 {\n    width: 76%;\n  }\n  #text-box-1634099494 .text-box-content {\n    font-size: 100%;\n  }\n}\n<\/style>\n    <\/div>\n \n        <\/div>\n      <\/div>\n\n            \n<style>\n#banner-1625720177 {\n  padding-top: 563px;\n  background-color: rgba(255, 255, 255, 0);\n}\n@media (min-width:550px) {\n  #banner-1625720177 {\n    padding-top: 420px;\n  }\n}\n@media (min-width:850px) {\n  #banner-1625720177 {\n    padding-top: 400px;\n  }\n}\n<\/style>\n  <\/div>\n\n\n\t\t<\/div>\n\t\t\t\t\n<style>\n#col-1108124824 > .col-inner {\n  padding: 0px 0px 0px 0;\n}\n<\/style>\n\t<\/div>\n\n\t\n<\/div>\n\t\t<\/div>\n\n\t\t\n<style>\n#section_1628169594 {\n  padding-top: 0px;\n  padding-bottom: 0px;\n}\n#section_1628169594 .section-bg img {\n  object-position: 65% 36%;\n}\n<\/style>\n\t<\/section>\n\t\n\n\t<section class=\"section\" id=\"section_1191991559\">\n\t\t<div class=\"section-bg fill\" >\n\t\t\t\t\t\t\t\t\t\n\t\t\t\n\n\t\t<\/div>\n\n\t\t\n\n\t\t<div class=\"section-content relative\">\n\t\t\t\n<div class=\"row row-large align-center\"  id=\"row-966277963\">\n\n\t<div id=\"col-1875730696\" class=\"col medium-8 small-12 large-8\"  >\n\t\t\t\t<div class=\"col-inner\"  >\n\t\t\t\n\t\t\t\n<p data-start=\"0\" data-end=\"77\"><strong data-start=\"0\" data-end=\"77\">Qui\u00e9nes somos \u2013 Myastreet, moda femenina al por mayor elegante y vers\u00e1til<\/strong><\/p>\n<div class=\"flex flex-col text-sm pb-25\">\n<article class=\"text-token-text-primary w-full focus:outline-none &#091;--shadow-height:45px&#093; has-data-writing-block:pointer-events-none has-data-writing-block:-mt-(--shadow-height) has-data-writing-block:pt-(--shadow-height) &#091;&amp;:has(&#091;data-writing-block&#093;)&gt;*&#093;:pointer-events-auto scroll-mt-&#091;calc(var(--header-height)+min(200px,max(70px,20svh)))&#093;\" dir=\"auto\" tabindex=\"-1\" data-turn-id=\"request-WEB:91d90a34-f54f-46b6-b924-7d803abf0719-4\" data-testid=\"conversation-turn-10\" data-scroll-anchor=\"true\" data-turn=\"assistant\">\n<div class=\"text-base my-auto mx-auto pb-10 &#091;--thread-content-margin:--spacing(4)&#093; @w-sm\/main:&#091;--thread-content-margin:--spacing(6)&#093; @w-lg\/main:&#091;--thread-content-margin:--spacing(16)&#093; px-(--thread-content-margin)\">\n<div class=\"&#091;--thread-content-max-width:40rem&#093; @w-lg\/main:&#091;--thread-content-max-width:48rem&#093; mx-auto max-w-(--thread-content-max-width) flex-1 group\/turn-messages focus-visible:outline-hidden relative flex w-full min-w-0 flex-col agent-turn\" tabindex=\"-1\">\n<div class=\"flex max-w-full flex-col grow\">\n<div class=\"min-h-8 text-message relative flex w-full flex-col items-end gap-2 text-start break-words whitespace-normal &#091;.text-message+&amp;&#093;:mt-1\" dir=\"auto\" data-message-author-role=\"assistant\" data-message-id=\"54a10f3d-68be-4b59-b8c1-0539c0f473a5\" data-message-model-slug=\"gpt-5-2\">\n<div class=\"flex w-full flex-col gap-1 empty:hidden first:pt-&#091;1px&#093;\">\n<div class=\"markdown prose dark:prose-invert w-full wrap-break-word light markdown-new-styling\">\n<p data-start=\"79\" data-end=\"394\">Myastreet es una marca italiana especializada en moda femenina al por mayor, creada con el objetivo de ofrecer prendas vers\u00e1tiles que combinan elegancia, comodidad y funcionalidad. Nuestras colecciones est\u00e1n dise\u00f1adas para mujeres sofisticadas, din\u00e1micas y contempor\u00e1neas, que buscan un estilo refinado sin excesos.<\/p>\n<p data-start=\"396\" data-end=\"732\">Nos distinguimos por el cuidado de los detalles, la calidad de los materiales y una propuesta de moda accesible, pensada para un p\u00fablico amplio pero siempre atento al estilo. Desde blazers de mujer hasta prendas de punto elegantes, cada modelo est\u00e1 dise\u00f1ado para adaptarse perfectamente a la vida cotidiana y a las ocasiones especiales.<\/p>\n<p data-start=\"734\" data-end=\"1097\">Nuestra fortaleza es la capacidad de fusionar tradici\u00f3n y modernidad, creando prendas que destacan por su discreci\u00f3n, estilo y ajuste. Con m\u00e1s de veinte a\u00f1os de experiencia en el sector de la moda al por mayor, atendemos a clientes en toda Italia y en el extranjero a trav\u00e9s de nuestros showrooms en Prato, Bolonia y Brescia, y mediante nuestra tienda online B2B.<\/p>\n<p data-start=\"1099\" data-end=\"1632\">Myastreet es una marca italiana monomarca que produce y distribuye moda femenina exclusivamente al por mayor, dedicada a boutiques, showrooms y minoristas profesionales. Trabajamos a trav\u00e9s de una tienda B2B reservada a los comerciantes, ofreciendo una selecci\u00f3n completa de prendas de punto y colecciones de moda pensadas para el retail. Somos un punto de referencia para quienes buscan un proveedor fiable y continuo de moda femenina al por mayor. No vendemos al p\u00fablico: toda nuestra producci\u00f3n est\u00e1 destinada al sector wholesale.<\/p>\n<p data-start=\"1634\" data-end=\"1768\" data-is-last-node=\"\" data-is-only-node=\"\">Elige Myastreet: el punto de encuentro entre elegancia, calidad y comodidad, para un total look femenino que realza cada personalidad.<\/p>\n<\/div>\n<p><\/div>\n<p><\/div>\n<p><\/div>\n<p><\/div>\n<p><\/div>\n<p><\/article>\n<\/div>\n\t\t<\/div>\n\t\t\t\t\t<\/div>\n\n\t\n<\/div>\n\t\t<\/div>\n\n\t\t\n<style>\n#section_1191991559 {\n  padding-top: 40px;\n  padding-bottom: 40px;\n}\n<\/style>\n\t<\/section>\n\t\n","protected":false},"excerpt":{"rendered":"","protected":false},"author":1,"featured_media":0,"parent":0,"menu_order":6,"comment_status":"closed","ping_status":"closed","template":"page-blank.php","meta":{"content-type":"","footnotes":""},"class_list":["post-193848","page","type-page","status-publish","hentry"],"acf":[],"_links":{"self":[{"href":"https:\/\/www.myastreet.com\/es\/wp-json\/wp\/v2\/pages\/193848","targetHints":{"allow":["GET"]}}],"collection":[{"href":"https:\/\/www.myastreet.com\/es\/wp-json\/wp\/v2\/pages"}],"about":[{"href":"https:\/\/www.myastreet.com\/es\/wp-json\/wp\/v2\/types\/page"}],"author":[{"embeddable":true,"href":"https:\/\/www.myastreet.com\/es\/wp-json\/wp\/v2\/users\/1"}],"replies":[{"embeddable":true,"href":"https:\/\/www.myastreet.com\/es\/wp-json\/wp\/v2\/comments?post=193848"}],"version-history":[{"count":8,"href":"https:\/\/www.myastreet.com\/es\/wp-json\/wp\/v2\/pages\/193848\/revisions"}],"predecessor-version":[{"id":315264,"href":"https:\/\/www.myastreet.com\/es\/wp-json\/wp\/v2\/pages\/193848\/revisions\/315264"}],"wp:attachment":[{"href":"https:\/\/www.myastreet.com\/es\/wp-json\/wp\/v2\/media?parent=193848"}],"curies":[{"name":"wp","href":"https:\/\/api.w.org\/{rel}","templated":true}]}}