










{"id":193833,"date":"2021-06-14T11:57:33","date_gmt":"2021-06-14T09:57:33","guid":{"rendered":"https:\/\/www.myastreet.com\/registrate\/"},"modified":"2025-10-06T17:50:47","modified_gmt":"2025-10-06T15:50:47","slug":"registrate","status":"publish","type":"page","link":"https:\/\/www.myastreet.com\/es\/registrate\/","title":{"rendered":"Registrate"},"content":{"rendered":"\n\t<section class=\"section\" id=\"section_693389986\">\n\t\t<div class=\"section-bg fill\" >\n\t\t\t\t\t\t\t\t\t\n\t\t\t\n\n\t\t<\/div>\n\n\t\t\n\n\t\t<div class=\"section-content relative\">\n\t\t\t\n<div class=\"row align-center\"  id=\"row-1491262796\">\n\n\t<div id=\"col-2096845347\" class=\"col medium-4 small-12 large-4\"  >\n\t\t\t\t<div class=\"col-inner\"  >\n\t\t\t\n\t\t\t\n<p class=\"\" data-start=\"260\" data-end=\"347\"><strong data-start=\"260\" data-end=\"347\">Registro reservado a distribuidores y comerciantes de ropa al por mayor<\/strong><\/p>\n<p><\/p>\n<p class=\"\" data-start=\"349\" data-end=\"540\">El acceso a nuestra <em data-start=\"369\" data-end=\"386\">tienda online B2B<\/em> est\u00e1 reservado exclusivamente a <strong data-start=\"416\" data-end=\"477\">revendedores, comerciantes y distribuidores del sector moda<\/strong>. No se permite el acceso a usuarios particulares ni a clientes finales.<\/p>\n<p><\/p>\n<p class=\"\" data-start=\"542\" data-end=\"766\">Para registrarte, completa el formulario con tus datos de empresa. La direcci\u00f3n de correo electr\u00f3nico proporcionada se utilizar\u00e1 como nombre de usuario para acceder a tu <em data-start=\"686\" data-end=\"702\">\u00e1rea privada<\/em>, donde tambi\u00e9n podr\u00e1s cambiar la contrase\u00f1a en cualquier momento.<\/p>\n<p><\/p>\n<p class=\"\" data-start=\"768\" data-end=\"1109\">Nuestro equipo revisar\u00e1 cuidadosamente la informaci\u00f3n enviada para garantizar la validez de los perfiles y la seguridad de las operaciones en el sitio. Solo despu\u00e9s de la aprobaci\u00f3n podr\u00e1s ver precios, disponibilidad y comprar nuestra <em data-start=\"1010\" data-end=\"1048\">ropa femenina al por mayor<\/em>, incluyendo prendas de punto, blazers, pantalones y total looks elegantes.<\/p>\n<p><\/p>\n<p class=\"\" data-start=\"1111\" data-end=\"1194\">\u00bfNecesitas ayuda con el registro? Escr\u00edbenos a <strong data-start=\"1172\" data-end=\"1194\"><a rel=\"noopener\" data-start=\"1174\" data-end=\"1192\">info@myastreet.com<\/a><\/strong><\/p>\n\t<div id=\"gap-1886771668\" class=\"gap-element clearfix\" style=\"display:block; height:auto;\">\n\t\t\n<style>\n#gap-1886771668 {\n  padding-top: 30px;\n}\n<\/style>\n\t<\/div>\n\t\n<p>\u00bfYa est\u00e1s registrado?<br \/>\n<a href=\"\/es\/my-account\/\" class=\"button primary is-outline\" >\n\t\t<span>Iniciar sesi\u00f3n en el sitio<\/span>\n\t<\/a>\n\n\t\t<\/div>\n\t\t\t\t\n<style>\n#col-2096845347 > .col-inner {\n  padding: 0px 5% 0px 0px;\n}\n<\/style>\n\t<\/div>\n\n\t\n\n\t<div id=\"col-1475163607\" class=\"col medium-5 small-12 large-5\"  >\n\t\t\t\t<div class=\"col-inner\"  >\n\t\t\t\n\t\t\t\n<h2>Registrate ahora!<\/h2>\n\t<div id=\"gap-1303220440\" class=\"gap-element clearfix\" style=\"display:block; height:auto;\">\n\t\t\n<style>\n#gap-1303220440 {\n  padding-top: 30px;\n}\n<\/style>\n\t<\/div>\n\t\n\n<div class=\"wpcf7 no-js\" id=\"wpcf7-f212549-o1\" lang=\"es-ES\" dir=\"ltr\" data-wpcf7-id=\"212549\">\n<div class=\"screen-reader-response\"><p role=\"status\" aria-live=\"polite\" aria-atomic=\"true\"><\/p> <ul><\/ul><\/div>\n<form action=\"\/es\/wp-json\/wp\/v2\/pages\/193833#wpcf7-f212549-o1\" method=\"post\" class=\"wpcf7-form init wpcf7-acceptance-as-validation\" aria-label=\"Formulario de contacto\" novalidate=\"novalidate\" data-status=\"init\">\n<fieldset class=\"hidden-fields-container\"><input type=\"hidden\" name=\"_wpcf7\" value=\"212549\" \/><input type=\"hidden\" name=\"_wpcf7_version\" value=\"6.1.2\" \/><input type=\"hidden\" name=\"_wpcf7_locale\" value=\"es_ES\" \/><input type=\"hidden\" name=\"_wpcf7_unit_tag\" value=\"wpcf7-f212549-o1\" \/><input type=\"hidden\" name=\"_wpcf7_container_post\" value=\"0\" \/><input type=\"hidden\" name=\"_wpcf7_posted_data_hash\" value=\"\" \/><input type=\"hidden\" name=\"_wpcf7dtx_version\" value=\"5.0.3\" \/><input type=\"hidden\" name=\"_wpcf7_recaptcha_response\" value=\"\" \/>\n<\/fieldset>\n<div class=\"row form-inline\" id=\"registration_form\">\n<span class=\"wpcf7-form-control-wrap agente\" data-name=\"agente\"><input type=\"hidden\" name=\"agente\" class=\"wpcf7-form-control wpcf7-hidden wpcf7dtx wpcf7dtx-hidden\" aria-invalid=\"false\"><\/span>\n<span class=\"wpcf7-form-control-wrap statoregistrazione\" data-name=\"statoregistrazione\"><input type=\"hidden\" name=\"statoregistrazione\" class=\"wpcf7-form-control wpcf7-hidden wpcf7dtx wpcf7dtx-hidden\" aria-invalid=\"false\" value=\"0\"><\/span>\n\t<div class=\"col large-12\">\n\t\t<p><label><span class=\"wpcf7-form-control-wrap\" data-name=\"nome_azienda\"><input size=\"40\" maxlength=\"400\" class=\"wpcf7-form-control wpcf7-text wpcf7-validates-as-required\" aria-required=\"true\" aria-invalid=\"false\" placeholder=\"Nombre de la empresa*\" value=\"\" type=\"text\" name=\"nome_azienda\" \/><\/span> <\/label>\n\t\t<\/p>\n\t<\/div>\n\t<div class=\"col large-6\">\n\t\t<p><label><span class=\"wpcf7-form-control-wrap\" data-name=\"nome\"><input size=\"40\" maxlength=\"400\" class=\"wpcf7-form-control wpcf7-text wpcf7-validates-as-required\" aria-required=\"true\" aria-invalid=\"false\" placeholder=\"Nombre*\" value=\"\" type=\"text\" name=\"nome\" \/><\/span> <\/label>\n\t\t<\/p>\n\t<\/div>\n\t<div class=\"col large-6\">\n\t\t<p><label><span class=\"wpcf7-form-control-wrap\" data-name=\"cognome\"><input size=\"40\" maxlength=\"400\" class=\"wpcf7-form-control wpcf7-text wpcf7-validates-as-required\" aria-required=\"true\" aria-invalid=\"false\" placeholder=\"Apellido*\" value=\"\" type=\"text\" name=\"cognome\" \/><\/span> <\/label>\n\t\t<\/p>\n\t<\/div>\n\t<div class=\"col large-6\">\n\t\t<p><label><span class=\"wpcf7-form-control-wrap\" data-name=\"nazione\"><input size=\"40\" maxlength=\"400\" class=\"wpcf7-form-control wpcf7-text wpcf7-validates-as-required\" aria-required=\"true\" aria-invalid=\"false\" placeholder=\"Pa\u00ecs*\" value=\"\" type=\"text\" name=\"nazione\" \/><\/span><\/label>\n\t\t<\/p>\n\t<\/div>\n\t<div class=\"col large-6\">\n\t\t<p><label><span class=\"wpcf7-form-control-wrap\" data-name=\"citta\"><input size=\"40\" maxlength=\"400\" class=\"wpcf7-form-control wpcf7-text wpcf7-validates-as-required\" aria-required=\"true\" aria-invalid=\"false\" placeholder=\"Ciudad*\" value=\"\" type=\"text\" name=\"citta\" \/><\/span> <\/label>\n\t\t<\/p>\n\t<\/div>\n\t<div class=\"col large-6\">\n\t\t<p><label><span class=\"wpcf7-form-control-wrap\" data-name=\"indirizzo\"><input size=\"40\" maxlength=\"400\" class=\"wpcf7-form-control wpcf7-text wpcf7-validates-as-required\" aria-required=\"true\" aria-invalid=\"false\" placeholder=\"Direcci\u00f3n*\" value=\"\" type=\"text\" name=\"indirizzo\" \/><\/span> <\/label>\n\t\t<\/p>\n\t<\/div>\n\t<div class=\"col large-6\">\n\t\t<p><label><span class=\"wpcf7-form-control-wrap\" data-name=\"cap\"><input size=\"40\" maxlength=\"400\" class=\"wpcf7-form-control wpcf7-text wpcf7-validates-as-required\" aria-required=\"true\" aria-invalid=\"false\" placeholder=\"C\u00f3digo Postal*\" value=\"\" type=\"text\" name=\"cap\" \/><\/span> <\/label>\n\t\t<\/p>\n\t<\/div>\n<\/div>\n<div class=\"row form-inline\">\n\t<div class=\"col large-6\">\n\t\t<p><label><span class=\"wpcf7-form-control-wrap\" data-name=\"registration_email\"><input size=\"40\" maxlength=\"400\" class=\"wpcf7-form-control wpcf7-email wpcf7-validates-as-required wpcf7-text wpcf7-validates-as-email\" aria-required=\"true\" aria-invalid=\"false\" placeholder=\"Email*\" value=\"\" type=\"email\" name=\"registration_email\" \/><\/span> <\/label>\n\t\t<\/p>\n\t<\/div>\n\t<div class=\"col large-6\">\n\t\t<p><label><span class=\"wpcf7-form-control-wrap\" data-name=\"tel\"><input size=\"40\" maxlength=\"400\" class=\"wpcf7-form-control wpcf7-text wpcf7-validates-as-required\" aria-required=\"true\" aria-invalid=\"false\" placeholder=\"Tel. o m\u00f3vil*\" value=\"\" type=\"text\" name=\"tel\" \/><\/span> <\/label>\n\t\t<\/p>\n\t<\/div>\n\t<div class=\"col large-6\">\n\t\t<p><label><span class=\"wpcf7-form-control-wrap\" data-name=\"registration_p_iva\"><input size=\"40\" maxlength=\"400\" class=\"wpcf7-form-control wpcf7-text wpcf7-validates-as-required\" aria-required=\"true\" aria-invalid=\"false\" placeholder=\"N\u00famero de IVA de tu empresa\/nif*\" value=\"\" type=\"text\" name=\"registration_p_iva\" \/><\/span> <\/label>\n\t\t<\/p>\n\t<\/div>\n\t<div class=\"col large-6\">\n\t\t<p><label><span class=\"wpcf7-form-control-wrap\" data-name=\"registration_website\"><input size=\"40\" maxlength=\"400\" class=\"wpcf7-form-control wpcf7-text\" aria-invalid=\"false\" placeholder=\"Sitio web\" value=\"\" type=\"text\" name=\"registration_website\" \/><\/span> <\/label>\n\t\t<\/p>\n\t<\/div>\n\t<div class=\"col large-6\">\n\t\t<p><label><span class=\"wpcf7-form-control-wrap\" data-name=\"come_ci_hai_conosciuto\"><select class=\"wpcf7-form-control wpcf7-select\" aria-invalid=\"false\" name=\"come_ci_hai_conosciuto\"><option value=\"\">\u00bfC\u00f3mo supiste de nosotros?<\/option><option value=\"Instagram\/Facebook\">Instagram\/Facebook<\/option><option value=\"ItalianModa\">ItalianModa<\/option><option value=\"TikTok\">TikTok<\/option><option value=\"B\u00fasqueda en l\u00ednea\">B\u00fasqueda en l\u00ednea<\/option><option value=\"Visita a nuestra sala de exposici\u00f3n\">Visita a nuestra sala de exposici\u00f3n<\/option><option value=\"M\u00e1s informaci\u00f3n\">M\u00e1s informaci\u00f3n<\/option><\/select><\/span> <\/label>\n\t\t<\/p>\n\t<\/div>\n<\/div>\n<div class=\"row form-inline\">\n\t<div class=\"col large-6\">\n\t\t<p><label>Contrase\u00f1a<\/label><span class=\"wpcf7-form-control-wrap\" data-name=\"password-1\"><input size=\"40\" maxlength=\"20\" minlength=\"6\" class=\"wpcf7-form-control wpcf7-password wpcf7-validates-as-required wpcf7-text wpcf7-validates-as-password\" id=\"password-1\" password_strength=\"2\" aria-required=\"true\" aria-invalid=\"false\" value=\"\" type=\"password\" name=\"password-1\" \/><span style=\"position: relative; margin-left: -30px;\"  id=\"buttonEye-password-1\" class=\"fa fa-eye-slash\" onclick=\"pushHideButton('password-1')\"><\/span><\/span>\n\t\t<\/p>\n\t<\/div>\n\t<div class=\"col large-6\">\n\t\t<p><label>Confirmar contrase\u00f1a<\/label><span class=\"wpcf7-form-control-wrap\" data-name=\"password-2\"><input size=\"40\" class=\"wpcf7-form-control wpcf7-password wpcf7-validates-as-required wpcf7-text wpcf7-validates-as-password\" id=\"password-2\" password_strength=\"0\" password_check=\"password-1\" aria-required=\"true\" aria-invalid=\"false\" value=\"\" type=\"password\" name=\"password-2\" \/><span style=\"position: relative; margin-left: -30px;\"  id=\"buttonEye-password-2\" class=\"fa fa-eye-slash\" onclick=\"pushHideButton('password-2')\"><\/span><\/span>\n\t\t<\/p>\n\t<\/div>\n<\/div>\n<div class=\"row form-inline\">\n\t<div class=\"col large-12 group-privacy\">\n\t\t<p><span class=\"wpcf7-form-control-wrap\" data-name=\"Consenso-privacy\"><span class=\"wpcf7-form-control wpcf7-acceptance\"><span class=\"wpcf7-list-item\"><label><input type=\"checkbox\" name=\"Consenso-privacy\" value=\"1\" aria-invalid=\"false\" \/><span class=\"wpcf7-list-item-label\">Acepto el tratamiento de mis datos y declaro que he le\u00eddo la  <a href=\"\/es\/menu-privacy\/privacy-policy\/\">Pol\u00edtica de Privacidad<\/a><\/span><\/label><\/span><\/span><\/span><br \/>\n<span class=\"wpcf7-form-control-wrap\" data-name=\"Consenso-news\"><span class=\"wpcf7-form-control wpcf7-acceptance optional\"><span class=\"wpcf7-list-item\"><label><input type=\"checkbox\" name=\"Consenso-news\" value=\"1\" aria-invalid=\"false\" \/><span class=\"wpcf7-list-item-label\">Suscr\u00edbete a nuestra newsletter para recibir peri\u00f3dicamente informaci\u00f3nes sobre nuestras iniciativas promocionales y comerciales<\/span><\/label><\/span><\/span><\/span>\n\t\t<\/p>\n\t<\/div>\n\t<div class=\"col large-12\">\n\t\t<p><input class=\"wpcf7-form-control wpcf7-submit has-spinner btn_white btn\" type=\"submit\" value=\"INICIAR SESI\u00d3N\" \/>\n\t\t<\/p>\n\t<\/div>\n<\/div>\n<p><script>\njQuery(document).ready(function(){\nvar tmp = \"\";\nwindow.countries.forEach(function(e){tmp += '<option value=\"'+e.c+'\">'+e.d+'<\/option>';});\njQuery(\"[name=nazione]\").after('<select name=\"nazione\" class=\"wpcf7-form-control wpcf7-select\" aria-invalid=\"false\">'+tmp+'<\/select>').remove();\n});\n<\/script>\n<\/p><div class=\"wpcf7-response-output\" aria-hidden=\"true\"><\/div>\n<\/form>\n<\/div>\n\n\t\t<\/div>\n\t\t\t\t\t<\/div>\n\n\t\n<\/div>\n\t\t<\/div>\n\n\t\t\n<style>\n#section_693389986 {\n  padding-top: 80px;\n  padding-bottom: 80px;\n}\n<\/style>\n\t<\/section>\n\t\n","protected":false},"excerpt":{"rendered":"","protected":false},"author":1,"featured_media":0,"parent":0,"menu_order":0,"comment_status":"closed","ping_status":"closed","template":"page-blank.php","meta":{"content-type":"","footnotes":""},"class_list":["post-193833","page","type-page","status-publish","hentry"],"acf":[],"_links":{"self":[{"href":"https:\/\/www.myastreet.com\/es\/wp-json\/wp\/v2\/pages\/193833","targetHints":{"allow":["GET"]}}],"collection":[{"href":"https:\/\/www.myastreet.com\/es\/wp-json\/wp\/v2\/pages"}],"about":[{"href":"https:\/\/www.myastreet.com\/es\/wp-json\/wp\/v2\/types\/page"}],"author":[{"embeddable":true,"href":"https:\/\/www.myastreet.com\/es\/wp-json\/wp\/v2\/users\/1"}],"replies":[{"embeddable":true,"href":"https:\/\/www.myastreet.com\/es\/wp-json\/wp\/v2\/comments?post=193833"}],"version-history":[{"count":3,"href":"https:\/\/www.myastreet.com\/es\/wp-json\/wp\/v2\/pages\/193833\/revisions"}],"predecessor-version":[{"id":288437,"href":"https:\/\/www.myastreet.com\/es\/wp-json\/wp\/v2\/pages\/193833\/revisions\/288437"}],"wp:attachment":[{"href":"https:\/\/www.myastreet.com\/es\/wp-json\/wp\/v2\/media?parent=193833"}],"curies":[{"name":"wp","href":"https:\/\/api.w.org\/{rel}","templated":true}]}}