










{"id":193826,"date":"2020-01-09T13:46:39","date_gmt":"2020-01-09T12:46:39","guid":{"rendered":"https:\/\/www.myastreet.com\/contactanos\/"},"modified":"2026-02-04T11:43:06","modified_gmt":"2026-02-04T10:43:06","slug":"contactanos","status":"publish","type":"page","link":"https:\/\/www.myastreet.com\/es\/contactanos\/","title":{"rendered":"Contactanos"},"content":{"rendered":"\n\t<section class=\"section has-parallax\" id=\"section_1938318986\">\n\t\t<div class=\"section-bg fill\" data-parallax-container=\".section\" data-parallax-background data-parallax=\"-6\">\n\t\t\t<img loading=\"lazy\" decoding=\"async\" width=\"800\" height=\"1200\" src=\"https:\/\/www.myastreet.com\/wp-content\/uploads\/2021\/05\/IMG_0302_ok.png\" class=\"bg attachment-original size-original\" alt=\"\" \/>\t\t\t\t\t\t\n\t\t\t\n\n\t\t<\/div>\n\n\t\t\n\n\t\t<div class=\"section-content relative\">\n\t\t\t\n<div class=\"row row-collapse row-full-width align-middle\"  id=\"row-1017732858\">\n\n\t<div id=\"col-1048607386\" class=\"col medium-12 small-12 large-12\"  >\n\t\t\t\t<div class=\"col-inner text-center dark\"  >\n\t\t\t\n\t\t\t\n\n  <div class=\"banner has-hover\" id=\"banner-1763142986\">\n          <div class=\"banner-inner fill\">\n        <div class=\"banner-bg fill\" >\n            <img loading=\"lazy\" decoding=\"async\" width=\"2400\" height=\"1600\" src=\"https:\/\/www.myastreet.com\/wp-content\/uploads\/2026\/01\/Myastreet-49.jpg\" class=\"bg attachment-original size-original\" alt=\"\" \/>                                    \n                    <\/div>\n\t\t\n        <div class=\"banner-layers container\">\n            <div class=\"fill banner-link\"><\/div>            \n   <div id=\"text-box-552408960\" class=\"text-box banner-layer x50 md-x50 lg-x50 y50 md-y50 lg-y50 res-text\">\n                                <div class=\"text-box-content text \">\n              \n              <div class=\"text-inner text-center\">\n                  \n\t<div id=\"text-4105419426\" class=\"text\">\n\t\t\n<h2 class=\"uppercase alt-font\">Contactanos<\/h2>\n\t\t\n<style>\n#text-4105419426 {\n  text-align: center;\n}\n<\/style>\n\t<\/div>\n\t\n              <\/div>\n           <\/div>\n                            \n<style>\n#text-box-552408960 {\n  width: 93%;\n}\n#text-box-552408960 .text-box-content {\n  font-size: 136%;\n}\n@media (min-width:550px) {\n  #text-box-552408960 {\n    width: 76%;\n  }\n  #text-box-552408960 .text-box-content {\n    font-size: 100%;\n  }\n}\n<\/style>\n    <\/div>\n \n        <\/div>\n      <\/div>\n\n            \n<style>\n#banner-1763142986 {\n  padding-top: 563px;\n  background-color: rgba(255, 255, 255, 0);\n}\n#banner-1763142986 .banner-bg img {\n  object-position: 8% 10%;\n}\n@media (min-width:550px) {\n  #banner-1763142986 {\n    padding-top: 420px;\n  }\n}\n@media (min-width:850px) {\n  #banner-1763142986 {\n    padding-top: 400px;\n  }\n}\n<\/style>\n  <\/div>\n\n\n\t\t<\/div>\n\t\t\t\t\n<style>\n#col-1048607386 > .col-inner {\n  padding: 0px 0px 0px 0;\n}\n<\/style>\n\t<\/div>\n\n\t\n<\/div>\n\t\t<\/div>\n\n\t\t\n<style>\n#section_1938318986 {\n  padding-top: 0px;\n  padding-bottom: 0px;\n}\n#section_1938318986 .section-bg img {\n  object-position: 79% 38%;\n}\n<\/style>\n\t<\/section>\n\t\n\n\t<section class=\"section\" id=\"section_1600589477\">\n\t\t<div class=\"section-bg fill\" >\n\t\t\t\t\t\t\t\t\t\n\t\t\t\n\n\t\t<\/div>\n\n\t\t\n\n\t\t<div class=\"section-content relative\">\n\t\t\t\n<div class=\"row row-large align-middle align-center\"  id=\"row-746474664\">\n\n\t<div id=\"col-557441218\" class=\"col medium-5 small-12 large-4\"  >\n\t\t\t\t<div class=\"col-inner\"  >\n\t\t\t\n\t\t\t\n<h4><strong>HEADQUARTER<\/strong><\/h4>\n<p>Via Chemnitz, 15\/5<br \/>59100 &#8211; Prato (PO)<br \/><strong>\u260e\ufe0e<\/strong> +39 0574966483<\/p>\n<p><strong>\u2709\ufe0e<\/strong> <a href=\"mailto:prato@myastreet.com\">info@myastreet.com<\/a><\/p>\n<p data-start=\"130\" data-end=\"181\"><strong data-start=\"130\" data-end=\"140\">VENTAS<\/strong> (pedidos \/ reposiciones \/ videollamadas)<\/p>\n<p><\/p>\n<p data-start=\"183\" data-end=\"271\">Olimpia \u260e\ufe0e +39 351 749 9538<br data-start=\"210\" data-end=\"213\" \/>Costanza \u260e\ufe0e +39 351 596 5831<br data-start=\"241\" data-end=\"244\" \/>Irene \u260e\ufe0e +39 351 974 2290<\/p>\n<p><\/p>\n<p data-start=\"273\" data-end=\"297\">\u2709\ufe0e <a class=\"decorated-link cursor-pointer\" rel=\"noopener\" data-start=\"276\" data-end=\"295\">prato@myastreet.com<\/a><\/p>\n<p><\/p>\n<hr data-start=\"299\" data-end=\"302\" \/><\/p>\n<p data-start=\"304\" data-end=\"368\"><strong data-start=\"304\" data-end=\"333\">DEPARTAMENTO DE MARKETING<\/strong> (sitio web y material promocional)<\/p>\n<p><\/p>\n<p data-start=\"370\" data-end=\"432\">Alessandra \u260e\ufe0e +39 351 925 8758<br data-start=\"400\" data-end=\"403\" \/>Irene \u2709\ufe0e <a class=\"decorated-link cursor-pointer\" rel=\"noopener\" data-start=\"412\" data-end=\"430\">info@myastreet.com<\/a><\/p>\n<p><\/p>\n<hr data-start=\"434\" data-end=\"437\" \/><\/p>\n<p data-start=\"439\" data-end=\"487\"><strong data-start=\"439\" data-end=\"457\">ADMINISTRACI\u00d3N<\/strong> (facturas \/ notas de cr\u00e9dito)<\/p>\n<p><\/p>\n<p data-start=\"489\" data-end=\"552\">Ida \u260e\ufe0e +39 351 781 9706<br data-start=\"512\" data-end=\"515\" \/>Romina \u2709\ufe0e <a class=\"decorated-link cursor-pointer\" rel=\"noopener\" data-start=\"525\" data-end=\"550\">amministrazione@myomya.it<\/a><\/p>\n<p><\/p>\n<hr data-start=\"554\" data-end=\"557\" \/><\/p>\n<p data-start=\"559\" data-end=\"596\"><strong data-start=\"559\" data-end=\"572\">LOG\u00cdSTICA<\/strong> (env\u00edos y devoluciones)<\/p>\n<p><\/p>\n<p data-start=\"598\" data-end=\"630\">Alessio \u2709\ufe0e <a class=\"decorated-link cursor-pointer\" rel=\"noopener\" data-start=\"609\" data-end=\"628\">prato@myastreet.com<\/a><\/p>\n\t\t<\/div>\n\t\t\t\t\t<\/div>\n\n\t\n\n\t<div id=\"col-162948814\" class=\"col hide-for-small medium-5 small-12 large-4\"  >\n\t\t\t\t<div class=\"col-inner\"  >\n\t\t\t\n\t\t\t\n<h4>SHOWROOM DE PRATO (HEADQUARTER)<\/h4>\n<p>Via Chemnitz, 15\/5<br \/>59100 &#8211; Prato (PO)<br \/>Tel\u00e9fono: +39 0574966483<br \/>Correo: <a href=\"mailto:prato@myastreet.com\">prato@myastreet.com<\/a><\/p>\n<p>Estamos abiertos tambi\u00e9n el domingo desde las 10:00 hasta las 17:00.<\/p>\n<h4>SHOWROOM DE BRESCIA<\/h4>\n<p><\/p>\n<p>Via Orzinuovi, 52A\/52B<br \/>25125 Brescia<br \/>Tel\u00e9fono: +39 0303534217<br \/>Fax: +39 0303547428<br \/>Correo: <a href=\"mailto:brescia@myastreet.com\">brescia@myastreet.com<\/a><\/p>\n<p><\/p>\n<p>\u00a0<\/p>\n<h4>SHOWROOM DE BOLOGNA<\/h4>\n<p><\/p>\n<p>Via dei Lanaioli, Blocco 5 Centergross<br \/>\n40050 &#8211; Argelato (BO)<br \/>\nTel\u00e9fono: +39 339 726 7713<br \/>\nFax: +39 0516646841<br \/>\nCorreo: <a href=\"mailto:bologna@myastreet.com\">bologna@myastreet.com<\/a><\/p>\n\t\t<\/div>\n\t\t\t\t\t<\/div>\n\n\t\n\n<style>\n#row-746474664 > .col > .col-inner {\n  padding: 0 0px 0px 0px;\n}\n<\/style>\n<\/div>\n\t\t<\/div>\n\n\t\t\n<style>\n#section_1600589477 {\n  padding-top: 30px;\n  padding-bottom: 30px;\n  background-color: rgb(239, 239, 239);\n}\n<\/style>\n\t<\/section>\n\t\n\n\t<section class=\"section\" id=\"section_1813052779\">\n\t\t<div class=\"section-bg fill\" >\n\t\t\t\t\t\t\t\t\t\n\t\t\t\n\n\t\t<\/div>\n\n\t\t\n\n\t\t<div class=\"section-content relative\">\n\t\t\t\n<div class=\"row align-center\"  id=\"row-1649303851\">\n\n\t<div id=\"col-523541772\" class=\"col medium-12 small-12 large-8\"  >\n\t\t\t\t<div class=\"col-inner\"  >\n\t\t\t\n\t\t\t\n\t<div id=\"gap-1852184405\" class=\"gap-element clearfix\" style=\"display:block; height:auto;\">\n\t\t\n<style>\n#gap-1852184405 {\n  padding-top: 30px;\n}\n<\/style>\n\t<\/div>\n\t\n<div class=\"row row-large align-center\"  id=\"row-968690677\">\n\n\t<div id=\"col-50664199\" class=\"col medium-7 small-12 large-7\"  >\n\t\t\t\t<div class=\"col-inner\"  >\n\t\t\t\n\t\t\t\n\t<div id=\"gap-1114202162\" class=\"gap-element clearfix show-for-small\" style=\"display:block; height:auto;\">\n\t\t\n<style>\n#gap-1114202162 {\n  padding-top: 40px;\n}\n@media (min-width:550px) {\n  #gap-1114202162 {\n    padding-top: 30px;\n  }\n}\n<\/style>\n\t<\/div>\n\t\n<h3 data-line-height=\"m\"><strong>Escr\u00edbenos para obtener m\u00e1s informaci\u00f3nes sobre nuestros productos<\/strong><\/h3>\n\t<div id=\"gap-1665399641\" class=\"gap-element clearfix\" style=\"display:block; height:auto;\">\n\t\t\n<style>\n#gap-1665399641 {\n  padding-top: 20px;\n}\n<\/style>\n\t<\/div>\n\t\n\n<div class=\"wpcf7 no-js\" id=\"wpcf7-f195063-o1\" lang=\"es-ES\" dir=\"ltr\" data-wpcf7-id=\"195063\">\n<div class=\"screen-reader-response\"><p role=\"status\" aria-live=\"polite\" aria-atomic=\"true\"><\/p> <ul><\/ul><\/div>\n<form action=\"\/es\/wp-json\/wp\/v2\/pages\/193826#wpcf7-f195063-o1\" method=\"post\" class=\"wpcf7-form init wpcf7-acceptance-as-validation\" aria-label=\"Formulario de contacto\" novalidate=\"novalidate\" data-status=\"init\">\n<fieldset class=\"hidden-fields-container\"><input type=\"hidden\" name=\"_wpcf7\" value=\"195063\" \/><input type=\"hidden\" name=\"_wpcf7_version\" value=\"6.1.2\" \/><input type=\"hidden\" name=\"_wpcf7_locale\" value=\"es_ES\" \/><input type=\"hidden\" name=\"_wpcf7_unit_tag\" value=\"wpcf7-f195063-o1\" \/><input type=\"hidden\" name=\"_wpcf7_container_post\" value=\"0\" \/><input type=\"hidden\" name=\"_wpcf7_posted_data_hash\" value=\"\" \/><input type=\"hidden\" name=\"_wpcf7dtx_version\" value=\"5.0.3\" \/><input type=\"hidden\" name=\"_wpcf7_recaptcha_response\" value=\"\" \/>\n<\/fieldset>\n<div class=\"row form-inline\">\n\t<div class=\"col large-12\">\n\t\t<p><label><br \/>\n<span class=\"wpcf7-form-control-wrap\" data-name=\"your-name\"><input size=\"40\" maxlength=\"400\" class=\"wpcf7-form-control wpcf7-text wpcf7-validates-as-required\" aria-required=\"true\" aria-invalid=\"false\" value=\"Nombre y apellido *\" type=\"text\" name=\"your-name\" \/><\/span> <\/label>\n\t\t<\/p>\n\t<\/div>\n\t<div class=\"col large-6\">\n\t\t<p><label> <span class=\"wpcf7-form-control-wrap\" data-name=\"your-email\"><input size=\"40\" maxlength=\"400\" class=\"wpcf7-form-control wpcf7-email wpcf7-validates-as-required wpcf7-text wpcf7-validates-as-email\" aria-required=\"true\" aria-invalid=\"false\" value=\"Correo electr\u00f3nico *\" type=\"email\" name=\"your-email\" \/><\/span> <\/label>\n\t\t<\/p>\n\t<\/div>\n\t<div class=\"col large-6\">\n\t\t<p><label> <span class=\"wpcf7-form-control-wrap\" data-name=\"your-tel\"><input size=\"40\" maxlength=\"400\" class=\"wpcf7-form-control wpcf7-text wpcf7-validates-as-required\" aria-required=\"true\" aria-invalid=\"false\" value=\"Tel\u00e9fono *\" type=\"text\" name=\"your-tel\" \/><\/span> <\/label>\n\t\t<\/p>\n\t<\/div>\n\t<div class=\"col large-12\">\n\t\t<p><label> <span class=\"wpcf7-form-control-wrap\" data-name=\"your-subject\"><input size=\"40\" maxlength=\"400\" class=\"wpcf7-form-control wpcf7-text wpcf7-validates-as-required\" aria-required=\"true\" aria-invalid=\"false\" value=\"Asunto *\" type=\"text\" name=\"your-subject\" \/><\/span> <\/label>\n\t\t<\/p>\n\t<\/div>\n\t<div class=\"col large-12\">\n\t\t<p><label><br \/>\n<span class=\"wpcf7-form-control-wrap\" data-name=\"your-message\"><textarea cols=\"40\" rows=\"10\" maxlength=\"2000\" class=\"wpcf7-form-control wpcf7-textarea\" aria-invalid=\"false\" name=\"your-message\">Notes<\/textarea><\/span> <\/label>\n\t\t<\/p>\n\t<\/div>\n<\/div>\n<div class=\"form-inline group-privacy\">\n\t<div class=\"col large-12\">\n\t\t<p><label class=\"acceptance\"><span class=\"wpcf7-form-control-wrap\" data-name=\"Accettazione-privacy\"><span class=\"wpcf7-form-control wpcf7-acceptance\"><span class=\"wpcf7-list-item\"><input type=\"checkbox\" name=\"Accettazione-privacy\" value=\"1\" aria-invalid=\"false\" \/><\/span><\/span><\/span> Acepto el tratamiento de mis datos y declaro que he le\u00eddo la <a href=\"\/menu-privacy\/privacy-policy\/\">Pol\u00edtica de Privacidad<\/a><\/label>\n\t\t<\/p>\n\t<\/div>\n\t<div class=\"col large-12\">\n\t\t<p><label class=\"acceptance\"><span class=\"wpcf7-form-control-wrap\" data-name=\"Accettazione-newsletter\"><span class=\"wpcf7-form-control wpcf7-acceptance optional\"><span class=\"wpcf7-list-item\"><input type=\"checkbox\" name=\"Accettazione-newsletter\" value=\"1\" aria-invalid=\"false\" \/><\/span><\/span><\/span> Suscr\u00edbete a nuestra newsletter para recibir peri\u00f3dicamente informaci\u00f3nes sobre nuestras iniciativas promocionales y comerciales<\/label>\n\t\t<\/p>\n\t<\/div>\n\t<div class=\"col large-12\">\n\t\t<p><input class=\"wpcf7-form-control wpcf7-submit has-spinner secondary is-outline is-large pull-right\" type=\"submit\" value=\"ENV\u00cdA TU SOLICITUD\" \/>\n\t\t<\/p>\n\t<\/div>\n<\/div><div class=\"wpcf7-response-output\" aria-hidden=\"true\"><\/div>\n<\/form>\n<\/div>\n\n\t\t<\/div>\n\t\t\t\t\t<\/div>\n\n\t\n<\/div>\n\t\t<\/div>\n\t\t\t\t\t<\/div>\n\n\t\n<\/div>\n\t\t<\/div>\n\n\t\t\n<style>\n#section_1813052779 {\n  padding-top: 0px;\n  padding-bottom: 0px;\n  background-color: rgb(240, 240, 240);\n}\n<\/style>\n\t<\/section>\n\t\n","protected":false},"excerpt":{"rendered":"","protected":false},"author":1,"featured_media":0,"parent":0,"menu_order":6,"comment_status":"closed","ping_status":"closed","template":"page-blank.php","meta":{"content-type":"","footnotes":""},"class_list":["post-193826","page","type-page","status-publish","hentry"],"acf":[],"_links":{"self":[{"href":"https:\/\/www.myastreet.com\/es\/wp-json\/wp\/v2\/pages\/193826","targetHints":{"allow":["GET"]}}],"collection":[{"href":"https:\/\/www.myastreet.com\/es\/wp-json\/wp\/v2\/pages"}],"about":[{"href":"https:\/\/www.myastreet.com\/es\/wp-json\/wp\/v2\/types\/page"}],"author":[{"embeddable":true,"href":"https:\/\/www.myastreet.com\/es\/wp-json\/wp\/v2\/users\/1"}],"replies":[{"embeddable":true,"href":"https:\/\/www.myastreet.com\/es\/wp-json\/wp\/v2\/comments?post=193826"}],"version-history":[{"count":11,"href":"https:\/\/www.myastreet.com\/es\/wp-json\/wp\/v2\/pages\/193826\/revisions"}],"predecessor-version":[{"id":313214,"href":"https:\/\/www.myastreet.com\/es\/wp-json\/wp\/v2\/pages\/193826\/revisions\/313214"}],"wp:attachment":[{"href":"https:\/\/www.myastreet.com\/es\/wp-json\/wp\/v2\/media?parent=193826"}],"curies":[{"name":"wp","href":"https:\/\/api.w.org\/{rel}","templated":true}]}}