










{"id":315906,"date":"2026-02-24T09:10:35","date_gmt":"2026-02-24T08:10:35","guid":{"rendered":"https:\/\/www.myastreet.com\/?post_type=product&#038;p=315906"},"modified":"2026-04-08T17:53:50","modified_gmt":"2026-04-08T15:53:50","slug":"lm61161-06-camicia","status":"publish","type":"product","link":"https:\/\/www.myastreet.com\/en\/products\/lm61161-06-camicia\/","title":{"rendered":"CAMICIA OXFORD"},"content":{"rendered":"<p>La camicia Oxford donna \u00e8 un capo intramontabile che unisce eleganza, comfort e versatilit\u00e0. Realizzata in tessuto Oxford di cotone, si distingue per la caratteristica trama leggermente strutturata che garantisce resistenza, traspirabilit\u00e0 e una vestibilit\u00e0 impeccabile per tutto il giorno.<\/p>\n<p>Perfetta per creare look formali e casual chic, la camicia Oxford da donna \u00e8 un must-have del guardaroba femminile contemporaneo.<\/p>\n<p>&nbsp;<\/p>\n<p>Composizione: 52%POLIESTERE 48%COTONE MADE IN ITALY<br \/>\nStagione: PRIMAVERA 2026<br \/>\nOrigine: MADE IN ITALY<\/p>\n","protected":false},"excerpt":{"rendered":"<p>La camicia Oxford donna \u00e8 un capo intramontabile che unisce eleganza, comfort e versatilit\u00e0. Realizzata in tessuto Oxford di cotone, si distingue per la caratteristica trama leggermente strutturata che garantisce resistenza, traspirabilit\u00e0 e una vestibilit\u00e0 impeccabile per tutto il giorno. Perfetta per creare look formali e casual chic, la camicia Oxford da donna \u00e8 un [&#8230;]\n","protected":false},"featured_media":317267,"template":"","meta":{"content-type":""},"product_brand":[],"product_cat":[2606,2601],"product_tag":[],"class_list":{"0":"post-315906","1":"product","2":"type-product","3":"status-publish","4":"has-post-thumbnail","6":"product_cat-blouses-shirts-ss26","7":"product_cat-ss26","9":"first","10":"outofstock","11":"taxable","12":"shipping-taxable","13":"purchasable","14":"product-type-variable"},"acf":[],"_links":{"self":[{"href":"https:\/\/www.myastreet.com\/en\/wp-json\/wp\/v2\/product\/315906","targetHints":{"allow":["GET"]}}],"collection":[{"href":"https:\/\/www.myastreet.com\/en\/wp-json\/wp\/v2\/product"}],"about":[{"href":"https:\/\/www.myastreet.com\/en\/wp-json\/wp\/v2\/types\/product"}],"wp:featuredmedia":[{"embeddable":true,"href":"https:\/\/www.myastreet.com\/en\/wp-json\/wp\/v2\/media\/317267"}],"wp:attachment":[{"href":"https:\/\/www.myastreet.com\/en\/wp-json\/wp\/v2\/media?parent=315906"}],"wp:term":[{"taxonomy":"product_brand","embeddable":true,"href":"https:\/\/www.myastreet.com\/en\/wp-json\/wp\/v2\/product_brand?post=315906"},{"taxonomy":"product_cat","embeddable":true,"href":"https:\/\/www.myastreet.com\/en\/wp-json\/wp\/v2\/product_cat?post=315906"},{"taxonomy":"product_tag","embeddable":true,"href":"https:\/\/www.myastreet.com\/en\/wp-json\/wp\/v2\/product_tag?post=315906"}],"curies":[{"name":"wp","href":"https:\/\/api.w.org\/{rel}","templated":true}]}}