










{"id":299095,"date":"2025-11-26T16:31:34","date_gmt":"2025-11-26T15:31:34","guid":{"rendered":"https:\/\/www.myastreet.com\/?post_type=product&#038;p=299095"},"modified":"2026-03-26T16:02:28","modified_gmt":"2026-03-26T15:02:28","slug":"ml98063-90-maglia","status":"publish","type":"product","link":"https:\/\/www.myastreet.com\/en\/products\/ml98063-90-maglia\/","title":{"rendered":"POLO IN MAGLIA CON COLLETTO E BOTTONI"},"content":{"rendered":"<p>Polo in maglia con colletto strutturato e abbottonatura frontale, pensata per offrire uno stile casual ma curato. La lavorazione morbida e la vestibilit\u00e0 confortevole la rendono un capo versatile, ideale sia da sola sia sovrapposta a una camicia per un effetto pi\u00f9 ricercato. Perfetta per negozi che vogliono proporre maglieria moderna, pratica e di qualit\u00e0. Disponibile sul nostro ecommerce B2B Myastreet.<\/p>\n<p>Composizione: 36%POLIESTERE 35%ACRILICO 20%NYLON 9%LANA MADE IN PRC<br \/>\nStagione: AUTUNNO 2025<br \/>\nOrigine: IDEATO IN ITALIA MADE IN PRC<\/p>\n","protected":false},"excerpt":{"rendered":"<p>Polo in maglia con colletto strutturato e abbottonatura frontale, pensata per offrire uno stile casual ma curato. La lavorazione morbida e la vestibilit\u00e0 confortevole la rendono un capo versatile, ideale sia da sola sia sovrapposta a una camicia per un effetto pi\u00f9 ricercato. Perfetta per negozi che vogliono proporre maglieria moderna, pratica e di qualit\u00e0. [&#8230;]\n","protected":false},"featured_media":299160,"template":"","meta":{"content-type":""},"product_brand":[],"product_cat":[1383,1384,1392,2536],"product_tag":[],"class_list":{"0":"post-299095","1":"product","2":"type-product","3":"status-publish","4":"has-post-thumbnail","6":"product_cat-a25","7":"product_cat-maglie-a25","8":"product_cat-maglieria-a25","9":"product_cat-xmas-sale","11":"first","12":"instock","13":"sale","14":"taxable","15":"shipping-taxable","16":"purchasable","17":"product-type-variable"},"acf":[],"_links":{"self":[{"href":"https:\/\/www.myastreet.com\/en\/wp-json\/wp\/v2\/product\/299095","targetHints":{"allow":["GET"]}}],"collection":[{"href":"https:\/\/www.myastreet.com\/en\/wp-json\/wp\/v2\/product"}],"about":[{"href":"https:\/\/www.myastreet.com\/en\/wp-json\/wp\/v2\/types\/product"}],"wp:featuredmedia":[{"embeddable":true,"href":"https:\/\/www.myastreet.com\/en\/wp-json\/wp\/v2\/media\/299160"}],"wp:attachment":[{"href":"https:\/\/www.myastreet.com\/en\/wp-json\/wp\/v2\/media?parent=299095"}],"wp:term":[{"taxonomy":"product_brand","embeddable":true,"href":"https:\/\/www.myastreet.com\/en\/wp-json\/wp\/v2\/product_brand?post=299095"},{"taxonomy":"product_cat","embeddable":true,"href":"https:\/\/www.myastreet.com\/en\/wp-json\/wp\/v2\/product_cat?post=299095"},{"taxonomy":"product_tag","embeddable":true,"href":"https:\/\/www.myastreet.com\/en\/wp-json\/wp\/v2\/product_tag?post=299095"}],"curies":[{"name":"wp","href":"https:\/\/api.w.org\/{rel}","templated":true}]}}