










{"id":288699,"date":"2025-10-08T10:00:26","date_gmt":"2025-10-08T08:00:26","guid":{"rendered":"https:\/\/www.myastreet.com\/?post_type=product&#038;p=288699"},"modified":"2026-03-11T14:18:12","modified_gmt":"2026-03-11T13:18:12","slug":"kct3958-90-cintura","status":"publish","type":"product","link":"https:\/\/www.myastreet.com\/en\/products\/kct3958-90-cintura\/","title":{"rendered":"CINTURA CON CERCHI E BORCHIE"},"content":{"rendered":"<p>Cintura donna con cerchi e borchie decorativi, un accessorio dallo stile deciso che aggiunge un tocco grintoso a ogni outfit. Perfetta per valorizzare pantaloni, gonne o abiti, donando carattere e personalit\u00e0 al look. La chiusura regolabile garantisce una vestibilit\u00e0 comoda e versatile, adatta sia a uno stile casual che a uno pi\u00f9 elegante.<\/p>\n<p>&nbsp;<\/p>\n<p>Composizione: 100% PU MADE IN PRC<br \/>\nStagione: AUTUNNO 2025<br \/>\nOrigine: IDEATO IN ITALIA MADE IN PRC<\/p>\n","protected":false},"excerpt":{"rendered":"<p>Cintura donna con cerchi e borchie decorativi, un accessorio dallo stile deciso che aggiunge un tocco grintoso a ogni outfit. Perfetta per valorizzare pantaloni, gonne o abiti, donando carattere e personalit\u00e0 al look. La chiusura regolabile garantisce una vestibilit\u00e0 comoda e versatile, adatta sia a uno stile casual che a uno pi\u00f9 elegante. &nbsp; Composizione: [&#8230;]\n","protected":false},"featured_media":289289,"template":"","meta":{"content-type":""},"product_brand":[],"product_cat":[1445,1383],"product_tag":[],"class_list":{"0":"post-288699","1":"product","2":"type-product","3":"status-publish","4":"has-post-thumbnail","6":"product_cat-accessori-a25","7":"product_cat-a25","9":"first","10":"instock","11":"taxable","12":"shipping-taxable","13":"purchasable","14":"product-type-variable"},"acf":[],"_links":{"self":[{"href":"https:\/\/www.myastreet.com\/en\/wp-json\/wp\/v2\/product\/288699","targetHints":{"allow":["GET"]}}],"collection":[{"href":"https:\/\/www.myastreet.com\/en\/wp-json\/wp\/v2\/product"}],"about":[{"href":"https:\/\/www.myastreet.com\/en\/wp-json\/wp\/v2\/types\/product"}],"wp:featuredmedia":[{"embeddable":true,"href":"https:\/\/www.myastreet.com\/en\/wp-json\/wp\/v2\/media\/289289"}],"wp:attachment":[{"href":"https:\/\/www.myastreet.com\/en\/wp-json\/wp\/v2\/media?parent=288699"}],"wp:term":[{"taxonomy":"product_brand","embeddable":true,"href":"https:\/\/www.myastreet.com\/en\/wp-json\/wp\/v2\/product_brand?post=288699"},{"taxonomy":"product_cat","embeddable":true,"href":"https:\/\/www.myastreet.com\/en\/wp-json\/wp\/v2\/product_cat?post=288699"},{"taxonomy":"product_tag","embeddable":true,"href":"https:\/\/www.myastreet.com\/en\/wp-json\/wp\/v2\/product_tag?post=288699"}],"curies":[{"name":"wp","href":"https:\/\/api.w.org\/{rel}","templated":true}]}}