










{"id":320787,"date":"2026-04-22T10:16:35","date_gmt":"2026-04-22T08:16:35","guid":{"rendered":"https:\/\/www.myastreet.com\/?post_type=product&#038;p=320787"},"modified":"2026-04-23T19:18:33","modified_gmt":"2026-04-23T17:18:33","slug":"esgc109-06-giacca","status":"publish","type":"product","link":"https:\/\/www.myastreet.com\/el\/prodotti\/esgc109-06-giacca\/","title":{"rendered":"GIACCA DOPPIOPETTO IN MISTO LINO"},"content":{"rendered":"<p>Giacca da donna doppiopetto in misto lino, perfetta per un look raffinato ma disinvolto. Caratterizzata da quattro bottoni frontali, maniche a 3\/4 e spacchi laterali, unisce struttura e leggerezza garantendo comfort e libert\u00e0 di movimento. Il tessuto in misto lino, fresco e traspirante, la rende ideale per la stagione pi\u00f9 calda, mentre il taglio sartoriale valorizza la silhouette. Perfetta per outfit casual chic o pi\u00f9 eleganti, si abbina facilmente a pantaloni, abiti o gonne. Un capo versatile e immancabile per la primavera estate.<\/p>\n<p>&nbsp;<\/p>\n<p>Composizione: 55%LINO 45%VISCOSA MADE IN ITALY<br \/>\nStagione: ESTATE 2026<br \/>\nOrigine: MADE IN ITALY<\/p>\n","protected":false},"excerpt":{"rendered":"<p>Giacca da donna doppiopetto in misto lino, perfetta per un look raffinato ma disinvolto. Caratterizzata da quattro bottoni frontali, maniche a 3\/4 e spacchi laterali, unisce struttura e leggerezza garantendo comfort e libert\u00e0 di movimento. Il tessuto in misto lino, fresco e traspirante, la rende ideale per la stagione pi\u00f9 calda, mentre il taglio sartoriale [&#8230;]\n","protected":false},"featured_media":328795,"template":"","meta":{"content-type":""},"product_brand":[],"product_cat":[2726,2733,2618,2601],"product_tag":[],"class_list":{"0":"post-320787","1":"product","2":"type-product","3":"status-publish","4":"has-post-thumbnail","6":"product_cat-e26","7":"product_cat-giacche-soprabiti","8":"product_cat-blazers-overcoats-ss26","9":"product_cat-ss26","11":"first","12":"instock","13":"taxable","14":"shipping-taxable","15":"purchasable","16":"product-type-variable"},"acf":[],"_links":{"self":[{"href":"https:\/\/www.myastreet.com\/el\/wp-json\/wp\/v2\/product\/320787","targetHints":{"allow":["GET"]}}],"collection":[{"href":"https:\/\/www.myastreet.com\/el\/wp-json\/wp\/v2\/product"}],"about":[{"href":"https:\/\/www.myastreet.com\/el\/wp-json\/wp\/v2\/types\/product"}],"wp:featuredmedia":[{"embeddable":true,"href":"https:\/\/www.myastreet.com\/el\/wp-json\/wp\/v2\/media\/328795"}],"wp:attachment":[{"href":"https:\/\/www.myastreet.com\/el\/wp-json\/wp\/v2\/media?parent=320787"}],"wp:term":[{"taxonomy":"product_brand","embeddable":true,"href":"https:\/\/www.myastreet.com\/el\/wp-json\/wp\/v2\/product_brand?post=320787"},{"taxonomy":"product_cat","embeddable":true,"href":"https:\/\/www.myastreet.com\/el\/wp-json\/wp\/v2\/product_cat?post=320787"},{"taxonomy":"product_tag","embeddable":true,"href":"https:\/\/www.myastreet.com\/el\/wp-json\/wp\/v2\/product_tag?post=320787"}],"curies":[{"name":"wp","href":"https:\/\/api.w.org\/{rel}","templated":true}]}}