










{"id":320012,"date":"2026-03-24T09:07:03","date_gmt":"2026-03-24T08:07:03","guid":{"rendered":"https:\/\/www.myastreet.com\/?post_type=product&#038;p=320012"},"modified":"2026-05-09T13:48:14","modified_gmt":"2026-05-09T11:48:14","slug":"ma2832-06-pantalone","status":"publish","type":"product","link":"https:\/\/www.myastreet.com\/el\/prodotti\/ma2832-06-pantalone\/","title":{"rendered":"PANTALONI AMPI E FLUIDI CON PINCES"},"content":{"rendered":"<p>Linee morbide e fluide definiscono questi pantaloni ampi, pensati per accompagnare il movimento con naturalezza. Le pinces frontali aggiungono struttura ed eleganza, valorizzando la silhouette pur mantenendo una vestibilit\u00e0 rilassata. Versatili e raffinati, si adattano con facilit\u00e0 a look quotidiani o pi\u00f9 ricercati. Un capo senza tempo che esprime una femminilit\u00e0 contemporanea e sicura.<\/p>\n<p>Composizione: 65%VISCOSA 30%NYLON 5%ELASTAN MADE IN ITALY<br \/>\nStagione: ESTATE 2026<br \/>\nOrigine: MADE IN ITALY<\/p>\n","protected":false},"excerpt":{"rendered":"<p>Linee morbide e fluide definiscono questi pantaloni ampi, pensati per accompagnare il movimento con naturalezza. Le pinces frontali aggiungono struttura ed eleganza, valorizzando la silhouette pur mantenendo una vestibilit\u00e0 rilassata. Versatili e raffinati, si adattano con facilit\u00e0 a look quotidiani o pi\u00f9 ricercati. Un capo senza tempo che esprime una femminilit\u00e0 contemporanea e sicura. Composizione: [&#8230;]\n","protected":false},"featured_media":320728,"template":"","meta":{"content-type":""},"product_brand":[],"product_cat":[2726,2544,2728,2546],"product_tag":[],"class_list":{"0":"post-320012","1":"product","2":"type-product","3":"status-publish","4":"has-post-thumbnail","6":"product_cat-e26","7":"product_cat-p26","8":"product_cat-pantaloni","9":"product_cat-pantaloni-p26","11":"first","12":"instock","13":"taxable","14":"shipping-taxable","15":"purchasable","16":"product-type-variable"},"acf":[],"_links":{"self":[{"href":"https:\/\/www.myastreet.com\/el\/wp-json\/wp\/v2\/product\/320012","targetHints":{"allow":["GET"]}}],"collection":[{"href":"https:\/\/www.myastreet.com\/el\/wp-json\/wp\/v2\/product"}],"about":[{"href":"https:\/\/www.myastreet.com\/el\/wp-json\/wp\/v2\/types\/product"}],"wp:featuredmedia":[{"embeddable":true,"href":"https:\/\/www.myastreet.com\/el\/wp-json\/wp\/v2\/media\/320728"}],"wp:attachment":[{"href":"https:\/\/www.myastreet.com\/el\/wp-json\/wp\/v2\/media?parent=320012"}],"wp:term":[{"taxonomy":"product_brand","embeddable":true,"href":"https:\/\/www.myastreet.com\/el\/wp-json\/wp\/v2\/product_brand?post=320012"},{"taxonomy":"product_cat","embeddable":true,"href":"https:\/\/www.myastreet.com\/el\/wp-json\/wp\/v2\/product_cat?post=320012"},{"taxonomy":"product_tag","embeddable":true,"href":"https:\/\/www.myastreet.com\/el\/wp-json\/wp\/v2\/product_tag?post=320012"}],"curies":[{"name":"wp","href":"https:\/\/api.w.org\/{rel}","templated":true}]}}