










{"id":319275,"date":"2026-03-19T09:08:03","date_gmt":"2026-03-19T08:08:03","guid":{"rendered":"https:\/\/www.myastreet.com\/?post_type=product&#038;p=319275"},"modified":"2026-05-09T18:45:08","modified_gmt":"2026-05-09T16:45:08","slug":"bi176-06-portarossetto","status":"publish","type":"product","link":"https:\/\/www.myastreet.com\/el\/prodotti\/bi176-06-portarossetto\/","title":{"rendered":"PORTACHIAVI CON PORTAROSSETTO"},"content":{"rendered":"<p>Portachiavi con portarossetto Myastreet: l\u2019accessorio pratico e sofisticato pensato per accompagnare ogni momento della giornata con stile e funzionalit\u00e0. Ideale per la donna dinamica e femminile, questo portachiavi unisce design contemporaneo e utilit\u00e0, permettendo di avere sempre il rossetto a portata di mano.<\/p>\n<p>Perfetto da agganciare a borse, zaini o clutch, \u00e8 progettato per custodire il rossetto in modo sicuro e discreto, evitando ingombri e facilitando i ritocchi veloci durante la giornata o nelle occasioni speciali. Un dettaglio ricercato che completa il look e valorizza anche gli accessori.<\/p>\n<p>&nbsp;<\/p>\n<p>Composizione: 80%VETRO 20%PIETRA MADE IN PRC<br \/>\nStagione: ESTATE 2026<br \/>\nOrigine: IDEATO IN ITALIA MADE IN PRC<\/p>\n","protected":false},"excerpt":{"rendered":"<p>Portachiavi con portarossetto Myastreet: l\u2019accessorio pratico e sofisticato pensato per accompagnare ogni momento della giornata con stile e funzionalit\u00e0. Ideale per la donna dinamica e femminile, questo portachiavi unisce design contemporaneo e utilit\u00e0, permettendo di avere sempre il rossetto a portata di mano. Perfetto da agganciare a borse, zaini o clutch, \u00e8 progettato per custodire [&#8230;]\n","protected":false},"featured_media":319716,"template":"","meta":{"content-type":""},"product_brand":[],"product_cat":[2706,2730,2726,2544],"product_tag":[],"class_list":{"0":"post-319275","1":"product","2":"type-product","3":"status-publish","4":"has-post-thumbnail","6":"product_cat-accessori-p26","7":"product_cat-bigiotteria","8":"product_cat-e26","9":"product_cat-p26","11":"first","12":"instock","13":"taxable","14":"shipping-taxable","15":"purchasable","16":"product-type-variable"},"acf":[],"_links":{"self":[{"href":"https:\/\/www.myastreet.com\/el\/wp-json\/wp\/v2\/product\/319275","targetHints":{"allow":["GET"]}}],"collection":[{"href":"https:\/\/www.myastreet.com\/el\/wp-json\/wp\/v2\/product"}],"about":[{"href":"https:\/\/www.myastreet.com\/el\/wp-json\/wp\/v2\/types\/product"}],"wp:featuredmedia":[{"embeddable":true,"href":"https:\/\/www.myastreet.com\/el\/wp-json\/wp\/v2\/media\/319716"}],"wp:attachment":[{"href":"https:\/\/www.myastreet.com\/el\/wp-json\/wp\/v2\/media?parent=319275"}],"wp:term":[{"taxonomy":"product_brand","embeddable":true,"href":"https:\/\/www.myastreet.com\/el\/wp-json\/wp\/v2\/product_brand?post=319275"},{"taxonomy":"product_cat","embeddable":true,"href":"https:\/\/www.myastreet.com\/el\/wp-json\/wp\/v2\/product_cat?post=319275"},{"taxonomy":"product_tag","embeddable":true,"href":"https:\/\/www.myastreet.com\/el\/wp-json\/wp\/v2\/product_tag?post=319275"}],"curies":[{"name":"wp","href":"https:\/\/api.w.org\/{rel}","templated":true}]}}