










{"id":310579,"date":"2026-02-02T04:59:14","date_gmt":"2026-02-02T03:59:14","guid":{"rendered":"https:\/\/www.myastreet.com\/?post_type=product&#038;p=310579"},"modified":"2026-05-08T09:19:53","modified_gmt":"2026-05-08T07:19:53","slug":"o175062-06-jeans","status":"publish","type":"product","link":"https:\/\/www.myastreet.com\/el\/prodotti\/o175062-06-jeans\/","title":{"rendered":"JEANS CON BOTTONI A VISTA"},"content":{"rendered":"<p>Pantalone in denim Myastreet dal design contemporaneo, pensato per una donna sofisticata e grintosa. La vestibilit\u00e0 valorizza la silhouette garantendo comfort e libert\u00e0 di movimento, rendendolo ideale per un utilizzo quotidiano e versatile. Il modello \u00e8 caratterizzato da chiusura frontale con bottoni a vista e classiche tasche funzionali, dettagli che richiamano un\u2019estetica femminile ma decisa.<\/p>\n<p>&nbsp;<\/p>\n<p>Composizione: 70%COTONE 27%POLIESTERE 2%VISCOSA 1%ELASTAN MADE IN PRC<br \/>\nStagione: PRIMAVERA 2026<br \/>\nOrigine: IDEATO IN ITALIA MADE IN PRC<\/p>\n","protected":false},"excerpt":{"rendered":"<p>Pantalone in denim Myastreet dal design contemporaneo, pensato per una donna sofisticata e grintosa. La vestibilit\u00e0 valorizza la silhouette garantendo comfort e libert\u00e0 di movimento, rendendolo ideale per un utilizzo quotidiano e versatile. Il modello \u00e8 caratterizzato da chiusura frontale con bottoni a vista e classiche tasche funzionali, dettagli che richiamano un\u2019estetica femminile ma decisa. [&#8230;]\n","protected":false},"featured_media":312593,"template":"","meta":{"content-type":""},"product_brand":[],"product_cat":[2570,2544],"product_tag":[],"class_list":{"0":"post-310579","1":"product","2":"type-product","3":"status-publish","4":"has-post-thumbnail","6":"product_cat-jeans-p26","7":"product_cat-p26","9":"first","10":"instock","11":"taxable","12":"shipping-taxable","13":"purchasable","14":"product-type-variable"},"acf":[],"_links":{"self":[{"href":"https:\/\/www.myastreet.com\/el\/wp-json\/wp\/v2\/product\/310579","targetHints":{"allow":["GET"]}}],"collection":[{"href":"https:\/\/www.myastreet.com\/el\/wp-json\/wp\/v2\/product"}],"about":[{"href":"https:\/\/www.myastreet.com\/el\/wp-json\/wp\/v2\/types\/product"}],"wp:featuredmedia":[{"embeddable":true,"href":"https:\/\/www.myastreet.com\/el\/wp-json\/wp\/v2\/media\/312593"}],"wp:attachment":[{"href":"https:\/\/www.myastreet.com\/el\/wp-json\/wp\/v2\/media?parent=310579"}],"wp:term":[{"taxonomy":"product_brand","embeddable":true,"href":"https:\/\/www.myastreet.com\/el\/wp-json\/wp\/v2\/product_brand?post=310579"},{"taxonomy":"product_cat","embeddable":true,"href":"https:\/\/www.myastreet.com\/el\/wp-json\/wp\/v2\/product_cat?post=310579"},{"taxonomy":"product_tag","embeddable":true,"href":"https:\/\/www.myastreet.com\/el\/wp-json\/wp\/v2\/product_tag?post=310579"}],"curies":[{"name":"wp","href":"https:\/\/api.w.org\/{rel}","templated":true}]}}