










{"id":302461,"date":"2026-02-20T09:30:59","date_gmt":"2026-02-20T08:30:59","guid":{"rendered":"https:\/\/www.myastreet.com\/?post_type=product&#038;p=302461"},"modified":"2026-04-10T19:18:03","modified_gmt":"2026-04-10T17:18:03","slug":"o175006-06-jeans","status":"publish","type":"product","link":"https:\/\/www.myastreet.com\/el\/prodotti\/o175006-06-jeans\/","title":{"rendered":"JEANS VITA ALTA CON LAVAGGIO DELAV\u00c9"},"content":{"rendered":"<p data-start=\"228\" data-end=\"357\">Jeans a vita alta dal carattere contemporaneo, pensato per valorizzare la silhouette con una linea pulita e femminile.<\/p>\n<p data-start=\"359\" data-end=\"577\">Il design essenziale \u00e8 arricchito da leggere sfumature e dettagli che donano profondit\u00e0 al tessuto, rendendolo versatile e facile da inserire in total look casual o abbinamenti pi\u00f9 strutturati con blazer e maglieria.<\/p>\n<p data-start=\"579\" data-end=\"725\">Perfetto per una donna dinamica e sicura di s\u00e9, \u00e8 un capo trasversale che completa l\u2019offerta denim in negozio con uno stile attuale e commerciale.<\/p>\n<p>Composizione: 71%COTONE 26%POLIESTERE 2%VISCOSA 1%ELASTAN MADE IN PRC<br \/>\nStagione: PRIMAVERA 2026<br \/>\nOrigine: IDEATO IN ITALIA MADE IN PRC<\/p>\n","protected":false},"excerpt":{"rendered":"<p>Jeans a vita alta dal carattere contemporaneo, pensato per valorizzare la silhouette con una linea pulita e femminile. Il design essenziale \u00e8 arricchito da leggere sfumature e dettagli che donano profondit\u00e0 al tessuto, rendendolo versatile e facile da inserire in total look casual o abbinamenti pi\u00f9 strutturati con blazer e maglieria. Perfetto per una donna [&#8230;]\n","protected":false},"featured_media":316144,"template":"","meta":{"content-type":""},"product_brand":[],"product_cat":[2636,2602],"product_tag":[],"class_list":{"0":"post-302461","1":"product","2":"type-product","3":"status-publish","4":"has-post-thumbnail","6":"product_cat-jeans-ak26","7":"product_cat-ak26","9":"first","10":"outofstock","11":"taxable","12":"shipping-taxable","13":"purchasable","14":"product-type-variable"},"acf":[],"_links":{"self":[{"href":"https:\/\/www.myastreet.com\/el\/wp-json\/wp\/v2\/product\/302461","targetHints":{"allow":["GET"]}}],"collection":[{"href":"https:\/\/www.myastreet.com\/el\/wp-json\/wp\/v2\/product"}],"about":[{"href":"https:\/\/www.myastreet.com\/el\/wp-json\/wp\/v2\/types\/product"}],"wp:featuredmedia":[{"embeddable":true,"href":"https:\/\/www.myastreet.com\/el\/wp-json\/wp\/v2\/media\/316144"}],"wp:attachment":[{"href":"https:\/\/www.myastreet.com\/el\/wp-json\/wp\/v2\/media?parent=302461"}],"wp:term":[{"taxonomy":"product_brand","embeddable":true,"href":"https:\/\/www.myastreet.com\/el\/wp-json\/wp\/v2\/product_brand?post=302461"},{"taxonomy":"product_cat","embeddable":true,"href":"https:\/\/www.myastreet.com\/el\/wp-json\/wp\/v2\/product_cat?post=302461"},{"taxonomy":"product_tag","embeddable":true,"href":"https:\/\/www.myastreet.com\/el\/wp-json\/wp\/v2\/product_tag?post=302461"}],"curies":[{"name":"wp","href":"https:\/\/api.w.org\/{rel}","templated":true}]}}