










{"id":302332,"date":"2026-02-16T08:45:27","date_gmt":"2026-02-16T07:45:27","guid":{"rendered":"https:\/\/www.myastreet.com\/?post_type=product&#038;p=302332"},"modified":"2026-04-03T12:24:52","modified_gmt":"2026-04-03T10:24:52","slug":"pj0060b-06-gilet","status":"publish","type":"product","link":"https:\/\/www.myastreet.com\/el\/prodotti\/pj0060b-06-gilet\/","title":{"rendered":"GILET IN DENIM"},"content":{"rendered":"<p>Gilet donna in denim, pensato per completare il look con uno stile deciso e contemporaneo. Il modello presenta una struttura ispirata alla giacca in denim, con linea dritta e confortevole e taglio smanicato che lo rende versatile e facile da stratificare. La chiusura frontale con bottoni, le tasche applicate sul petto con patta e le tasche laterali aggiungono funzionalit\u00e0 e carattere al capo. La costruzione definita valorizza la silhouette mantenendo comfort e libert\u00e0 di movimento. Ideale da indossare sopra t-shirt, camicie o abiti, questo gilet \u00e8 una proposta di tendenza, perfetta per arricchire l\u2019assortimento del negozio con un capo pratico e attuale.<\/p>\n<p>Composizione: 100%COTONE MADE IN ITALY<br \/>\nStagione: PRIMAVERA 2026<br \/>\nOrigine: MADE IN ITALY<\/p>\n","protected":false},"excerpt":{"rendered":"<p>Gilet donna in denim, pensato per completare il look con uno stile deciso e contemporaneo. Il modello presenta una struttura ispirata alla giacca in denim, con linea dritta e confortevole e taglio smanicato che lo rende versatile e facile da stratificare. La chiusura frontale con bottoni, le tasche applicate sul petto con patta e le [&#8230;]\n","protected":false},"featured_media":305401,"template":"","meta":{"content-type":""},"product_brand":[],"product_cat":[2588,2756,2544],"product_tag":[],"class_list":{"0":"post-302332","1":"product","2":"type-product","3":"status-publish","4":"has-post-thumbnail","6":"product_cat-gilet-p26","7":"product_cat-mid-season-sale","8":"product_cat-p26","10":"first","11":"instock","12":"sale","13":"taxable","14":"shipping-taxable","15":"purchasable","16":"product-type-variable"},"acf":[],"_links":{"self":[{"href":"https:\/\/www.myastreet.com\/el\/wp-json\/wp\/v2\/product\/302332","targetHints":{"allow":["GET"]}}],"collection":[{"href":"https:\/\/www.myastreet.com\/el\/wp-json\/wp\/v2\/product"}],"about":[{"href":"https:\/\/www.myastreet.com\/el\/wp-json\/wp\/v2\/types\/product"}],"wp:featuredmedia":[{"embeddable":true,"href":"https:\/\/www.myastreet.com\/el\/wp-json\/wp\/v2\/media\/305401"}],"wp:attachment":[{"href":"https:\/\/www.myastreet.com\/el\/wp-json\/wp\/v2\/media?parent=302332"}],"wp:term":[{"taxonomy":"product_brand","embeddable":true,"href":"https:\/\/www.myastreet.com\/el\/wp-json\/wp\/v2\/product_brand?post=302332"},{"taxonomy":"product_cat","embeddable":true,"href":"https:\/\/www.myastreet.com\/el\/wp-json\/wp\/v2\/product_cat?post=302332"},{"taxonomy":"product_tag","embeddable":true,"href":"https:\/\/www.myastreet.com\/el\/wp-json\/wp\/v2\/product_tag?post=302332"}],"curies":[{"name":"wp","href":"https:\/\/api.w.org\/{rel}","templated":true}]}}