










{"id":301932,"date":"2026-02-01T03:53:34","date_gmt":"2026-02-01T02:53:34","guid":{"rendered":"https:\/\/www.myastreet.com\/?post_type=product&#038;p=301932"},"modified":"2026-04-25T09:19:15","modified_gmt":"2026-04-25T07:19:15","slug":"lm70961-06-gonna","status":"publish","type":"product","link":"https:\/\/www.myastreet.com\/el\/prodotti\/lm70961-06-gonna\/","title":{"rendered":"GONNA LUNGA IN PAILLETTES"},"content":{"rendered":"<p>Gonna lunga donna dal forte impatto visivo, caratterizzata da una superficie interamente decorata con paillettes che dona luminosit\u00e0 e movimento al capo. La linea dritta e fluida valorizza la silhouette, creando un equilibrio perfetto tra femminilit\u00e0 e carattere contemporaneo.<\/p>\n<p>Pensata per elevare anche gli abbinamenti pi\u00f9 essenziali, questa gonna si presta sia a look pi\u00f9 audaci che a interpretazioni casual chic, giocando sul contrasto tra texture e styling. Un capo statement ideale per la donna Myastreet che ama distinguersi senza rinunciare alla versatilit\u00e0.<\/p>\n<p>&nbsp;<\/p>\n<p>Composizione: 100%POLIESTERE MADE IN ITALY<br \/>\nStagione: PRIMAVERA 2026<br \/>\nOrigine: MADE IN ITALY<\/p>\n","protected":false},"excerpt":{"rendered":"<p>Gonna lunga donna dal forte impatto visivo, caratterizzata da una superficie interamente decorata con paillettes che dona luminosit\u00e0 e movimento al capo. La linea dritta e fluida valorizza la silhouette, creando un equilibrio perfetto tra femminilit\u00e0 e carattere contemporaneo. Pensata per elevare anche gli abbinamenti pi\u00f9 essenziali, questa gonna si presta sia a look pi\u00f9 [&#8230;]\n","protected":false},"featured_media":313001,"template":"","meta":{"content-type":""},"product_brand":[],"product_cat":[2577,2756,2544],"product_tag":[2731],"class_list":{"0":"post-301932","1":"product","2":"type-product","3":"status-publish","4":"has-post-thumbnail","6":"product_cat-gonne-p26","7":"product_cat-mid-season-sale","8":"product_cat-p26","9":"product_tag-sconto26","11":"first","12":"instock","13":"sale","14":"taxable","15":"shipping-taxable","16":"purchasable","17":"product-type-variable"},"acf":[],"_links":{"self":[{"href":"https:\/\/www.myastreet.com\/el\/wp-json\/wp\/v2\/product\/301932","targetHints":{"allow":["GET"]}}],"collection":[{"href":"https:\/\/www.myastreet.com\/el\/wp-json\/wp\/v2\/product"}],"about":[{"href":"https:\/\/www.myastreet.com\/el\/wp-json\/wp\/v2\/types\/product"}],"wp:featuredmedia":[{"embeddable":true,"href":"https:\/\/www.myastreet.com\/el\/wp-json\/wp\/v2\/media\/313001"}],"wp:attachment":[{"href":"https:\/\/www.myastreet.com\/el\/wp-json\/wp\/v2\/media?parent=301932"}],"wp:term":[{"taxonomy":"product_brand","embeddable":true,"href":"https:\/\/www.myastreet.com\/el\/wp-json\/wp\/v2\/product_brand?post=301932"},{"taxonomy":"product_cat","embeddable":true,"href":"https:\/\/www.myastreet.com\/el\/wp-json\/wp\/v2\/product_cat?post=301932"},{"taxonomy":"product_tag","embeddable":true,"href":"https:\/\/www.myastreet.com\/el\/wp-json\/wp\/v2\/product_tag?post=301932"}],"curies":[{"name":"wp","href":"https:\/\/api.w.org\/{rel}","templated":true}]}}