










{"id":285535,"date":"2025-10-08T09:49:25","date_gmt":"2025-10-08T07:49:25","guid":{"rendered":"https:\/\/www.myastreet.com\/?post_type=product&#038;p=285535"},"modified":"2026-01-27T19:18:03","modified_gmt":"2026-01-27T18:18:03","slug":"am894-90-maglia","status":"publish","type":"product","link":"https:\/\/www.myastreet.com\/el\/prodotti\/am894-90-maglia\/","title":{"rendered":"MAGLIA A MANICHE LUNGHE ADERENTE DAL TAGLIO ASIMMETRICO"},"content":{"rendered":"<p data-start=\"93\" data-end=\"371\">La maglia a maniche lunghe aderete dal taglio asimmetrico firmata <strong data-start=\"151\" data-end=\"164\">Myastreet<\/strong> \u00e8 un capo che unisce design moderno e comfort quotidiano. Il taglio irregolare crea un movimento elegante e dinamico, mentre la vestibilit\u00e0 aderente valorizza la silhouette senza rinunciare alla praticit\u00e0.<\/p>\n<p data-start=\"373\" data-end=\"549\">Perfetta da indossare con pantaloni eleganti o gonne midi, aggiunge un tocco di originalit\u00e0 a ogni outfit, incarnando lo spirito sofisticato e grintoso della donna Myastreet.<\/p>\n<p>&nbsp;<\/p>\n<p>Composizione: 67%VISCOSA 28%POLIAMMIDE 5%ELASTAN MADE IN ITALY<br \/>\nStagione: INVERNO 2025<br \/>\nOrigine: MADE IN ITALY<\/p>\n","protected":false},"excerpt":{"rendered":"<p>La maglia a maniche lunghe aderete dal taglio asimmetrico firmata Myastreet \u00e8 un capo che unisce design moderno e comfort quotidiano. Il taglio irregolare crea un movimento elegante e dinamico, mentre la vestibilit\u00e0 aderente valorizza la silhouette senza rinunciare alla praticit\u00e0. Perfetta da indossare con pantaloni eleganti o gonne midi, aggiunge un tocco di originalit\u00e0 [&#8230;]\n","protected":false},"featured_media":288809,"template":"","meta":{"content-type":""},"product_brand":[],"product_cat":[1448,1383,1479,1384,2536],"product_tag":[],"class_list":{"0":"post-285535","1":"product","2":"type-product","3":"status-publish","4":"has-post-thumbnail","6":"product_cat-i25","7":"product_cat-a25","8":"product_cat-maglie-i25","9":"product_cat-maglie-a25","10":"product_cat-xmas-sale","12":"first","13":"instock","14":"sale","15":"taxable","16":"shipping-taxable","17":"purchasable","18":"product-type-variable"},"acf":[],"_links":{"self":[{"href":"https:\/\/www.myastreet.com\/el\/wp-json\/wp\/v2\/product\/285535","targetHints":{"allow":["GET"]}}],"collection":[{"href":"https:\/\/www.myastreet.com\/el\/wp-json\/wp\/v2\/product"}],"about":[{"href":"https:\/\/www.myastreet.com\/el\/wp-json\/wp\/v2\/types\/product"}],"wp:featuredmedia":[{"embeddable":true,"href":"https:\/\/www.myastreet.com\/el\/wp-json\/wp\/v2\/media\/288809"}],"wp:attachment":[{"href":"https:\/\/www.myastreet.com\/el\/wp-json\/wp\/v2\/media?parent=285535"}],"wp:term":[{"taxonomy":"product_brand","embeddable":true,"href":"https:\/\/www.myastreet.com\/el\/wp-json\/wp\/v2\/product_brand?post=285535"},{"taxonomy":"product_cat","embeddable":true,"href":"https:\/\/www.myastreet.com\/el\/wp-json\/wp\/v2\/product_cat?post=285535"},{"taxonomy":"product_tag","embeddable":true,"href":"https:\/\/www.myastreet.com\/el\/wp-json\/wp\/v2\/product_tag?post=285535"}],"curies":[{"name":"wp","href":"https:\/\/api.w.org\/{rel}","templated":true}]}}