










{"id":281876,"date":"2025-09-11T16:05:52","date_gmt":"2025-09-11T14:05:52","guid":{"rendered":"https:\/\/www.myastreet.com\/?post_type=product&#038;p=281876"},"modified":"2026-03-05T17:19:09","modified_gmt":"2026-03-05T16:19:09","slug":"espt313-90-pantalone","status":"publish","type":"product","link":"https:\/\/www.myastreet.com\/el\/prodotti\/espt313-90-pantalone\/","title":{"rendered":"PANTALONI IN PUNTO MILANO"},"content":{"rendered":"<p>Pantaloni donna firmati <strong data-start=\"150\" data-end=\"163\">Myastreet<\/strong>, realizzati in <strong data-start=\"179\" data-end=\"195\">punto Milano<\/strong>, un tessuto tecnico ed elasticizzato che garantisce comfort, praticit\u00e0 e una perfetta vestibilit\u00e0. La linea pulita e moderna li rende un capo versatile, ideale sia per look casual chic che per outfit pi\u00f9 eleganti. Facili da abbinare a camicie, top o blazer, sono un <strong data-start=\"462\" data-end=\"487\" data-is-only-node=\"\">must-have di stagione<\/strong> per la donna che desidera coniugare stile e funzionalit\u00e0 in ogni occasione.<\/p>\n<p>&nbsp;<\/p>\n<p>Composizione: 65%VISCOSA 30%NYLON 5%ELASTAN MADE IN ITALY<br \/>\nStagione: AUTUNNO 2025<br \/>\nOrigine: MADE IN ITALY<\/p>\n","protected":false},"excerpt":{"rendered":"<p>Pantaloni donna firmati Myastreet, realizzati in punto Milano, un tessuto tecnico ed elasticizzato che garantisce comfort, praticit\u00e0 e una perfetta vestibilit\u00e0. La linea pulita e moderna li rende un capo versatile, ideale sia per look casual chic che per outfit pi\u00f9 eleganti. Facili da abbinare a camicie, top o blazer, sono un must-have di stagione [&#8230;]\n","protected":false},"featured_media":282812,"template":"","meta":{"content-type":""},"product_brand":[],"product_cat":[1448,1383,1386,2536],"product_tag":[],"class_list":{"0":"post-281876","1":"product","2":"type-product","3":"status-publish","4":"has-post-thumbnail","6":"product_cat-i25","7":"product_cat-a25","8":"product_cat-pantaloni-a25","9":"product_cat-xmas-sale","11":"first","12":"instock","13":"sale","14":"taxable","15":"shipping-taxable","16":"purchasable","17":"product-type-variable"},"acf":[],"_links":{"self":[{"href":"https:\/\/www.myastreet.com\/el\/wp-json\/wp\/v2\/product\/281876","targetHints":{"allow":["GET"]}}],"collection":[{"href":"https:\/\/www.myastreet.com\/el\/wp-json\/wp\/v2\/product"}],"about":[{"href":"https:\/\/www.myastreet.com\/el\/wp-json\/wp\/v2\/types\/product"}],"wp:featuredmedia":[{"embeddable":true,"href":"https:\/\/www.myastreet.com\/el\/wp-json\/wp\/v2\/media\/282812"}],"wp:attachment":[{"href":"https:\/\/www.myastreet.com\/el\/wp-json\/wp\/v2\/media?parent=281876"}],"wp:term":[{"taxonomy":"product_brand","embeddable":true,"href":"https:\/\/www.myastreet.com\/el\/wp-json\/wp\/v2\/product_brand?post=281876"},{"taxonomy":"product_cat","embeddable":true,"href":"https:\/\/www.myastreet.com\/el\/wp-json\/wp\/v2\/product_cat?post=281876"},{"taxonomy":"product_tag","embeddable":true,"href":"https:\/\/www.myastreet.com\/el\/wp-json\/wp\/v2\/product_tag?post=281876"}],"curies":[{"name":"wp","href":"https:\/\/api.w.org\/{rel}","templated":true}]}}