










{"id":280263,"date":"2025-10-20T19:00:58","date_gmt":"2025-10-20T17:00:58","guid":{"rendered":"https:\/\/www.myastreet.com\/?post_type=product&#038;p=280263"},"modified":"2026-04-10T14:18:56","modified_gmt":"2026-04-10T12:18:56","slug":"lb25001-borsa","status":"publish","type":"product","link":"https:\/\/www.myastreet.com\/el\/prodotti\/lb25001-borsa\/","title":{"rendered":"BORSA A SPALLA IN SIMILPELLE CON CHIUSURA METALLICA"},"content":{"rendered":"<p>Borsa a spalla dal design moderno e sinuoso, realizzata in similpelle morbida e liscia. La silhouette ampia e destrutturata \u00e8 valorizzata da una chiusura con dettaglio sferico metallico che dona un tocco sofisticato e originale. Dotata di manico unico, \u00e8 comoda da indossare e perfetta per un utilizzo quotidiano. Un accessorio versatile che unisce praticit\u00e0 e stile, ideale per completare look eleganti o casual con personalit\u00e0.<\/p>\n<p>Dimensioni: 37 x 13 x 42cm<\/p>\n<p>Composizione: 100%POLYURETHANE<br \/>\nStagione: PE26<br \/>\nOrigine: IDEATO IN ITALIA MADE IN PRC<\/p>\n","protected":false},"excerpt":{"rendered":"<p>Borsa a spalla dal design moderno e sinuoso, realizzata in similpelle morbida e liscia. La silhouette ampia e destrutturata \u00e8 valorizzata da una chiusura con dettaglio sferico metallico che dona un tocco sofisticato e originale. Dotata di manico unico, \u00e8 comoda da indossare e perfetta per un utilizzo quotidiano. Un accessorio versatile che unisce praticit\u00e0 [&#8230;]\n","protected":false},"featured_media":291018,"template":"","meta":{"content-type":""},"product_brand":[],"product_cat":[2718,2544],"product_tag":[],"class_list":{"0":"post-280263","1":"product","2":"type-product","3":"status-publish","4":"has-post-thumbnail","6":"product_cat-borse-zaini-p26","7":"product_cat-p26","9":"first","10":"instock","11":"taxable","12":"shipping-taxable","13":"purchasable","14":"product-type-variable"},"acf":[],"_links":{"self":[{"href":"https:\/\/www.myastreet.com\/el\/wp-json\/wp\/v2\/product\/280263","targetHints":{"allow":["GET"]}}],"collection":[{"href":"https:\/\/www.myastreet.com\/el\/wp-json\/wp\/v2\/product"}],"about":[{"href":"https:\/\/www.myastreet.com\/el\/wp-json\/wp\/v2\/types\/product"}],"wp:featuredmedia":[{"embeddable":true,"href":"https:\/\/www.myastreet.com\/el\/wp-json\/wp\/v2\/media\/291018"}],"wp:attachment":[{"href":"https:\/\/www.myastreet.com\/el\/wp-json\/wp\/v2\/media?parent=280263"}],"wp:term":[{"taxonomy":"product_brand","embeddable":true,"href":"https:\/\/www.myastreet.com\/el\/wp-json\/wp\/v2\/product_brand?post=280263"},{"taxonomy":"product_cat","embeddable":true,"href":"https:\/\/www.myastreet.com\/el\/wp-json\/wp\/v2\/product_cat?post=280263"},{"taxonomy":"product_tag","embeddable":true,"href":"https:\/\/www.myastreet.com\/el\/wp-json\/wp\/v2\/product_tag?post=280263"}],"curies":[{"name":"wp","href":"https:\/\/api.w.org\/{rel}","templated":true}]}}