










{"id":280236,"date":"2025-10-22T05:40:13","date_gmt":"2025-10-22T03:40:13","guid":{"rendered":"https:\/\/www.myastreet.com\/?post_type=product&#038;p=280236"},"modified":"2026-04-09T14:19:10","modified_gmt":"2026-04-09T12:19:10","slug":"lb2409182y-borsa","status":"publish","type":"product","link":"https:\/\/www.myastreet.com\/el\/prodotti\/lb2409182y-borsa\/","title":{"rendered":"BORSA TRAPUNTATA CON CATENA"},"content":{"rendered":"<p>Borsa a spalla realizzata in similpelle trapuntata con cuciture a rombi e chiusura frontale con dettaglio dorato. Il manico doppio con catena e inserto in similpelle garantisce comfort e un tocco sofisticato. Morbida e strutturata al tempo stesso, \u00e8 perfetta per aggiungere eleganza ai look quotidiani o per completare outfit pi\u00f9 raffinati. Un modello iconico che unisce stile e praticit\u00e0 con una nota moderna.<\/p>\n<p>Dimensioni: 32 x 10 x 22CM<\/p>\n<p>Composizione: 100%POLYURETHANE<br \/>\nStagione: pe26<br \/>\nOrigine: IDEATO IN ITALIA MADE IN PRC<\/p>\n","protected":false},"excerpt":{"rendered":"<p>Borsa a spalla realizzata in similpelle trapuntata con cuciture a rombi e chiusura frontale con dettaglio dorato. Il manico doppio con catena e inserto in similpelle garantisce comfort e un tocco sofisticato. Morbida e strutturata al tempo stesso, \u00e8 perfetta per aggiungere eleganza ai look quotidiani o per completare outfit pi\u00f9 raffinati. Un modello iconico [&#8230;]\n","protected":false},"featured_media":290653,"template":"","meta":{"content-type":""},"product_brand":[],"product_cat":[2718,2544],"product_tag":[],"class_list":{"0":"post-280236","1":"product","2":"type-product","3":"status-publish","4":"has-post-thumbnail","6":"product_cat-borse-zaini-p26","7":"product_cat-p26","9":"first","10":"instock","11":"taxable","12":"shipping-taxable","13":"purchasable","14":"product-type-variable"},"acf":[],"_links":{"self":[{"href":"https:\/\/www.myastreet.com\/el\/wp-json\/wp\/v2\/product\/280236","targetHints":{"allow":["GET"]}}],"collection":[{"href":"https:\/\/www.myastreet.com\/el\/wp-json\/wp\/v2\/product"}],"about":[{"href":"https:\/\/www.myastreet.com\/el\/wp-json\/wp\/v2\/types\/product"}],"wp:featuredmedia":[{"embeddable":true,"href":"https:\/\/www.myastreet.com\/el\/wp-json\/wp\/v2\/media\/290653"}],"wp:attachment":[{"href":"https:\/\/www.myastreet.com\/el\/wp-json\/wp\/v2\/media?parent=280236"}],"wp:term":[{"taxonomy":"product_brand","embeddable":true,"href":"https:\/\/www.myastreet.com\/el\/wp-json\/wp\/v2\/product_brand?post=280236"},{"taxonomy":"product_cat","embeddable":true,"href":"https:\/\/www.myastreet.com\/el\/wp-json\/wp\/v2\/product_cat?post=280236"},{"taxonomy":"product_tag","embeddable":true,"href":"https:\/\/www.myastreet.com\/el\/wp-json\/wp\/v2\/product_tag?post=280236"}],"curies":[{"name":"wp","href":"https:\/\/api.w.org\/{rel}","templated":true}]}}