










{"id":269579,"date":"2025-07-18T09:30:25","date_gmt":"2025-07-18T07:30:25","guid":{"rendered":"https:\/\/www.myastreet.com\/?post_type=product&#038;p=269579"},"modified":"2026-03-05T17:29:43","modified_gmt":"2026-03-05T16:29:43","slug":"o17375-90-jeans-neri-strass-all-over","status":"publish","type":"product","link":"https:\/\/www.myastreet.com\/el\/prodotti\/o17375-90-jeans-neri-strass-all-over\/","title":{"rendered":"JEANS NERI CON STRASS ALL-OVER"},"content":{"rendered":"<h4 data-start=\"231\" data-end=\"613\">Jeans neri con strass all-over denim che non passa inosservato. Il jeans da donna Myastreet con applicazione di strass all-over \u00e8 il capo perfetto per aggiungere un tocco di luce e personalit\u00e0 al guardaroba della nuova stagione. Parte della collezione Autunno\/Inverno 2025\/2026, questo modello unisce l\u2019anima casual del denim al fascino brillante degli strass, per una proposta grintosa, femminile e originale.<\/h4>\n<p data-start=\"615\" data-end=\"961\">Il taglio \u00e8 dritto, con vita media elasticizzata sul retro per una vestibilit\u00e0 comoda e moderna. Il tessuto in cotone con leggera componente elastica garantisce comfort e libert\u00e0 di movimento. La lavorazione d\u00e9grad\u00e9 degli strass crea un effetto luminoso dinamico, senza risultare eccessivo, perfetto per outfit day-to-night.<\/p>\n<p data-start=\"963\" data-end=\"1107\">Abbinalo a una camicia minimal o a un blazer per un contrasto di stile sofisticato, oppure osa con un top in maglia per un total look brillante.<\/p>\n<p data-start=\"1109\" data-end=\"1138\"><strong data-start=\"1109\" data-end=\"1138\">Caratteristiche prodotto:<\/strong><\/p>\n<ul data-start=\"1139\" data-end=\"1392\">\n<li data-start=\"1139\" data-end=\"1185\">\n<p data-start=\"1141\" data-end=\"1185\">Jeans donna con applicazione strass all-over<\/p>\n<\/li>\n<li data-start=\"1186\" data-end=\"1201\">\n<p data-start=\"1188\" data-end=\"1201\">Taglio dritto<\/p>\n<\/li>\n<li data-start=\"1202\" data-end=\"1238\">\n<p data-start=\"1204\" data-end=\"1238\">Vita media con elastico posteriore<\/p>\n<\/li>\n<li data-start=\"1239\" data-end=\"1254\">\n<p data-start=\"1241\" data-end=\"1254\">Cinque tasche<\/p>\n<\/li>\n<li data-start=\"1255\" data-end=\"1283\">\n<p data-start=\"1257\" data-end=\"1283\">Chiusura con bottone e zip<\/p>\n<\/li>\n<li data-start=\"1310\" data-end=\"1349\">\n<p data-start=\"1312\" data-end=\"1349\">Tessuto confortevole in denim stretch<\/p>\n<\/li>\n<\/ul>\n<p>Composizione: 62.9%COTONE 29%POLIESTERE 7.5%VISCOSA 0.6%ELASTAN<br \/>\nStagione: AUTUNNO 2025<br \/>\nOrigine: IDEATO IN ITALIA MADE IN PRC<\/p>\n","protected":false},"excerpt":{"rendered":"<p>Jeans neri con strass all-over denim che non passa inosservato. Il jeans da donna Myastreet con applicazione di strass all-over \u00e8 il capo perfetto per aggiungere un tocco di luce e personalit\u00e0 al guardaroba della nuova stagione. Parte della collezione Autunno\/Inverno 2025\/2026, questo modello unisce l\u2019anima casual del denim al fascino brillante degli strass, per [&#8230;]\n","protected":false},"featured_media":270645,"template":"","meta":{"content-type":""},"product_brand":[],"product_cat":[1400,1427],"product_tag":[],"class_list":{"0":"post-269579","1":"product","2":"type-product","3":"status-publish","4":"has-post-thumbnail","6":"product_cat-25-26","7":"product_cat-jeans-24","9":"first","10":"instock","11":"taxable","12":"shipping-taxable","13":"purchasable","14":"product-type-variable"},"acf":[],"_links":{"self":[{"href":"https:\/\/www.myastreet.com\/el\/wp-json\/wp\/v2\/product\/269579","targetHints":{"allow":["GET"]}}],"collection":[{"href":"https:\/\/www.myastreet.com\/el\/wp-json\/wp\/v2\/product"}],"about":[{"href":"https:\/\/www.myastreet.com\/el\/wp-json\/wp\/v2\/types\/product"}],"wp:featuredmedia":[{"embeddable":true,"href":"https:\/\/www.myastreet.com\/el\/wp-json\/wp\/v2\/media\/270645"}],"wp:attachment":[{"href":"https:\/\/www.myastreet.com\/el\/wp-json\/wp\/v2\/media?parent=269579"}],"wp:term":[{"taxonomy":"product_brand","embeddable":true,"href":"https:\/\/www.myastreet.com\/el\/wp-json\/wp\/v2\/product_brand?post=269579"},{"taxonomy":"product_cat","embeddable":true,"href":"https:\/\/www.myastreet.com\/el\/wp-json\/wp\/v2\/product_cat?post=269579"},{"taxonomy":"product_tag","embeddable":true,"href":"https:\/\/www.myastreet.com\/el\/wp-json\/wp\/v2\/product_tag?post=269579"}],"curies":[{"name":"wp","href":"https:\/\/api.w.org\/{rel}","templated":true}]}}