










{"id":198472,"date":"2021-05-11T11:36:50","date_gmt":"2021-05-11T09:36:50","guid":{"rendered":"https:\/\/www.myastreet.com\/termini-e-condizioni\/"},"modified":"2025-12-16T12:52:28","modified_gmt":"2025-12-16T11:52:28","slug":"termini-e-condizioni","status":"publish","type":"page","link":"https:\/\/www.myastreet.com\/el\/termini-e-condizioni\/","title":{"rendered":"\u038c\u03c1\u03bf\u03b9 \u03ba\u03b1\u03b9 \u03a0\u03c1\u03bf\u03cb\u03c0\u03bf\u03b8\u03ad\u03c3\u03b5\u03b9\u03c2"},"content":{"rendered":"\n\t<section class=\"section\" id=\"section_766364175\">\n\t\t<div class=\"section-bg fill\" >\n\t\t\t\t\t\t\t\t\t\n\t\t\t\n\n\t\t<\/div>\n\n\t\t\n\n\t\t<div class=\"section-content relative\">\n\t\t\t\n<div class=\"row align-center\"  id=\"row-487832059\">\n\n\t<div id=\"col-1350599869\" class=\"col medium-8 small-12 large-8\"  >\n\t\t\t\t<div class=\"col-inner\"  >\n\t\t\t\n\t\t\t\n\t<div id=\"text-1286654644\" class=\"text\">\n\t\t\n<h3>TERMINI E CONDIZIONI DI VENDITA<\/h3>\n<p>\n\t\t\n<style>\n#text-1286654644 {\n  text-align: center;\n}\n<\/style>\n\t<\/div>\n\t\n\t<div id=\"gap-214777937\" class=\"gap-element clearfix\" style=\"display:block; height:auto;\">\n\t\t\n<style>\n#gap-214777937 {\n  padding-top: 30px;\n}\n<\/style>\n\t<\/div>\n\t\n<p>I presenti termini e condizioni disciplinano le vendite dei prodotti sul Sito <strong>https:\/\/www.myastreet.com <\/strong>e ne regolano l\u2019utilizzo.<\/p>\n<p><\/p>\n<p>Il Venditore si riserva il diritto di modificare periodicamente i presenti Termini e Condizioni di vendita e la Privacy Policy, per esempio in seguito a modifiche a livello legislativo o normativo o delle funzioni del Sito. Le predette modifiche saranno rese note agli Utenti tramite il Sito con un apposito avviso e per la durata di 10 (dieci) giorni a far data dalla modifica. La vendita on line dei prodotti sul Sito si rivolge esclusivamente ad aziende commerciali con partita IVA. Di seguito si riportano le Termini e Condizioni di vendita applicabili a qualsiasi Prodotto venduto sul Sito.<\/p>\n<p><\/p>\n<p><strong><br \/>ART. 1 DEFINIZIONI<\/strong><\/p>\n<p><\/p>\n<p>Ai fini del presente contratto, si intende per:<\/p>\n<p><\/p>\n<p><strong>Venditore<\/strong>: Myomya Srl con sede legale in Brescia (BS) 25123 alla via Orzinuovi n. 52A\/52B, P. Iva 03078220989, email: info@myastreet.com<\/p>\n<p><\/p>\n<p><strong>Termini e condizioni o Contratto<\/strong>: l&#8217;insieme delle presenti clausole contrattuali che determinano e definiscono i rapporti tra il Venditore e il Cliente.<\/p>\n<p><\/p>\n<p><strong>Piattaforma o Sito:<\/strong> il Sito https:\/\/www.myastreet.com<\/p>\n<p><\/p>\n<p><strong>Utenti:<\/strong> qualsiasi soggetto che accede al Sito e ne continua la navigazione<\/p>\n<p><\/p>\n<p><strong>Cliente:<\/strong> qualsiasi soggetto che acquista i prodotti venduti tramite il Sito.<\/p>\n<p><\/p>\n<p><strong>Professionista<\/strong>: la persona fisica o giuridica, l\u2019azienda commerciale che agisce nell&#8217;esercizio della sua attivit\u00e0 imprenditoriale e commerciale e che acquista con partita iva.<\/p>\n<p><\/p>\n<p><strong>Prodotti<\/strong>: vendita all\u2019ingrosso, in regime di Commercio Elettronico, principalmente di abbigliamento donna e accessori moda.<\/p>\n<p><\/p>\n<p><strong>Ordine di acquisto o Ordine: <\/strong>la proposta di acquisto effettuata dall\u2019Utente attraverso le procedure del Sito ed in particolare tramite il Carrello.<\/p>\n<p><\/p>\n<p><strong>Acquisto<\/strong>: l&#8217;acquisto oneroso dei prodotti di cui sopra dal giorno della conclusione dell&#8217;acquisto.<\/p>\n<p><\/p>\n<p><strong>Carrello: <\/strong>la fase della procedura di acquisto in cui l\u2019Utente formula la propria proposta di acquisto, selezionando le modalit\u00e0 di pagamento, di consegna della merce e simili.<\/p>\n<p><\/p>\n<p><strong><br \/>ART. 2 OGGETTO <\/strong><\/p>\n<p><\/p>\n<p>I presenti Termini e Condizioni di vendita riguardano i prodotti di cui al successivo art. 3 e sono validi tra il Venditore e qualsiasi Utente che effettua in qualit\u00e0 di Professionista, un acquisto sul Sito. Qualora una delle condizioni risulti essere nulla o inefficace, l\u2019eventuale nullit\u00e0 o inefficacia non si estende alle restanti clausole dei presenti termini e condizioni.<\/p>\n<p><\/p>\n<p><strong><br \/>ART. 3 DESCRIZIONE DEI PRODOTTI<\/strong><\/p>\n<p><\/p>\n<p>Il Sito si occupa di vendita all\u2019ingrosso, in regime di Commercio Elettronico, principalmente di abbigliamento donna e accessori moda. Tutti i prodotti offerti sono descritti e illustrati all\u2019interno del Sito, nelle rispettive sezioni. Le immagini dei Prodotti presenti sul Sito hanno fini dimostrativi ed illustrativi e sono rappresentate nel miglior modo possibile. Tuttavia, potrebbero evidenziarsi alcuni errori, imprecisioni o piccole differenze tra la rappresentazione grafica\/fotografica del Prodotto ed il Prodotto reale. Le fotografie dei Prodotti presentate sul Sito non costituiscono pertanto elemento contrattuale, in quanto meramente e simbolicamente rappresentative del Prodotto compravenduto. Vista tale particolare modalit\u00e0 di vendita, si avvisa l&#8217;Utente che le eventuali difformit\u00e0 tra le rappresentazioni dei Prodotti sul Sito ed i Prodotti effettivamente consegnati sono contestabili solo se notevoli. Il Cliente prende atto e accetta che per effettuare il primo acquisto dovr\u00e0 raggiungere una soglia di spesa minima indicata dal Venditore nel sito.<\/p>\n<p><\/p>\n<p><strong><br \/>ART. 4 PREZZI E SPESE ACCESSORIE <\/strong><\/p>\n<p><\/p>\n<p>I prezzi dei Prodotti sono esposti in euro. In particolare, nel carrello saranno riportati in dettaglio:<\/p>\n<p><\/p>\n<p>&#8211; il prezzo del Prodotto;<\/p>\n<p><\/p>\n<p>&#8211; le spese di consegna.<\/p>\n<p><\/p>\n<p>I prezzi del negozio on line possono subire delle variazioni. In casi del genere vengono considerati i prezzi pubblicati al momento dell\u2019Ordine sul negozio on line.<\/p>\n<p><\/p>\n<p><strong><br \/>ART. 5 REGISTRAZIONE <\/strong><\/p>\n<p><\/p>\n<p>Al fine di poter effettuare acquisti presso il Sito, l&#8217;Utente dovr\u00e0 effettuare un\u2019apposita registrazione, attraverso cui inserire i propri dati personali, fiscali e aziendali e scegliere una password. L&#8217;Utente \u00e8 responsabile della veridicit\u00e0 e correttezza degli stessi. All\u2019atto della registrazione arriva una mail all\u2019Utente che conferma l\u2019avvenuta registrazione. Il Venditore, dopo aver valutato le caratteristiche dell\u2019Utente invia n ulteriore mail di conferma di attivazione del servizio. <strong>\u00c8 fatto divieto di utilizzare mail temporanee per la registrazione.<\/strong> <strong>Nei casi di abuso, il Venditore si riserva il diritto di non accettare la registrazione, revocare la stessa, nonch\u00e9 di provvedere alla segnalazione per l&#8217;intervento alle Autorit\u00e0 competenti. Tutti i dati trasmessi saranno trattati nel massimo rispetto della normativa sulla tutela della Privacy. <\/strong><\/p>\n<p><\/p>\n<p><strong><br \/>ART. 6<\/strong> <strong>PROCEDURA DI ACQUISTO E CONCLUSIONE DELLA VENDITA<\/strong><\/p>\n<p><\/p>\n<p>L&#8217;Utente potr\u00e0 acquistare tutti i Prodotti messi in vendita all\u2019interno del Sito, cos\u00ec come descritti nelle relative schede informative, seguendo le procedure di acquisto previste nel Sito stesso. Al momento dell&#8217;acquisto dei Prodotti il Cliente dovr\u00e0 seguire tutte le istruzioni contenute nell\u2019apposita pagina del Sito. Trover\u00e0 un riepilogo delle principali condizioni commerciali, tra cui il prezzo, i mezzi di pagamento e le modalit\u00e0 di consegna, oltre ad informazioni sulle caratteristiche principali dei Prodotti ordinati. Il Cliente dovr\u00e0 selezionare la modalit\u00e0 di pagamento desiderata e procedere con il pagamento. I Termini e Condizioni applicabili sono quelli vigenti al momento dell\u2019Ordine e reperibili nel Sito. Il contratto stipulato tra il Venditore e il Cliente deve intendersi concluso con l\u2019accettazione dell\u2019Ordine, da parte del Venditore. L\u2019accettazione dell\u2019Ordine verr\u00e0 comunicata dal Venditore al Cliente mediante un\u2019email, inviata all\u2019indirizzo di posta elettronica comunicato. Il Venditore si riserva la facolt\u00e0 di valutare l&#8217;accettazione degli ordini ricevuti e potr\u00e0 rifiutare o comunque non dare corso ad ordini d&#8217;acquisto che risultino incompleti o incorretti, ovvero in caso di indisponibilit\u00e0 dei Prodotti o che comportino la consegna dei Prodotti ordinati in alcune aree geografiche disagiate. Il Venditore comunicher\u00e0 al Cliente l&#8217;eventuale impossibilit\u00e0 di accettare gli ordini ricevuti nel minor tempo possibile decorrenti dal momento in cui il Cliente ha trasmesso l&#8217;Ordine e provveder\u00e0 al rimborso delle somme eventualmente gi\u00e0 corrisposte dal Cliente per il pagamento dei Prodotti. Viene escluso ogni diritto del Cliente a un risarcimento danni o indennizzo, nonch\u00e9 qualsiasi responsabilit\u00e0 contrattuale o extracontrattuale per danni diretti o indiretti a persone e\/o cose, provocati dalla mancata accettazione, anche parziale, di un Ordine da parte del Venditore. Il Cliente prende atto del fatto che i prodotti offerti dal Venditore sono numericamente limitati ed \u00e8 pertanto consapevole che il Venditore dovr\u00e0 verificarne la disponibilit\u00e0 al momento dell\u2019acquisto. In caso di inconvenienti in relazione alla disponibilit\u00e0 di taluni Prodotti il Venditore informer\u00e0 il Cliente tempestivamente dell\u2019annullamento del proprio ordine. Nel caso di disponibilit\u00e0 soltanto parziale, il Cliente ne sar\u00e0 informato. In tal caso verr\u00e0 chiesto al Cliente se preferisce ricevere i Prodotti disponibili o procedere all\u2019annullamento totale dell\u2019ordine.<\/p>\n<p><\/p>\n<p><strong><br \/>ART. 7 MODALIT\u00c0 DI PAGAMENTO <\/strong><\/p>\n<p><\/p>\n<p>Le modalit\u00e0 di pagamento disponibili sul Sito sono le seguenti:<\/p>\n<p><\/p>\n<p><strong>1) Pagamento con Bonifico Bancario<\/strong><\/p>\n<p><\/p>\n<p>In questo caso si ritiene l\u2019Ordine compiuto quando il Venditore ricever\u00e0 l\u2019effettivo accredito sul suo conto bancario, che deve avvenire entro 2\/3 giorni lavorativi dalla sua esecuzione. Oltrepassata tale scadenza, l\u2019Ordine verr\u00e0 ritenuto automaticamente annullato. L\u2019invio di quanto ordinato avverr\u00e0 solo all\u2019atto dell\u2019effettivo accredito della somma dovuta sul c\/c del Venditore. L&#8217;operazione potr\u00e0 essere effettuata alle coordinate bancarie che saranno inviate via mail dal Venditore.<\/p>\n<p><\/p>\n<p><strong>2) Carta di credito<\/strong><\/p>\n<p><\/p>\n<p>Se il Cliente sceglie di pagare con carta di credito tramite circuito Nexi, l&#8217;importo \u00e8 addebitato direttamente sulla stessa (Visa, Visa Electron, MasterCard). Le informazioni del Cliente sono riservate in quanto non vengono salvate informazioni finanziarie. Ad ogni transazione eseguita verr\u00e0 inviata un&#8217;e-mail di conferma.<\/p>\n<p><\/p>\n<p><strong>3) Contrassegno <\/strong><\/p>\n<p><\/p>\n<p>Il Cliente pu\u00f2 pagare il proprio Ordine tramite contrassegno direttamente al corriere quando verr\u00e0 consegnato il Prodotto acquistato. Questa modalit\u00e0 di pagamento prevede un supplemento di un costo che verr\u00e0 indicato dal Venditore. Al momento della consegna del Prodotto il Cliente pagher\u00e0 il totale dell&#8217;Ordine direttamente al corriere in contanti.<\/p>\n<p><\/p>\n<p><strong><br \/>ART. 8 TEMPI DI SPEDIZIONE E CONSEGNA DEL PRODOTTO<\/strong><\/p>\n<p><\/p>\n<p>Il Venditore effettuer\u00e0 la spedizione dei Prodotti acquistati a cura di vettori specializzati, entro 24\/48 ore dal pagamento, dal luned\u00ec al venerd\u00ec, esclusi festivi e feste nazionali. I termini di consegna sopra indicati sono puramente indicativi e non essenziali. Qualsiasi variante a quanto sopraindicato verr\u00e0 comunicata tempestivamente via e-mail al Cliente.<\/p>\n<p><\/p>\n<p>In considerazione del luogo di consegna della merce, i Prodotti acquistati potrebbero essere soggetti a tasse di importazione e\/o dazi doganali il cui importo potrebbe variare in relazione al paese di destinazione. Non \u00e8 quindi possibile prevedere in alcun modo se e quali costi andrebbero sostenuti per lo sdoganamento della merce acquistata. Di conseguenza, eventuali costi relativi a tasse di importazione e\/o dazi doganali saranno a carico esclusivo del Cliente.<\/p>\n<p><\/p>\n<p>Nel caso di esportazione di merce in paesi non appartenenti all\u2019UE, i relativi dazi doganali sono a carico del Cliente. Il Cliente ha l\u2019obbligo di informarsi sulle disposizioni normative in materia e su di lui grava la relativa responsabilit\u00e0. I dazi doganali non sono considerati spese di spedizione e gravano quindi sul Cliente.<\/p>\n<p><\/p>\n<p>Il Cliente al momento della consegna dovr\u00e0 controllare che gli imballaggi siano integri e puliti e che i Prodotti ricevuti corrispondano a quanto acquistato. Nel caso in cui arrivi un prodotto che si sia danneggiato durante il trasporto o diverso da quello ordinato il Cliente dovr\u00e0 documentare accuratamente con fotografia le fasi del disimballaggio della merce e la merce stessa, in modo da poter dimostrare eventuali danneggiamenti. Il Cliente potr\u00e0 richiedere al Venditore tramite mail o la sostituzione e il Venditore provveder\u00e0 a rinviare il prodotto corretto e a ritirare a casa del Cliente e a sue spese il prodotto da sostituire oppure uno sconto sul prossimo acquisto.<\/p>\n<p><\/p>\n<p><strong><br \/>ART. 9 <\/strong><strong>DIRITTO DI RECESSO<\/strong><\/p>\n<p><\/p>\n<p>Il diritto di recesso \u00e8 escluso per i Clienti Professionisti (acquisto con partita iva).<\/p>\n<p><\/p>\n<p><strong><br \/>ART. 10 GARANZIA LEGALE <\/strong><\/p>\n<p><\/p>\n<p>Se il Cliente \u00e8 un Professionista, non gli spetta il diritto alla garanzia legale di conformit\u00e0 ma solo la garanzia legale prevista dal Codice Civile, per cui nel caso di vizi dei Prodotti venduti che li rendano inidonei all\u2019uso o che siano tali da diminuire in modo apprezzabile il loro valore, lo stesso potr\u00e0 chiedere la riduzione del prezzo o la risoluzione della vendita nei casi previsti dallo stesso Codice Civile ed a tal fine dovr\u00e0 comunicare al Venditore la presenza del vizio entro 8 (otto) giorni dalla sua scoperta, e comunque entro 1 (uno) anno dalla consegna.<\/p>\n<p><\/p>\n<p>\u00a0<\/p>\n<p><\/p>\n<p><strong>ART. 11 FORZA MAGGIORE<\/strong><\/p>\n<p><\/p>\n<p>Il Venditore non si assume alcuna responsabilit\u00e0 per i disservizi imputabili a causa di forza maggiore che impedissero, in tutto o in parte, di dare esecuzione al contratto nei tempi previsti. Il Venditore non \u00e8 responsabile nei confronti dei Clienti per gli eventuali danni, perdite e costi subiti a seguito della mancata o ritardata esecuzione del contratto, avendo il Cliente diritto soltanto alla restituzione del prezzo corrisposto.<br \/>Il Venditore non risponde dei danni derivanti da disconnessioni, interruzioni del Sito, nonch\u00e9 della perdita di dati conseguentemente verificatesi e allo stesso imputabili.<\/p>\n<p><\/p>\n<p>In caso di forza maggiore verr\u00e0 sospesa l\u2019esecuzione dell\u2019Ordine.<\/p>\n<p><\/p>\n<p>Tale sospensione potr\u00e0 durare per un periodo massimo di 3 (tre) mesi, dopo i quali riterr\u00e0 l\u2019Ordine automaticamente annullato.<\/p>\n<p><\/p>\n<p><strong><br \/>ART. 12 PROPRIET\u00c0 INTELLETTUALE ED INDUSTRIALE<\/strong><\/p>\n<p><\/p>\n<p>Il Sito (ed il suo contenuto e grafica), il marchio, il nome a dominio, i relativi sotto domini e tutti i diritti di propriet\u00e0 intellettuale ed industriale ad essi relativi, sono di propriet\u00e0 esclusiva del Venditore, sono ad esso riservati e non sono n\u00e9 saranno trasferiti o concessi in licenza in alcun caso al Cliente. Pertanto, l\u2019Utente o il Cliente non potr\u00e0 riprodurre, duplicare, copiare e ridistribuire, ritrasmettere anche su altri siti web, trasferire o altrimenti rendere disponibili a terzi a qualsivoglia titolo o comunque utilizzare per fini diversi dalla conservazione e\/o consultazione i Siti e\/o i Contenuti del Sito, senza la preventiva espressa e formale approvazione da parte del Venditore.<\/p>\n<p><\/p>\n<p><strong><br \/>ART. 13 MANCATO ESERCIZIO DI UN DIRITTO<\/strong><\/p>\n<p><\/p>\n<p>Il mancato esercizio di un diritto da parte del Venditore non rappresenta alcuna rinuncia ad agire nei confronti del Cliente o nei confronti di terzi per la violazione di impegni assunti. Il Venditore si riserva, pertanto, di far valere i suoi diritti in ogni caso, nei termini concessi.<\/p>\n<p><\/p>\n<p><strong><br \/>ART. 14 TRATTAMENTO DEI DATI PERSONALI (PRIVACY) <\/strong><\/p>\n<p><\/p>\n<p>I Dati Personali forniti o acquisiti saranno oggetto di Trattamento improntato ai principi di correttezza, liceit\u00e0, trasparenza e di tutela della riservatezza ai sensi delle vigenti normative. Il Venditore, in qualit\u00e0 di Titolare del Trattamento, tratta i Dati Personali degli Utenti adottando le opportune misure di sicurezza volte ad impedire l\u2019accesso, la divulgazione, la modifica o la distruzione non autorizzate dei Dati Personali. Il Trattamento viene effettuato mediante strumenti informatici e\/o telematici, con modalit\u00e0 organizzative e con logiche strettamente correlate alle finalit\u00e0 indicate. I Dati dell\u2019Utente sono raccolti per l&#8217;esecuzione di misure precontrattuali; per adempiere agli obblighi derivanti dal contratto stipulato; per la procedura di registrazione finalizzata all\u2019acquisto dei Prodotti; per dar seguito alle specifiche richieste rivolte al Titolare dall\u2019Utente; per l&#8217;invio di informazioni ed offerte promozionali e commerciali anche tramite il servizio di newsletter in base al consenso liberamente espresso dall\u2019Utente; per finalit\u00e0 di soft spam per comunicazioni promozionali aventi come oggetto i Prodotti acquistati senza necessit\u00e0 del consenso espresso e preventivo dell\u2019Utente, come previsto dall\u2019art. 130, 4 comma, Codice della Privacy cos\u00ec come novellato dal D.lgs. n.101 del 2018. Si invita pertanto il Cliente a leggere attentamente l&#8217;informativa sul trattamento dei dati personali (<strong><u><a href=\"https:\/\/www.myastreet.com\/el\/privacy-policy\/\">Privacy Policy<\/a><\/u><\/strong>) resa ai sensi del Regolamento UE 679\/2016, nonch\u00e9 sull\u2019utilizzo dei cookie con il relativo consenso al trattamento laddove richiesto (<strong><u><a href=\"https:\/\/www.myastreet.com\/el\/cookie-policy\/\">Cookie Policy<\/a><\/u><\/strong>).<\/p>\n<p><\/p>\n<p><strong><br \/>ART. 15 LEGGE APPLICABILE E FORO COMPETENTE<\/strong><\/p>\n<p><\/p>\n<p>I presenti Termini e Condizioni sono interamente disciplinati dalla legge italiana. <strong>Qualsiasi controversia che dovesse sorgere in relazione alla validit\u00e0, interpretazione, esecuzione e risoluzione tra i contratti stipulati on line dal Cliente Professionista con il Venditore sar\u00e0 di esclusiva competenza del Foro <\/strong>di Brescia. In caso di contrasto tra eventuali versioni dei Termini e Condizioni predisposte in una lingua diversa dall\u2019italiano e accettate dal Cliente prevalgono in ogni caso il significato e l\u2019interpretazione dei Termini e Condizioni in lingua Italiana. \u00c8 espressamente esclusa l&#8217;applicazione della Convenzione delle Nazioni Unite sui Contratti di Vendita Internazionale di Merci.<\/p>\n<p><\/p>\n<p><strong><br \/>ART.16 COMUNICAZIONI<\/strong><\/p>\n<p><\/p>\n<p>Per ulteriori informazioni di qualsiasi tipo \u00e8 possibile contattare il Venditore ai seguenti recapiti: info@myastreet.com<\/p>\n<p><\/p>\n<p>Ai sensi degli art. 1341 e 1342 c.c., il Cliente dichiara di aver letto attentamente e di accettare tutte le clausole dei presenti Termini e Condizioni di vendita e in particolare quelle degli articoli 3, 6, 8, 9, 10, 11, 12 e 15.<\/p>\n\t\t<\/div>\n\t\t\t\t\t<\/div>\n\n\t\n<\/div>\n\t\t<\/div>\n\n\t\t\n<style>\n#section_766364175 {\n  padding-top: 40px;\n  padding-bottom: 40px;\n}\n<\/style>\n\t<\/section>\n\t\n","protected":false},"excerpt":{"rendered":"","protected":false},"author":1,"featured_media":0,"parent":0,"menu_order":0,"comment_status":"closed","ping_status":"closed","template":"page-blank.php","meta":{"content-type":"","footnotes":""},"class_list":["post-198472","page","type-page","status-publish","hentry"],"acf":[],"_links":{"self":[{"href":"https:\/\/www.myastreet.com\/el\/wp-json\/wp\/v2\/pages\/198472","targetHints":{"allow":["GET"]}}],"collection":[{"href":"https:\/\/www.myastreet.com\/el\/wp-json\/wp\/v2\/pages"}],"about":[{"href":"https:\/\/www.myastreet.com\/el\/wp-json\/wp\/v2\/types\/page"}],"author":[{"embeddable":true,"href":"https:\/\/www.myastreet.com\/el\/wp-json\/wp\/v2\/users\/1"}],"replies":[{"embeddable":true,"href":"https:\/\/www.myastreet.com\/el\/wp-json\/wp\/v2\/comments?post=198472"}],"version-history":[{"count":3,"href":"https:\/\/www.myastreet.com\/el\/wp-json\/wp\/v2\/pages\/198472\/revisions"}],"predecessor-version":[{"id":301836,"href":"https:\/\/www.myastreet.com\/el\/wp-json\/wp\/v2\/pages\/198472\/revisions\/301836"}],"wp:attachment":[{"href":"https:\/\/www.myastreet.com\/el\/wp-json\/wp\/v2\/media?parent=198472"}],"curies":[{"name":"wp","href":"https:\/\/api.w.org\/{rel}","templated":true}]}}