










{"id":323621,"date":"2026-04-07T18:30:04","date_gmt":"2026-04-07T16:30:04","guid":{"rendered":"https:\/\/www.myastreet.com\/?post_type=product&#038;p=323621"},"modified":"2026-04-09T11:57:54","modified_gmt":"2026-04-09T09:57:54","slug":"pzj6129-06-jeans","status":"publish","type":"product","link":"https:\/\/www.myastreet.com\/de\/prodotti\/pzj6129-06-jeans\/","title":{"rendered":"JEANS A PALAZZO LAVAGGIO SCURO"},"content":{"rendered":"<p>Jeans a palazzo dal design contemporaneo, caratterizzati da una linea ampia che valorizza la silhouette con eleganza e comfort, elasticizzati. La vestibilit\u00e0 fluida assicura libert\u00e0 di movimento, rendendoli ideali per creare outfit versatili, dal look quotidiano a quello pi\u00f9 ricercato. Un capo di tendenza perfetto per la stagione, pensato per negozianti che desiderano proporre denim moderni e femminili.<\/p>\n<p>&nbsp;<\/p>\n<p>Composizione: 90%COTONE 9%LYONCELL 1%SPANDEX MADE IN PRC<br \/>\nStagione: ESTATE 2026<br \/>\nOrigine: IDEATO IN ITALIA MADE IN PRC<\/p>\n","protected":false},"excerpt":{"rendered":"<p>Jeans a palazzo dal design contemporaneo, caratterizzati da una linea ampia che valorizza la silhouette con eleganza e comfort, elasticizzati. La vestibilit\u00e0 fluida assicura libert\u00e0 di movimento, rendendoli ideali per creare outfit versatili, dal look quotidiano a quello pi\u00f9 ricercato. Un capo di tendenza perfetto per la stagione, pensato per negozianti che desiderano proporre denim [&#8230;]\n","protected":false},"featured_media":324466,"template":"","meta":{"content-type":""},"product_brand":[],"product_cat":[2570,2544],"product_tag":[],"class_list":{"0":"post-323621","1":"product","2":"type-product","3":"status-publish","4":"has-post-thumbnail","6":"product_cat-jeans-p26","7":"product_cat-p26","9":"first","10":"instock","11":"taxable","12":"shipping-taxable","13":"purchasable","14":"product-type-variable"},"acf":[],"_links":{"self":[{"href":"https:\/\/www.myastreet.com\/de\/wp-json\/wp\/v2\/product\/323621","targetHints":{"allow":["GET"]}}],"collection":[{"href":"https:\/\/www.myastreet.com\/de\/wp-json\/wp\/v2\/product"}],"about":[{"href":"https:\/\/www.myastreet.com\/de\/wp-json\/wp\/v2\/types\/product"}],"wp:featuredmedia":[{"embeddable":true,"href":"https:\/\/www.myastreet.com\/de\/wp-json\/wp\/v2\/media\/324466"}],"wp:attachment":[{"href":"https:\/\/www.myastreet.com\/de\/wp-json\/wp\/v2\/media?parent=323621"}],"wp:term":[{"taxonomy":"product_brand","embeddable":true,"href":"https:\/\/www.myastreet.com\/de\/wp-json\/wp\/v2\/product_brand?post=323621"},{"taxonomy":"product_cat","embeddable":true,"href":"https:\/\/www.myastreet.com\/de\/wp-json\/wp\/v2\/product_cat?post=323621"},{"taxonomy":"product_tag","embeddable":true,"href":"https:\/\/www.myastreet.com\/de\/wp-json\/wp\/v2\/product_tag?post=323621"}],"curies":[{"name":"wp","href":"https:\/\/api.w.org\/{rel}","templated":true}]}}