










{"id":319296,"date":"2026-03-24T09:12:35","date_gmt":"2026-03-24T08:12:35","guid":{"rendered":"https:\/\/www.myastreet.com\/?post_type=product&#038;p=319296"},"modified":"2026-05-06T19:20:44","modified_gmt":"2026-05-06T17:20:44","slug":"pc0074-06-camicia","status":"publish","type":"product","link":"https:\/\/www.myastreet.com\/de\/prodotti\/pc0074-06-camicia\/","title":{"rendered":"CAMICIA LEGGERA CON RICAMI ROMANTICI"},"content":{"rendered":"<p>Una camicia impalpabile che unisce delicatezza e carattere. Il tessuto leggero lascia intravedere la silhouette con eleganza, mentre i dettagli ricamati donano un tocco raffinato e femminile. Il taglio morbido e la linea essenziale la rendono perfetta per creare look versatili, da quelli pi\u00f9 casual a interpretazioni pi\u00f9 sofisticate. Un capo che esprime una femminilit\u00e0 contemporanea, sicura e ricercata.<\/p>\n<p>Composizione: 85%LYONCELL 15%POLIESTERE 100%VISCOSA MADE IN ITALY<br \/>\nStagione: ESTATE 2026<br \/>\nOrigine: MADE IN ITALY<\/p>\n","protected":false},"excerpt":{"rendered":"<p>Una camicia impalpabile che unisce delicatezza e carattere. Il tessuto leggero lascia intravedere la silhouette con eleganza, mentre i dettagli ricamati donano un tocco raffinato e femminile. Il taglio morbido e la linea essenziale la rendono perfetta per creare look versatili, da quelli pi\u00f9 casual a interpretazioni pi\u00f9 sofisticate. Un capo che esprime una femminilit\u00e0 [&#8230;]\n","protected":false},"featured_media":320683,"template":"","meta":{"content-type":""},"product_brand":[],"product_cat":[2735,2726,2575,2544],"product_tag":[],"class_list":{"0":"post-319296","1":"product","2":"type-product","3":"status-publish","4":"has-post-thumbnail","6":"product_cat-bluse-camicie","7":"product_cat-e26","8":"product_cat-bluse-camicie-p26","9":"product_cat-p26","11":"first","12":"instock","13":"taxable","14":"shipping-taxable","15":"purchasable","16":"product-type-variable"},"acf":[],"_links":{"self":[{"href":"https:\/\/www.myastreet.com\/de\/wp-json\/wp\/v2\/product\/319296","targetHints":{"allow":["GET"]}}],"collection":[{"href":"https:\/\/www.myastreet.com\/de\/wp-json\/wp\/v2\/product"}],"about":[{"href":"https:\/\/www.myastreet.com\/de\/wp-json\/wp\/v2\/types\/product"}],"wp:featuredmedia":[{"embeddable":true,"href":"https:\/\/www.myastreet.com\/de\/wp-json\/wp\/v2\/media\/320683"}],"wp:attachment":[{"href":"https:\/\/www.myastreet.com\/de\/wp-json\/wp\/v2\/media?parent=319296"}],"wp:term":[{"taxonomy":"product_brand","embeddable":true,"href":"https:\/\/www.myastreet.com\/de\/wp-json\/wp\/v2\/product_brand?post=319296"},{"taxonomy":"product_cat","embeddable":true,"href":"https:\/\/www.myastreet.com\/de\/wp-json\/wp\/v2\/product_cat?post=319296"},{"taxonomy":"product_tag","embeddable":true,"href":"https:\/\/www.myastreet.com\/de\/wp-json\/wp\/v2\/product_tag?post=319296"}],"curies":[{"name":"wp","href":"https:\/\/api.w.org\/{rel}","templated":true}]}}