










{"id":282060,"date":"2025-09-09T05:04:53","date_gmt":"2025-09-09T03:04:53","guid":{"rendered":"https:\/\/www.myastreet.com\/?post_type=product&#038;p=282060"},"modified":"2026-04-10T14:18:51","modified_gmt":"2026-04-10T12:18:51","slug":"esat272-90-abito","status":"publish","type":"product","link":"https:\/\/www.myastreet.com\/de\/prodotti\/esat272-90-abito\/","title":{"rendered":"ABITO PUNTO MILANO"},"content":{"rendered":"<p>Abito donna firmato <strong data-start=\"130\" data-end=\"143\">Myastreet<\/strong>, realizzato in <strong data-start=\"159\" data-end=\"175\">punto Milano<\/strong>, un tessuto tecnico ed elasticizzato che garantisce comfort e una perfetta vestibilit\u00e0. Il design elegante con <strong data-start=\"287\" data-end=\"337\" data-is-only-node=\"\">maniche ampie e dettaglio drappeggiato in vita<\/strong> valorizza la silhouette con femminilit\u00e0 e modernit\u00e0. Versatile e sofisticato, \u00e8 ideale sia per look da ufficio che per occasioni speciali, facilmente abbinabile a tacchi o accessori pi\u00f9 casual. Un <strong data-start=\"535\" data-end=\"563\">must-have della stagione<\/strong> per la donna che ama coniugare stile e praticit\u00e0.<\/p>\n<p>&nbsp;<\/p>\n<p>Composizione: 65%VISCOSA 30%NYLON 5%ELASTAN MADE IN ITALY<br \/>\nStagione: AUTUNNO 2025<br \/>\nOrigine: MADE IN ITALY<\/p>\n","protected":false},"excerpt":{"rendered":"<p>Abito donna firmato Myastreet, realizzato in punto Milano, un tessuto tecnico ed elasticizzato che garantisce comfort e una perfetta vestibilit\u00e0. Il design elegante con maniche ampie e dettaglio drappeggiato in vita valorizza la silhouette con femminilit\u00e0 e modernit\u00e0. Versatile e sofisticato, \u00e8 ideale sia per look da ufficio che per occasioni speciali, facilmente abbinabile a [&#8230;]\n","protected":false},"featured_media":282404,"template":"","meta":{"content-type":""},"product_brand":[],"product_cat":[1391,1383,2536],"product_tag":[],"class_list":{"0":"post-282060","1":"product","2":"type-product","3":"status-publish","4":"has-post-thumbnail","6":"product_cat-abiti-a25","7":"product_cat-a25","8":"product_cat-xmas-sale","10":"first","11":"instock","12":"sale","13":"taxable","14":"shipping-taxable","15":"purchasable","16":"product-type-variable"},"acf":[],"_links":{"self":[{"href":"https:\/\/www.myastreet.com\/de\/wp-json\/wp\/v2\/product\/282060","targetHints":{"allow":["GET"]}}],"collection":[{"href":"https:\/\/www.myastreet.com\/de\/wp-json\/wp\/v2\/product"}],"about":[{"href":"https:\/\/www.myastreet.com\/de\/wp-json\/wp\/v2\/types\/product"}],"wp:featuredmedia":[{"embeddable":true,"href":"https:\/\/www.myastreet.com\/de\/wp-json\/wp\/v2\/media\/282404"}],"wp:attachment":[{"href":"https:\/\/www.myastreet.com\/de\/wp-json\/wp\/v2\/media?parent=282060"}],"wp:term":[{"taxonomy":"product_brand","embeddable":true,"href":"https:\/\/www.myastreet.com\/de\/wp-json\/wp\/v2\/product_brand?post=282060"},{"taxonomy":"product_cat","embeddable":true,"href":"https:\/\/www.myastreet.com\/de\/wp-json\/wp\/v2\/product_cat?post=282060"},{"taxonomy":"product_tag","embeddable":true,"href":"https:\/\/www.myastreet.com\/de\/wp-json\/wp\/v2\/product_tag?post=282060"}],"curies":[{"name":"wp","href":"https:\/\/api.w.org\/{rel}","templated":true}]}}