










{"id":240663,"date":"2025-01-07T11:04:04","date_gmt":"2025-01-07T10:04:04","guid":{"rendered":"https:\/\/www.myastreet.com\/?post_type=product&#038;p=240663"},"modified":"2026-04-30T17:17:59","modified_gmt":"2026-04-30T15:17:59","slug":"flc472c-90-camicia","status":"publish","type":"product","link":"https:\/\/www.myastreet.com\/de\/prodotti\/flc472c-90-camicia\/","title":{"rendered":"CAMICIA SATIN CON COLLETTO ALLA COREANA E MANICHE ARROTOLABILI"},"content":{"rendered":"<p>Camicia elegante realizzata in un tessuto fluido e leggero. Il design con collo alla coreana e chiusura frontale a bottoni conferisce un aspetto minimal e raffinato, mentre le maniche lunghe arrotolabili con linguette e bottoni offrono praticit\u00e0 e versatilit\u00e0. Il taglio asimmetrico, leggermente pi\u00f9 lungo sul retro, garantisce una vestibilit\u00e0 comoda e moderna.<\/p>\n<p>Composizione: 100%VISCOSA<br \/>\nStagione: PRIMAVERA-ESTATE 2025<\/p>\n","protected":false},"excerpt":{"rendered":"<p>Camicia elegante realizzata in un tessuto fluido e leggero. Il design con collo alla coreana e chiusura frontale a bottoni conferisce un aspetto minimal e raffinato, mentre le maniche lunghe arrotolabili con linguette e bottoni offrono praticit\u00e0 e versatilit\u00e0. Il taglio asimmetrico, leggermente pi\u00f9 lungo sul retro, garantisce una vestibilit\u00e0 comoda e moderna. Composizione: 100%VISCOSA [&#8230;]\n","protected":false},"featured_media":242846,"template":"","meta":{"content-type":""},"product_brand":[],"product_cat":[1552,1629,1523,1654,1649],"product_tag":[],"class_list":{"0":"post-240663","1":"product","2":"type-product","3":"status-publish","4":"has-post-thumbnail","6":"product_cat-blusen-hemden-fs25","7":"product_cat-mid-season-sale-25","8":"product_cat-fs25","9":"product_cat-saldi","10":"product_cat-semiprogrammato","12":"first","13":"instock","14":"sale","15":"taxable","16":"shipping-taxable","17":"purchasable","18":"product-type-variable"},"acf":[],"_links":{"self":[{"href":"https:\/\/www.myastreet.com\/de\/wp-json\/wp\/v2\/product\/240663","targetHints":{"allow":["GET"]}}],"collection":[{"href":"https:\/\/www.myastreet.com\/de\/wp-json\/wp\/v2\/product"}],"about":[{"href":"https:\/\/www.myastreet.com\/de\/wp-json\/wp\/v2\/types\/product"}],"wp:featuredmedia":[{"embeddable":true,"href":"https:\/\/www.myastreet.com\/de\/wp-json\/wp\/v2\/media\/242846"}],"wp:attachment":[{"href":"https:\/\/www.myastreet.com\/de\/wp-json\/wp\/v2\/media?parent=240663"}],"wp:term":[{"taxonomy":"product_brand","embeddable":true,"href":"https:\/\/www.myastreet.com\/de\/wp-json\/wp\/v2\/product_brand?post=240663"},{"taxonomy":"product_cat","embeddable":true,"href":"https:\/\/www.myastreet.com\/de\/wp-json\/wp\/v2\/product_cat?post=240663"},{"taxonomy":"product_tag","embeddable":true,"href":"https:\/\/www.myastreet.com\/de\/wp-json\/wp\/v2\/product_tag?post=240663"}],"curies":[{"name":"wp","href":"https:\/\/api.w.org\/{rel}","templated":true}]}}