










{"id":291592,"date":"2022-04-06T10:02:44","date_gmt":"2022-04-06T08:02:44","guid":{"rendered":"https:\/\/www.myastreet.com\/account-non-verificato\/"},"modified":"2025-10-21T11:38:03","modified_gmt":"2025-10-21T09:38:03","slug":"account-non-verificato","status":"publish","type":"page","link":"https:\/\/www.myastreet.com\/de\/account-non-verificato\/","title":{"rendered":"Konto noch nicht verifiziert"},"content":{"rendered":"\n\t<section class=\"section\" id=\"section_2062684579\">\n\t\t<div class=\"section-bg fill\" >\n\t\t\t\t\t\t\t\t\t\n\t\t\t\n\n\t\t<\/div>\n\n\t\t\n\n\t\t<div class=\"section-content relative\">\n\t\t\t\n<div class=\"row align-center\"  id=\"row-1671512758\">\n\n\t<div id=\"col-2026895268\" class=\"col medium-8 small-12 large-8\"  >\n\t\t\t\t<div class=\"col-inner text-center dark\"  >\n\t\t\t\n\t\t\t\n<h2>Konto noch nicht verifiziert<\/h2>\n<p>Die auf dieser Website angebotenen Produkte richten sich ausschlie\u00dflich an gewerbliche Nutzer. Aus diesem Grund ist die Registrierung von einer Pr\u00fcfung durch einen unserer Mitarbeitenden abh\u00e4ngig.<\/p>\n<p>In der Regel bearbeitet unser Kundensupport Anfragen innerhalb von 2 Werktagen. Sollten Sie noch keine R\u00fcckmeldung erhalten haben, schreiben Sie bitte eine E-Mail an: info@myastreet.com<\/p>\n\t\t<\/div>\n\t\t\t\t\t<\/div>\n\n\t\n\n<style>\n#row-1671512758 > .col > .col-inner {\n  padding: 80px 10% 80px 10%;\n  background-color: #000;\n}\n<\/style>\n<\/div>\n\t\t<\/div>\n\n\t\t\n<style>\n#section_2062684579 {\n  padding-top: 60px;\n  padding-bottom: 60px;\n}\n<\/style>\n\t<\/section>\n\t\n","protected":false},"excerpt":{"rendered":"","protected":false},"author":1,"featured_media":0,"parent":0,"menu_order":0,"comment_status":"closed","ping_status":"closed","template":"","meta":{"content-type":"","footnotes":""},"class_list":["post-291592","page","type-page","status-publish","hentry"],"acf":[],"_links":{"self":[{"href":"https:\/\/www.myastreet.com\/de\/wp-json\/wp\/v2\/pages\/291592","targetHints":{"allow":["GET"]}}],"collection":[{"href":"https:\/\/www.myastreet.com\/de\/wp-json\/wp\/v2\/pages"}],"about":[{"href":"https:\/\/www.myastreet.com\/de\/wp-json\/wp\/v2\/types\/page"}],"author":[{"embeddable":true,"href":"https:\/\/www.myastreet.com\/de\/wp-json\/wp\/v2\/users\/1"}],"replies":[{"embeddable":true,"href":"https:\/\/www.myastreet.com\/de\/wp-json\/wp\/v2\/comments?post=291592"}],"version-history":[{"count":2,"href":"https:\/\/www.myastreet.com\/de\/wp-json\/wp\/v2\/pages\/291592\/revisions"}],"predecessor-version":[{"id":291594,"href":"https:\/\/www.myastreet.com\/de\/wp-json\/wp\/v2\/pages\/291592\/revisions\/291594"}],"wp:attachment":[{"href":"https:\/\/www.myastreet.com\/de\/wp-json\/wp\/v2\/media?parent=291592"}],"curies":[{"name":"wp","href":"https:\/\/api.w.org\/{rel}","templated":true}]}}