










{"id":291586,"date":"2021-05-11T11:38:22","date_gmt":"2021-05-11T09:38:22","guid":{"rendered":"https:\/\/www.myastreet.com\/zahlungen-und-ruecksendungen\/"},"modified":"2025-10-21T11:43:48","modified_gmt":"2025-10-21T09:43:48","slug":"zahlungen-und-ruecksendungen","status":"publish","type":"page","link":"https:\/\/www.myastreet.com\/de\/zahlungen-und-ruecksendungen\/","title":{"rendered":"Zahlungen und R\u00fccksendungen"},"content":{"rendered":"\n\t<section class=\"section\" id=\"section_2121919905\">\n\t\t<div class=\"section-bg fill\" >\n\t\t\t\t\t\t\t\t\t\n\t\t\t\n\n\t\t<\/div>\n\n\t\t\n\n\t\t<div class=\"section-content relative\">\n\t\t\t\n<div class=\"row align-center\"  id=\"row-1172363588\">\n\n\t<div id=\"col-1021153623\" class=\"col medium-8 small-12 large-8\"  >\n\t\t\t\t<div class=\"col-inner\"  >\n\t\t\t\n\t\t\t\n<h2 class=\"page-title\" data-line-height=\"m\"><span class=\"base\" data-ui-id=\"page-title-wrapper\">Zahlungen und R\u00fccksendungen<\/span><\/h2>\n<p>Der Versand der Bestellung erfolgt auf Kosten des Empf\u00e4ngers. Der im Bestellvorgang angezeigte Versandpreis ist ein Richtwert und kann je nach Lieferort und Paketgewicht variieren. Der genaue Preis wird bei der Auftragsbest\u00e4tigung mitgeteilt. Nach Freigabe der Bestellung durch MYOMYA srl muss die Zahlung innerhalb einer Woche per Kreditkarte, Bank\u00fcberweisung oder Nachnahme in bar erfolgen, damit der Versand so schnell und pr\u00e4zise wie m\u00f6glich durchgef\u00fchrt werden kann.<\/p>\n<p>Bitte beachten Sie, dass die Angabe einer Telefonnummer verpflichtend ist, um Sie bei eventuellen Lieferproblemen kontaktieren zu k\u00f6nnen. Der Nachnahmeversand ist nur innerhalb Italiens m\u00f6glich. Die Zahlung erfolgt in bar, und es wird ein Zuschlag von 1 % des Rechnungsbetrags erhoben, den der Kurierdienst f\u00fcr diesen Service verlangt. Dieser Betrag wird zus\u00e4tzlich zu den im Auftrag angegebenen Versandkosten berechnet.<br \/>Zahlungen per Kreditkarte oder Bank\u00fcberweisung sind kostenlos und verursachen keine zus\u00e4tzlichen Geb\u00fchren.<\/p>\n<p>Etwaige M\u00e4ngel oder Defekte der Ware m\u00fcssen bei MYOMYA SRL, Gro\u00dfhandel f\u00fcr Damenbekleidung, unter Androhung des Anspruchsverlusts innerhalb von acht Tagen nach Lieferung gemeldet werden. Die Meldung muss per eingeschriebenem Brief mit R\u00fcckschein erfolgen, der vorab per E-Mail angek\u00fcndigt wird. Sie ist ausschlie\u00dflich an den rechtlichen Sitz von MYOMYA SRL zu richten und muss eine fotografische Beschreibung des Produkts sowie der festgestellten M\u00e4ngel oder Defekte enthalten. Die Gew\u00e4hrleistung verpflichtet MYOMYA SRL lediglich zum Ersatz der fehlerhaften Ware, unter Ausschluss jeglicher Schadenersatzanspr\u00fcche. Soweit in diesen rechtlichen Hinweisen nichts anderes vorgesehen ist, gilt ausschlie\u00dflich das italienische Recht. F\u00fcr alle Streitigkeiten erkennt der Nutzer die ausschlie\u00dfliche Zust\u00e4ndigkeit der italienischen Gerichte an.<\/p>\n\t\t<\/div>\n\t\t\t\t\t<\/div>\n\n\t\n<\/div>\n\t\t<\/div>\n\n\t\t\n<style>\n#section_2121919905 {\n  padding-top: 30px;\n  padding-bottom: 30px;\n}\n<\/style>\n\t<\/section>\n\t\n","protected":false},"excerpt":{"rendered":"","protected":false},"author":1,"featured_media":0,"parent":0,"menu_order":0,"comment_status":"closed","ping_status":"closed","template":"page-blank.php","meta":{"content-type":"","footnotes":""},"class_list":["post-291586","page","type-page","status-publish","hentry"],"acf":[],"_links":{"self":[{"href":"https:\/\/www.myastreet.com\/de\/wp-json\/wp\/v2\/pages\/291586","targetHints":{"allow":["GET"]}}],"collection":[{"href":"https:\/\/www.myastreet.com\/de\/wp-json\/wp\/v2\/pages"}],"about":[{"href":"https:\/\/www.myastreet.com\/de\/wp-json\/wp\/v2\/types\/page"}],"author":[{"embeddable":true,"href":"https:\/\/www.myastreet.com\/de\/wp-json\/wp\/v2\/users\/1"}],"replies":[{"embeddable":true,"href":"https:\/\/www.myastreet.com\/de\/wp-json\/wp\/v2\/comments?post=291586"}],"version-history":[{"count":11,"href":"https:\/\/www.myastreet.com\/de\/wp-json\/wp\/v2\/pages\/291586\/revisions"}],"predecessor-version":[{"id":291603,"href":"https:\/\/www.myastreet.com\/de\/wp-json\/wp\/v2\/pages\/291586\/revisions\/291603"}],"wp:attachment":[{"href":"https:\/\/www.myastreet.com\/de\/wp-json\/wp\/v2\/media?parent=291586"}],"curies":[{"name":"wp","href":"https:\/\/api.w.org\/{rel}","templated":true}]}}