










{"id":291538,"date":"2020-01-09T13:46:39","date_gmt":"2020-01-09T12:46:39","guid":{"rendered":"https:\/\/www.myastreet.com\/contattaci\/"},"modified":"2026-04-21T11:54:17","modified_gmt":"2026-04-21T09:54:17","slug":"contattaci","status":"publish","type":"page","link":"https:\/\/www.myastreet.com\/de\/contattaci\/","title":{"rendered":"Kontaktieren Sie uns"},"content":{"rendered":"\n\t<section class=\"section has-parallax\" id=\"section_1678080802\">\n\t\t<div class=\"section-bg fill\" data-parallax-container=\".section\" data-parallax-background data-parallax=\"-6\">\n\t\t\t<img loading=\"lazy\" decoding=\"async\" width=\"800\" height=\"1200\" src=\"https:\/\/www.myastreet.com\/wp-content\/uploads\/2021\/05\/IMG_0302_ok.png\" class=\"bg attachment-original size-original\" alt=\"\" \/>\t\t\t\t\t\t\n\t\t\t\n\n\t\t<\/div>\n\n\t\t\n\n\t\t<div class=\"section-content relative\">\n\t\t\t\n<div class=\"row row-collapse row-full-width align-middle\"  id=\"row-1681037459\">\n\n\t<div id=\"col-1088517198\" class=\"col medium-12 small-12 large-12\"  >\n\t\t\t\t<div class=\"col-inner text-center dark\"  >\n\t\t\t\n\t\t\t\n\n  <div class=\"banner has-hover\" id=\"banner-1171472060\">\n          <div class=\"banner-inner fill\">\n        <div class=\"banner-bg fill\" >\n            <img loading=\"lazy\" decoding=\"async\" width=\"2400\" height=\"1600\" src=\"https:\/\/www.myastreet.com\/wp-content\/uploads\/2026\/01\/Myastreet-49.jpg\" class=\"bg attachment-original size-original\" alt=\"\" \/>                                    \n                    <\/div>\n\t\t\n        <div class=\"banner-layers container\">\n            <div class=\"fill banner-link\"><\/div>            \n   <div id=\"text-box-1890994835\" class=\"text-box banner-layer x50 md-x50 lg-x50 y50 md-y50 lg-y50 res-text\">\n                                <div class=\"text-box-content text \">\n              \n              <div class=\"text-inner text-center\">\n                  \n\t<div id=\"text-2325062267\" class=\"text\">\n\t\t\n<p><\/p>\n<h2 class=\"uppercase alt-font\">Kontaktieren Sie uns<\/h2>\n<p>\n\t\t\n<style>\n#text-2325062267 {\n  text-align: center;\n}\n<\/style>\n\t<\/div>\n\t\n              <\/div>\n           <\/div>\n                            \n<style>\n#text-box-1890994835 {\n  width: 93%;\n}\n#text-box-1890994835 .text-box-content {\n  font-size: 136%;\n}\n@media (min-width:550px) {\n  #text-box-1890994835 {\n    width: 76%;\n  }\n  #text-box-1890994835 .text-box-content {\n    font-size: 100%;\n  }\n}\n<\/style>\n    <\/div>\n \n        <\/div>\n      <\/div>\n\n            \n<style>\n#banner-1171472060 {\n  padding-top: 563px;\n  background-color: rgba(255, 255, 255, 0);\n}\n#banner-1171472060 .banner-bg img {\n  object-position: 8% 10%;\n}\n@media (min-width:550px) {\n  #banner-1171472060 {\n    padding-top: 420px;\n  }\n}\n@media (min-width:850px) {\n  #banner-1171472060 {\n    padding-top: 400px;\n  }\n}\n<\/style>\n  <\/div>\n\n\n\t\t<\/div>\n\t\t\t\t\n<style>\n#col-1088517198 > .col-inner {\n  padding: 0px 0px 0px 0;\n}\n<\/style>\n\t<\/div>\n\n\t\n<\/div>\n\t\t<\/div>\n\n\t\t\n<style>\n#section_1678080802 {\n  padding-top: 0px;\n  padding-bottom: 0px;\n}\n#section_1678080802 .section-bg img {\n  object-position: 79% 38%;\n}\n<\/style>\n\t<\/section>\n\t\n\n\t<section class=\"section\" id=\"section_804157523\">\n\t\t<div class=\"section-bg fill\" >\n\t\t\t\t\t\t\t\t\t\n\t\t\t\n\n\t\t<\/div>\n\n\t\t\n\n\t\t<div class=\"section-content relative\">\n\t\t\t\n<div class=\"row row-large align-middle align-center\"  id=\"row-1001567678\">\n\n\t<div id=\"col-1775035646\" class=\"col medium-5 small-12 large-4\"  >\n\t\t\t\t<div class=\"col-inner\"  >\n\t\t\t\n\t\t\t\n<h4><strong>HEADQUARTER<\/strong><\/h4>\n<p>Via Chemnitz, 15\/5<br \/>59100 &#8211; Prato (PO)<br \/><strong>\u260e\ufe0e<\/strong> +39 0574966483<\/p>\n<p><strong>\u2709\ufe0e<\/strong> <a href=\"mailto:prato@myastreet.com\">info@myastreet.com<\/a><\/p>\n<p><strong>VERTRIEB<\/strong> (Bestellungen \/ Nachbestellungen \/ Videoanrufe)<\/p>\n<p><\/p>\n<p>Olimpia \u260e\ufe0e +39 351 749 9538<br \/>Costanza \u260e\ufe0e +39 351 596 5831<br \/>Irene \u260e\ufe0e +39 351 974 2290<\/p>\n<p><\/p>\n<p>\u2709\ufe0e <a href=\"mailto:prato@myastreet.com\">prato@myastreet.com<\/a><\/p>\n<p><\/p>\n<hr \/>\n<p><\/p>\n<p><strong>MARKETINGABTEILUNG<\/strong> (Website &amp; Werbematerialien)<\/p>\n<p><\/p>\n<p>Alessandra \u260e\ufe0e +39 351 925 8758<br \/>Irene \u2709\ufe0e <a href=\"mailto:prato@myastreet.com\">info@myastreet.com<\/a><\/p>\n<p><\/p>\n<hr\/>\n<p><\/p>\n<p><strong>VERWALTUNG<\/strong> (Rechnungen \/ Gutschriften)<\/p>\n<p><\/p>\n<p>Ida \u260e\ufe0e +39 351 781 9706<br \/>Romina \u2709\ufe0e <a href=\"mailto:amministrazione@myomya.it\">amministrazione@myomya.it<\/a><\/p>\n<p><\/p>\n<hr\/>\n<p><\/p>\n<p><strong>LOGISTIK<\/strong> (Versand &amp; R\u00fccksendungen)<\/p>\n<p><\/p>\n<p>Alessio \u2709\ufe0e <a href=\"mailto:prato@myastreet.com\">prato@myastreet.com<\/a><\/p>\n\t\t<\/div>\n\t\t\t\t\t<\/div>\n\n\t\n\n\t<div id=\"col-500818167\" class=\"col hide-for-small medium-5 small-12 large-4\"  >\n\t\t\t\t<div class=\"col-inner\"  >\n\t\t\t\n\t\t\t\n<h4>SHOWROOM IN PRATO (HAUPTSITZ)<\/h4>\n<p><\/p>\n<p>Via Chemnitz, 15\/5<br \/>\n59100 &#8211; Prato (PO)<br \/>\nTelefonnummer: +39 0574966483<br \/>\nE-Mail-Adresse: <a href=\"mailto:prato@myastreet.com\">prato@myastreet.com<\/a><\/p>\n<p><\/p>\n<p>Wir sind auch sonntags von 10:00 bis 17:00 Uhr ge\u00f6ffnet.<\/p>\n<p><\/p>\n<p>\u00a0<\/p>\n<p><\/p>\n<h4>SHOWROOM DI BRESCIA<\/h4>\n<p><\/p>\n<p>Via Orzinuovi, 52A\/52B<br \/>25125 Brescia<br \/>Telefonnummer: +39 0303534217<br \/>Fax: +39 0303547428<br \/>E-mail: <a href=\"mailto:brescia@myastreet.com\">brescia@myastreet.com<\/a><\/p>\n<p><\/p>\n<p>\u00a0<\/p>\n<p><\/p>\n<h4>SHOWROOM DI BOLOGNA<\/h4>\n<p><\/p>\n<p>Via dei Lanaioli, Blocco 5 Centergross<br \/>\n40050 &#8211; Argelato (BO)<br \/>\nTelefonnummer: +39 339 726 7713<br \/>\nFax: +39 0516646841<br \/>\nE-mail: <a href=\"mailto:bologna@myastreet.com\">bologna@myastreet.com<\/a><\/p>\n\t\t<\/div>\n\t\t\t\t\t<\/div>\n\n\t\n\n<style>\n#row-1001567678 > .col > .col-inner {\n  padding: 0 0px 0px 0px;\n}\n<\/style>\n<\/div>\n\t\t<\/div>\n\n\t\t\n<style>\n#section_804157523 {\n  padding-top: 30px;\n  padding-bottom: 30px;\n  background-color: rgb(239, 239, 239);\n}\n<\/style>\n\t<\/section>\n\t\n\n\t<section class=\"section\" id=\"section_189043596\">\n\t\t<div class=\"section-bg fill\" >\n\t\t\t\t\t\t\t\t\t\n\t\t\t\n\n\t\t<\/div>\n\n\t\t\n\n\t\t<div class=\"section-content relative\">\n\t\t\t\n<div class=\"row align-center\"  id=\"row-1660200699\">\n\n\t<div id=\"col-1761078560\" class=\"col medium-12 small-12 large-8\"  >\n\t\t\t\t<div class=\"col-inner\"  >\n\t\t\t\n\t\t\t\n\t<div id=\"gap-1852920700\" class=\"gap-element clearfix\" style=\"display:block; height:auto;\">\n\t\t\n<style>\n#gap-1852920700 {\n  padding-top: 30px;\n}\n<\/style>\n\t<\/div>\n\t\n<div class=\"row row-large align-center\"  id=\"row-479599444\">\n\n\t<div id=\"col-773727816\" class=\"col medium-7 small-12 large-7\"  >\n\t\t\t\t<div class=\"col-inner\"  >\n\t\t\t\n\t\t\t\n\t<div id=\"gap-9096327\" class=\"gap-element clearfix show-for-small\" style=\"display:block; height:auto;\">\n\t\t\n<style>\n#gap-9096327 {\n  padding-top: 40px;\n}\n@media (min-width:550px) {\n  #gap-9096327 {\n    padding-top: 30px;\n  }\n}\n<\/style>\n\t<\/div>\n\t\n<h3 data-line-height=\"m\"><strong>Schreiben Sie uns, um Informationen \u00fcber unsere Produkte zu erhalten<\/strong><\/h3>\n\t<div id=\"gap-1026160378\" class=\"gap-element clearfix\" style=\"display:block; height:auto;\">\n\t\t\n<style>\n#gap-1026160378 {\n  padding-top: 20px;\n}\n<\/style>\n\t<\/div>\n\t\n\n<div class=\"wpcf7 no-js\" id=\"wpcf7-f290526-o1\" lang=\"de-DE\" dir=\"ltr\" data-wpcf7-id=\"290526\">\n<div class=\"screen-reader-response\"><p role=\"status\" aria-live=\"polite\" aria-atomic=\"true\"><\/p> <ul><\/ul><\/div>\n<form action=\"\/de\/wp-json\/wp\/v2\/pages\/291538#wpcf7-f290526-o1\" method=\"post\" class=\"wpcf7-form init wpcf7-acceptance-as-validation\" aria-label=\"Kontaktformular\" novalidate=\"novalidate\" data-status=\"init\">\n<fieldset class=\"hidden-fields-container\"><input type=\"hidden\" name=\"_wpcf7\" value=\"290526\" \/><input type=\"hidden\" name=\"_wpcf7_version\" value=\"6.1.2\" \/><input type=\"hidden\" name=\"_wpcf7_locale\" value=\"de_DE\" \/><input type=\"hidden\" name=\"_wpcf7_unit_tag\" value=\"wpcf7-f290526-o1\" \/><input type=\"hidden\" name=\"_wpcf7_container_post\" value=\"0\" \/><input type=\"hidden\" name=\"_wpcf7_posted_data_hash\" value=\"\" \/><input type=\"hidden\" name=\"_wpcf7dtx_version\" value=\"5.0.3\" \/><input type=\"hidden\" name=\"_wpcf7_recaptcha_response\" value=\"\" \/>\n<\/fieldset>\n<div class=\"row form-inline\">\n\t<div class=\"col large-12\">\n\t\t<p><label><br \/>\n<span class=\"wpcf7-form-control-wrap\" data-name=\"your-name\"><input size=\"40\" maxlength=\"400\" class=\"wpcf7-form-control wpcf7-text wpcf7-validates-as-required\" aria-required=\"true\" aria-invalid=\"false\" placeholder=\"Name und Nachname *\" value=\"\" type=\"text\" name=\"your-name\" \/><\/span> <\/label>\n\t\t<\/p>\n\t<\/div>\n\t<div class=\"col large-6\">\n\t\t<p><label> <span class=\"wpcf7-form-control-wrap\" data-name=\"your-email\"><input size=\"40\" maxlength=\"400\" class=\"wpcf7-form-control wpcf7-email wpcf7-validates-as-required wpcf7-text wpcf7-validates-as-email\" aria-required=\"true\" aria-invalid=\"false\" placeholder=\"Email *\" value=\"\" type=\"email\" name=\"your-email\" \/><\/span> <\/label>\n\t\t<\/p>\n\t<\/div>\n\t<div class=\"col large-6\">\n\t\t<p><label> <span class=\"wpcf7-form-control-wrap\" data-name=\"your-tel\"><input size=\"40\" maxlength=\"400\" class=\"wpcf7-form-control wpcf7-text wpcf7-validates-as-required\" aria-required=\"true\" aria-invalid=\"false\" placeholder=\"Telefonnummer *\" value=\"\" type=\"text\" name=\"your-tel\" \/><\/span> <\/label>\n\t\t<\/p>\n\t<\/div>\n\t<div class=\"col large-12\">\n\t\t<p><label> <span class=\"wpcf7-form-control-wrap\" data-name=\"your-subject\"><input size=\"40\" maxlength=\"400\" class=\"wpcf7-form-control wpcf7-text wpcf7-validates-as-required\" aria-required=\"true\" aria-invalid=\"false\" placeholder=\"Betreff *\" value=\"\" type=\"text\" name=\"your-subject\" \/><\/span> <\/label>\n\t\t<\/p>\n\t<\/div>\n\t<div class=\"col large-12\">\n\t\t<p><label><br \/>\n<span class=\"wpcf7-form-control-wrap\" data-name=\"your-message\"><textarea cols=\"40\" rows=\"10\" maxlength=\"2000\" class=\"wpcf7-form-control wpcf7-textarea\" aria-invalid=\"false\" placeholder=\"Nachricht\" name=\"your-message\"><\/textarea><\/span> <\/label>\n\t\t<\/p>\n\t<\/div>\n<\/div>\n<div class=\"form-inline group-privacy\">\n\t<div class=\"col large-12\">\n\t\t<p><label class=\"acceptance\"><span class=\"wpcf7-form-control-wrap\" data-name=\"Accettazione-privacy\"><span class=\"wpcf7-form-control wpcf7-acceptance\"><span class=\"wpcf7-list-item\"><input type=\"checkbox\" name=\"Accettazione-privacy\" value=\"1\" aria-invalid=\"false\" \/><\/span><\/span><\/span> Ich stimme der Verarbeitung meiner personenbezogenen Daten zu und erkl\u00e4re, die <a href=\"\/menu-privacy\/privacy-policy\/\">Datenschutzrichtlinie<\/a> gelesen zu haben.<\/label>\n\t\t<\/p>\n\t<\/div>\n\t<div class=\"col large-12\">\n\t\t<p><label class=\"acceptance\"><span class=\"wpcf7-form-control-wrap\" data-name=\"Accettazione-newsletter\"><span class=\"wpcf7-form-control wpcf7-acceptance optional\"><span class=\"wpcf7-list-item\"><input type=\"checkbox\" name=\"Accettazione-newsletter\" value=\"1\" aria-invalid=\"false\" \/><\/span><\/span><\/span> Ich m\u00f6chte den Newsletter abonnieren, um regelm\u00e4\u00dfig Informationen \u00fcber Ihre Werbe- und Verkaufsaktionen zu erhalten.<\/label>\n\t\t<\/p>\n\t<\/div>\n\t<div class=\"col large-12\">\n\t\t<p><input class=\"wpcf7-form-control wpcf7-submit has-spinner secondary is-outline is-large pull-right\" type=\"submit\" value=\"Anfrage senden\" \/>\n\t\t<\/p>\n\t<\/div>\n<\/div><div class=\"wpcf7-response-output\" aria-hidden=\"true\"><\/div>\n<\/form>\n<\/div>\n\n\t\t<\/div>\n\t\t\t\t\t<\/div>\n\n\t\n<\/div>\n\t\t<\/div>\n\t\t\t\t\t<\/div>\n\n\t\n<\/div>\n\t\t<\/div>\n\n\t\t\n<style>\n#section_189043596 {\n  padding-top: 0px;\n  padding-bottom: 0px;\n  background-color: rgb(240, 240, 240);\n}\n<\/style>\n\t<\/section>\n\t\n","protected":false},"excerpt":{"rendered":"","protected":false},"author":1,"featured_media":0,"parent":0,"menu_order":6,"comment_status":"closed","ping_status":"closed","template":"page-blank.php","meta":{"content-type":"","footnotes":""},"class_list":["post-291538","page","type-page","status-publish","hentry"],"acf":[],"_links":{"self":[{"href":"https:\/\/www.myastreet.com\/de\/wp-json\/wp\/v2\/pages\/291538","targetHints":{"allow":["GET"]}}],"collection":[{"href":"https:\/\/www.myastreet.com\/de\/wp-json\/wp\/v2\/pages"}],"about":[{"href":"https:\/\/www.myastreet.com\/de\/wp-json\/wp\/v2\/types\/page"}],"author":[{"embeddable":true,"href":"https:\/\/www.myastreet.com\/de\/wp-json\/wp\/v2\/users\/1"}],"replies":[{"embeddable":true,"href":"https:\/\/www.myastreet.com\/de\/wp-json\/wp\/v2\/comments?post=291538"}],"version-history":[{"count":13,"href":"https:\/\/www.myastreet.com\/de\/wp-json\/wp\/v2\/pages\/291538\/revisions"}],"predecessor-version":[{"id":313220,"href":"https:\/\/www.myastreet.com\/de\/wp-json\/wp\/v2\/pages\/291538\/revisions\/313220"}],"wp:attachment":[{"href":"https:\/\/www.myastreet.com\/de\/wp-json\/wp\/v2\/media?parent=291538"}],"curies":[{"name":"wp","href":"https:\/\/api.w.org\/{rel}","templated":true}]}}