










{"id":291461,"date":"2025-04-17T13:29:52","date_gmt":"2025-04-17T11:29:52","guid":{"rendered":"https:\/\/www.myastreet.com\/showroom-b2b\/"},"modified":"2025-10-21T09:52:36","modified_gmt":"2025-10-21T07:52:36","slug":"showroom-b2b","status":"publish","type":"page","link":"https:\/\/www.myastreet.com\/de\/showroom-b2b\/","title":{"rendered":"SHOWROOM"},"content":{"rendered":"<h3 style=\"text-align: center;\" data-start=\"195\" data-end=\"218\">SHOWROOM MYASTREET<\/h3>\n<p><\/p>\n<p class=\"\" style=\"text-align: center;\" data-start=\"219\" data-end=\"250\"><strong data-start=\"219\" data-end=\"250\">Wo Stil Gestalt annimmt.<\/strong><\/p>\n<p><\/p>\n<p class=\"\" style=\"text-align: center;\" data-start=\"252\" data-end=\"500\">Entdecken Sie die Myastreet-Showrooms \u2013 das pulsierende Herz unserer Marke.<br \/>\nR\u00e4ume, die daf\u00fcr geschaffen wurden, Eink\u00e4ufer, H\u00e4ndler und Modeprofis zu empfangen, die die Qualit\u00e4t unserer Kollektionen pers\u00f6nlich erleben m\u00f6chten.<\/p>\n<p><\/p>\n<p class=\"\" style=\"text-align: center;\" data-start=\"502\" data-end=\"602\">Wir sind in den wichtigsten Modest\u00e4dten Italiens vertreten:<br data-start=\"560\" data-end=\"563\" \/><strong data-start=\"563\" data-end=\"599\">Prato, Bologna und Brescia.<\/strong>.<\/p>\n<p><\/p>\n<p class=\"\" style=\"text-align: center;\" data-start=\"604\" data-end=\"831\">In unseren Showrooms erwartet Sie ein pers\u00f6nliches Einkaufserlebnis:<br \/>\nEntdecken Sie die Kollektionen in Vorschau, erhalten Sie individuelle Beratung und gestalten Sie gemeinsam mit uns ein Sortiment, das perfekt zu Ihrem Gesch\u00e4ft passt.<\/p>\n<p><\/p>\n<p class=\"\" style=\"text-align: center;\" data-start=\"833\" data-end=\"1039\">Vereinbaren Sie einen Termin, um die aktuelle Kollektion zu sehen oder die Neuheiten der kommenden Saison zu entdecken.<br \/>\nUnser Team steht Ihnen gerne zur Verf\u00fcgung, um Sie bei der Auswahl der passenden Modelle f\u00fcr Ihre Zielgruppe zu unterst\u00fctzen.<\/p>\n<p><\/p>\n<p class=\"\" style=\"text-align: center;\" data-start=\"1041\" data-end=\"1113\"><strong data-start=\"1041\" data-end=\"1113\">Besuchen Sie unsere Showrooms und bringen Sie die Myastreet-Qualit\u00e4t in Ihr Gesch\u00e4ft.<\/strong><\/p>\n\n\t<section class=\"section\" id=\"section_1674121198\">\n\t\t<div class=\"section-bg fill\" >\n\t\t\t\t\t\t\t\t\t<div class=\"section-bg-overlay absolute fill\"><\/div>\n\t\t\t\n\n\t\t<\/div>\n\n\t\t\n\n\t\t<div class=\"section-content relative\">\n\t\t\t\n<div class=\"row row-large align-middle\"  id=\"row-529884953\">\n\n\t<div id=\"col-893054828\" class=\"col medium-6 small-12 large-6\"  >\n\t\t\t\t<div class=\"col-inner\"  >\n\t\t\t\n\t\t\t\n\t<div class=\"img has-hover x md-x lg-x y md-y lg-y\" id=\"image_955714412\">\n\t\t\t\t\t\t\t\t<div class=\"img-inner dark\" >\n\t\t\t<img loading=\"lazy\" decoding=\"async\" width=\"851\" height=\"315\" src=\"https:\/\/www.myastreet.com\/wp-content\/uploads\/2025\/04\/3-1.jpg\" class=\"attachment-large size-large\" alt=\"\" srcset=\"https:\/\/www.myastreet.com\/wp-content\/uploads\/2025\/04\/3-1.jpg 851w, https:\/\/www.myastreet.com\/wp-content\/uploads\/2025\/04\/3-1-300x111.jpg 300w, https:\/\/www.myastreet.com\/wp-content\/uploads\/2025\/04\/3-1-150x56.jpg 150w, https:\/\/www.myastreet.com\/wp-content\/uploads\/2025\/04\/3-1-768x284.jpg 768w, https:\/\/www.myastreet.com\/wp-content\/uploads\/2025\/04\/3-1-500x185.jpg 500w\" sizes=\"auto, (max-width: 851px) 100vw, 851px\" \/>\t\t\t\t\t\t\n\t\t\t\t\t<\/div>\n\t\t\t\t\t\t\t\t\n<style>\n#image_955714412 {\n  width: 100%;\n}\n<\/style>\n\t<\/div>\n\t\n\t\t<\/div>\n\t\t\t\t\t<\/div>\n\n\t\n\n\t<div id=\"col-334115394\" class=\"col medium-6 small-12 large-6\"  >\n\t\t\t\t<div class=\"col-inner text-left\"  >\n\t\t\t\n\t\t\t\n<h4><strong>SHOWROOM IN PRATO (HAUPTSITZ)<\/strong><\/h4>\n<p>Via Chemnitz, 15\/5<br \/>59100 &#8211; Prato (PO)<br \/>Telefonnummer: +39 0574966483<br \/>E-Mail-Adresse:\u00a0<a href=\"mailto:prato@myastreet.com\">prato@myastreet.com<\/a><\/p>\n<p>Wir sind auch sonntags von 10:00 bis 17:00 Uhr ge\u00f6ffnet<br \/>\n<a href=\"http:\/\/wa.me\/+393519742290\" class=\"button primary\" rel=\"nofollow noopener\" target=\"_blank\">\n\t\t<span>Schreiben Sie uns<\/span>\n\t<\/a>\n\n\t\t<\/div>\n\t\t\t\t\t<\/div>\n\n\t\n<\/div>\n\t\t<\/div>\n\n\t\t\n<style>\n#section_1674121198 {\n  padding-top: 60px;\n  padding-bottom: 60px;\n  background-color: rgb(193, 193, 193);\n}\n#section_1674121198 .section-bg-overlay {\n  background-color: rgba(255, 255, 255, 0.85);\n}\n<\/style>\n\t<\/section>\n\t\n\n\t<section class=\"section\" id=\"section_2109082865\">\n\t\t<div class=\"section-bg fill\" >\n\t\t\t\t\t\t\t\t\t<div class=\"section-bg-overlay absolute fill\"><\/div>\n\t\t\t\n\n\t\t<\/div>\n\n\t\t\n\n\t\t<div class=\"section-content relative\">\n\t\t\t\n<div class=\"row row-large align-middle\"  id=\"row-778986618\">\n\n\t<div id=\"col-10959308\" class=\"col medium-6 small-12 large-6\"  >\n\t\t\t\t<div class=\"col-inner\"  >\n\t\t\t\n\t\t\t\n\t<div class=\"img has-hover x md-x lg-x y md-y lg-y\" id=\"image_485035036\">\n\t\t\t\t\t\t\t\t<div class=\"img-inner dark\" >\n\t\t\t<img loading=\"lazy\" decoding=\"async\" width=\"851\" height=\"315\" src=\"https:\/\/www.myastreet.com\/wp-content\/uploads\/2025\/04\/5.jpg\" class=\"attachment-large size-large\" alt=\"\" srcset=\"https:\/\/www.myastreet.com\/wp-content\/uploads\/2025\/04\/5.jpg 851w, https:\/\/www.myastreet.com\/wp-content\/uploads\/2025\/04\/5-300x111.jpg 300w, https:\/\/www.myastreet.com\/wp-content\/uploads\/2025\/04\/5-150x56.jpg 150w, https:\/\/www.myastreet.com\/wp-content\/uploads\/2025\/04\/5-768x284.jpg 768w, https:\/\/www.myastreet.com\/wp-content\/uploads\/2025\/04\/5-500x185.jpg 500w\" sizes=\"auto, (max-width: 851px) 100vw, 851px\" \/>\t\t\t\t\t\t\n\t\t\t\t\t<\/div>\n\t\t\t\t\t\t\t\t\n<style>\n#image_485035036 {\n  width: 100%;\n}\n<\/style>\n\t<\/div>\n\t\n\t\t<\/div>\n\t\t\t\t\t<\/div>\n\n\t\n\n\t<div id=\"col-201916955\" class=\"col medium-6 small-12 large-6\"  >\n\t\t\t\t<div class=\"col-inner text-left\"  >\n\t\t\t\n\t\t\t\n<h4><strong>SHOWROOM IN BOLOGNA<\/strong><\/h4>\n<p>Via dei Lanaioli, Blocco 5 Centergross<br \/>40050 \u2013 Argelato (BO)<br \/>Telefonnummer: +39 339 726 7713<br \/>Fax: +39 0516646841<br \/>E-Mail-Adresse:\u00a0<a href=\"mailto:bologna@myastreet.com\">bologna@myastreet.com<\/a><br \/>\n<a href=\"http:\/\/wa.me\/+393397267713\" class=\"button primary\" rel=\"nofollow noopener\" target=\"_blank\">\n\t\t<span>Schreiben Sie uns<\/span>\n\t<\/a>\n\n\t\t<\/div>\n\t\t\t\t\t<\/div>\n\n\t\n<\/div>\n\t\t<\/div>\n\n\t\t\n<style>\n#section_2109082865 {\n  padding-top: 60px;\n  padding-bottom: 60px;\n  background-color: rgb(193, 193, 193);\n}\n#section_2109082865 .section-bg-overlay {\n  background-color: rgba(255, 255, 255, 0.85);\n}\n<\/style>\n\t<\/section>\n\t\n\n\t<section class=\"section\" id=\"section_1956483177\">\n\t\t<div class=\"section-bg fill\" >\n\t\t\t\t\t\t\t\t\t<div class=\"section-bg-overlay absolute fill\"><\/div>\n\t\t\t\n\n\t\t<\/div>\n\n\t\t\n\n\t\t<div class=\"section-content relative\">\n\t\t\t\n<div class=\"row row-large align-middle\"  id=\"row-1713488545\">\n\n\t<div id=\"col-1629550670\" class=\"col medium-6 small-12 large-6\"  >\n\t\t\t\t<div class=\"col-inner\"  >\n\t\t\t\n\t\t\t\n\t<div class=\"img has-hover x md-x lg-x y md-y lg-y\" id=\"image_1495107635\">\n\t\t\t\t\t\t\t\t<div class=\"img-inner dark\" >\n\t\t\t<img loading=\"lazy\" decoding=\"async\" width=\"851\" height=\"315\" src=\"https:\/\/www.myastreet.com\/wp-content\/uploads\/2025\/05\/2-1.jpg\" class=\"attachment-1536x1536 size-1536x1536\" alt=\"\" srcset=\"https:\/\/www.myastreet.com\/wp-content\/uploads\/2025\/05\/2-1.jpg 851w, https:\/\/www.myastreet.com\/wp-content\/uploads\/2025\/05\/2-1-300x111.jpg 300w, https:\/\/www.myastreet.com\/wp-content\/uploads\/2025\/05\/2-1-150x56.jpg 150w, https:\/\/www.myastreet.com\/wp-content\/uploads\/2025\/05\/2-1-768x284.jpg 768w, https:\/\/www.myastreet.com\/wp-content\/uploads\/2025\/05\/2-1-500x185.jpg 500w\" sizes=\"auto, (max-width: 851px) 100vw, 851px\" \/>\t\t\t\t\t\t\n\t\t\t\t\t<\/div>\n\t\t\t\t\t\t\t\t\n<style>\n#image_1495107635 {\n  width: 100%;\n}\n<\/style>\n\t<\/div>\n\t\n\t\t<\/div>\n\t\t\t\t\t<\/div>\n\n\t\n\n\t<div id=\"col-561412103\" class=\"col medium-6 small-12 large-6\"  >\n\t\t\t\t<div class=\"col-inner text-left\"  >\n\t\t\t\n\t\t\t\n<h4><strong>SHOWROOM IN BRESCIA<\/strong><\/h4>\n<p>Via Orzinuovi, 52A\/52B<br \/>25125 Brescia<br \/>Telefonnummer: +39 0303534217<br \/>Fax: +39 0303547428<br \/>E-Mail-Adresse:\u00a0<a href=\"mailto:brescia@myastreet.com\">brescia@myastreet.com<\/a><br \/>\n<a href=\"http:\/\/wa.me\/+393397267713\" class=\"button primary\" rel=\"nofollow noopener\" target=\"_blank\">\n\t\t<span>Schreiben Sie uns<\/span>\n\t<\/a>\n\n\t\t<\/div>\n\t\t\t\t\t<\/div>\n\n\t\n<\/div>\n\t\t<\/div>\n\n\t\t\n<style>\n#section_1956483177 {\n  padding-top: 60px;\n  padding-bottom: 60px;\n  background-color: rgb(193, 193, 193);\n}\n#section_1956483177 .section-bg-overlay {\n  background-color: rgba(255, 255, 255, 0.85);\n}\n<\/style>\n\t<\/section>\n\t\n","protected":false},"excerpt":{"rendered":"<p>SHOWROOM MYASTREET Wo Stil Gestalt annimmt. Entdecken Sie die Myastreet-Showrooms \u2013 das pulsierende Herz unserer Marke. R\u00e4ume, die daf\u00fcr geschaffen wurden, Eink\u00e4ufer, H\u00e4ndler und Modeprofis zu empfangen, die die Qualit\u00e4t unserer Kollektionen pers\u00f6nlich erleben m\u00f6chten. Wir sind in den wichtigsten Modest\u00e4dten Italiens vertreten:Prato, Bologna und Brescia.. In unseren Showrooms erwartet Sie ein pers\u00f6nliches Einkaufserlebnis: Entdecken [&#8230;]\n","protected":false},"author":6,"featured_media":0,"parent":0,"menu_order":0,"comment_status":"closed","ping_status":"closed","template":"","meta":{"content-type":"","footnotes":""},"class_list":["post-291461","page","type-page","status-publish","hentry"],"acf":[],"_links":{"self":[{"href":"https:\/\/www.myastreet.com\/de\/wp-json\/wp\/v2\/pages\/291461","targetHints":{"allow":["GET"]}}],"collection":[{"href":"https:\/\/www.myastreet.com\/de\/wp-json\/wp\/v2\/pages"}],"about":[{"href":"https:\/\/www.myastreet.com\/de\/wp-json\/wp\/v2\/types\/page"}],"author":[{"embeddable":true,"href":"https:\/\/www.myastreet.com\/de\/wp-json\/wp\/v2\/users\/6"}],"replies":[{"embeddable":true,"href":"https:\/\/www.myastreet.com\/de\/wp-json\/wp\/v2\/comments?post=291461"}],"version-history":[{"count":7,"href":"https:\/\/www.myastreet.com\/de\/wp-json\/wp\/v2\/pages\/291461\/revisions"}],"predecessor-version":[{"id":291477,"href":"https:\/\/www.myastreet.com\/de\/wp-json\/wp\/v2\/pages\/291461\/revisions\/291477"}],"wp:attachment":[{"href":"https:\/\/www.myastreet.com\/de\/wp-json\/wp\/v2\/media?parent=291461"}],"curies":[{"name":"wp","href":"https:\/\/api.w.org\/{rel}","templated":true}]}}