










{"id":290551,"date":"2021-06-14T11:57:33","date_gmt":"2021-06-14T09:57:33","guid":{"rendered":"https:\/\/www.myastreet.com\/registrieren\/"},"modified":"2025-10-21T15:55:08","modified_gmt":"2025-10-21T13:55:08","slug":"registrieren","status":"publish","type":"page","link":"https:\/\/www.myastreet.com\/de\/registrieren\/","title":{"rendered":"Registrieren"},"content":{"rendered":"\n\t<section class=\"section\" id=\"section_994208545\">\n\t\t<div class=\"section-bg fill\" >\n\t\t\t\t\t\t\t\t\t\n\t\t\t\n\n\t\t<\/div>\n\n\t\t\n\n\t\t<div class=\"section-content relative\">\n\t\t\t\n<div class=\"row align-center\"  id=\"row-1377836302\">\n\n\t<div id=\"col-386475607\" class=\"col medium-4 small-12 large-4\"  >\n\t\t\t\t<div class=\"col-inner\"  >\n\t\t\t\n\t\t\t\n<p><strong>Registrierung nur f\u00fcr H\u00e4ndler und Vertriebspartner im Modegro\u00dfhandel<\/strong><\/p>\n<p>Der Zugang zu unserem <em>B2B-Onlineshop<\/em> ist ausschlie\u00dflich <strong>Einzelh\u00e4ndlern, Gro\u00dfh\u00e4ndlern und Vertriebspartnern der Modebranche vorbehalten<\/strong>.<br \/>Privatkunden oder Endverbraucher haben keinen Zugriff.<\/p>\n<p>Um sich zu registrieren, f\u00fcllen Sie bitte das Formular mit Ihren Unternehmensdaten aus.<br \/>Die angegebene E-Mail-Adresse wird als Benutzername f\u00fcr den Zugang zu Ihrem gesch\u00fctzten Bereich verwendet, in dem Sie Ihr Passwort jederzeit \u00e4ndern k\u00f6nnen.<\/p>\n<p>Unser Team \u00fcberpr\u00fcft sorgf\u00e4ltig alle eingetragenen Informationen, um die G\u00fcltigkeit der Profile und die Sicherheit der Vorg\u00e4nge auf der Website zu gew\u00e4hrleisten.<br \/>Erst nach der Freischaltung k\u00f6nnen Sie Preise und Verf\u00fcgbarkeiten einsehen sowie unsere Damenmode-Kollektionen im Gro\u00dfhandel einkaufen \u2013 darunter Strickwaren, Blazer, Hosen und elegante Total-Looks.<\/p>\n<p>Ben\u00f6tigen Sie Unterst\u00fctzung bei der Registrierung?<br \/>Schreiben Sie uns an: <strong>info@myastreet.com<\/strong><\/p>\n\t<div id=\"gap-1942626718\" class=\"gap-element clearfix\" style=\"display:block; height:auto;\">\n\t\t\n<style>\n#gap-1942626718 {\n  padding-top: 30px;\n}\n<\/style>\n\t<\/div>\n\t\n<p>Bereits registriert?<\/p>\n<a href=\"\/de\/my-account\/\" class=\"button primary is-outline\" >\n\t\t<span>Anmelden<\/span>\n\t<\/a>\n\n\t\t<\/div>\n\t\t\t\t\n<style>\n#col-386475607 > .col-inner {\n  padding: 0px 5% 0px 0px;\n}\n<\/style>\n\t<\/div>\n\n\t\n\n\t<div id=\"col-487513840\" class=\"col medium-5 small-12 large-5\"  >\n\t\t\t\t<div class=\"col-inner\"  >\n\t\t\t\n\t\t\t\n<h2>Jetzt registrieren!<\/h2>\n\t<div id=\"gap-1407963776\" class=\"gap-element clearfix\" style=\"display:block; height:auto;\">\n\t\t\n<style>\n#gap-1407963776 {\n  padding-top: 30px;\n}\n<\/style>\n\t<\/div>\n\t\n\n<div class=\"wpcf7 no-js\" id=\"wpcf7-f290527-o1\" lang=\"de-DE\" dir=\"ltr\" data-wpcf7-id=\"290527\">\n<div class=\"screen-reader-response\"><p role=\"status\" aria-live=\"polite\" aria-atomic=\"true\"><\/p> <ul><\/ul><\/div>\n<form action=\"\/de\/wp-json\/wp\/v2\/pages\/290551#wpcf7-f290527-o1\" method=\"post\" class=\"wpcf7-form init wpcf7-acceptance-as-validation\" aria-label=\"Kontaktformular\" novalidate=\"novalidate\" data-status=\"init\">\n<fieldset class=\"hidden-fields-container\"><input type=\"hidden\" name=\"_wpcf7\" value=\"290527\" \/><input type=\"hidden\" name=\"_wpcf7_version\" value=\"6.1.2\" \/><input type=\"hidden\" name=\"_wpcf7_locale\" value=\"de_DE\" \/><input type=\"hidden\" name=\"_wpcf7_unit_tag\" value=\"wpcf7-f290527-o1\" \/><input type=\"hidden\" name=\"_wpcf7_container_post\" value=\"0\" \/><input type=\"hidden\" name=\"_wpcf7_posted_data_hash\" value=\"\" \/><input type=\"hidden\" name=\"_wpcf7dtx_version\" value=\"5.0.3\" \/><input type=\"hidden\" name=\"_wpcf7_recaptcha_response\" value=\"\" \/>\n<\/fieldset>\n<div class=\"row form-inline\" id=\"registration_form\">\n<span class=\"wpcf7-form-control-wrap agente\" data-name=\"agente\"><input type=\"hidden\" name=\"agente\" class=\"wpcf7-form-control wpcf7-hidden wpcf7dtx wpcf7dtx-hidden\" aria-invalid=\"false\"><\/span>\n<span class=\"wpcf7-form-control-wrap statoregistrazione\" data-name=\"statoregistrazione\"><input type=\"hidden\" name=\"statoregistrazione\" class=\"wpcf7-form-control wpcf7-hidden wpcf7dtx wpcf7dtx-hidden\" aria-invalid=\"false\" value=\"0\"><\/span>\n\t<div class=\"col large-12\">\n\t\t<p><label><span class=\"wpcf7-form-control-wrap\" data-name=\"nome_azienda\"><input size=\"40\" maxlength=\"400\" class=\"wpcf7-form-control wpcf7-text wpcf7-validates-as-required\" aria-required=\"true\" aria-invalid=\"false\" placeholder=\"Firmenname*\" value=\"\" type=\"text\" name=\"nome_azienda\" \/><\/span> <\/label>\n\t\t<\/p>\n\t<\/div>\n\t<div class=\"col large-6\">\n\t\t<p><label><span class=\"wpcf7-form-control-wrap\" data-name=\"nome\"><input size=\"40\" maxlength=\"400\" class=\"wpcf7-form-control wpcf7-text wpcf7-validates-as-required\" aria-required=\"true\" aria-invalid=\"false\" placeholder=\"Vorname*\" value=\"\" type=\"text\" name=\"nome\" \/><\/span> <\/label>\n\t\t<\/p>\n\t<\/div>\n\t<div class=\"col large-6\">\n\t\t<p><label><span class=\"wpcf7-form-control-wrap\" data-name=\"cognome\"><input size=\"40\" maxlength=\"400\" class=\"wpcf7-form-control wpcf7-text wpcf7-validates-as-required\" aria-required=\"true\" aria-invalid=\"false\" placeholder=\"Nachname*\" value=\"\" type=\"text\" name=\"cognome\" \/><\/span> <\/label>\n\t\t<\/p>\n\t<\/div>\n\t<div class=\"col large-6\">\n\t\t<p><label><span class=\"wpcf7-form-control-wrap\" data-name=\"nazione\"><input size=\"40\" maxlength=\"400\" class=\"wpcf7-form-control wpcf7-text wpcf7-validates-as-required\" aria-required=\"true\" aria-invalid=\"false\" placeholder=\"Land*\" value=\"\" type=\"text\" name=\"nazione\" \/><\/span><\/label>\n\t\t<\/p>\n\t<\/div>\n\t<div class=\"col large-6\">\n\t\t<p><label> <span class=\"wpcf7-form-control-wrap\" data-name=\"provincia\"><input size=\"40\" maxlength=\"400\" class=\"wpcf7-form-control wpcf7-text\" aria-invalid=\"false\" placeholder=\"Provinz*\" value=\"\" type=\"text\" name=\"provincia\" \/><\/span><\/label>\n\t\t<\/p>\n\t<\/div>\n\t<div class=\"col large-6\">\n\t\t<p><label><span class=\"wpcf7-form-control-wrap\" data-name=\"indirizzo\"><input size=\"40\" maxlength=\"400\" class=\"wpcf7-form-control wpcf7-text wpcf7-validates-as-required\" aria-required=\"true\" aria-invalid=\"false\" placeholder=\"Adresse*\" value=\"\" type=\"text\" name=\"indirizzo\" \/><\/span> <\/label>\n\t\t<\/p>\n\t<\/div>\n\t<div class=\"col large-6\">\n\t\t<p><label><span class=\"wpcf7-form-control-wrap\" data-name=\"cap\"><input size=\"40\" maxlength=\"400\" class=\"wpcf7-form-control wpcf7-text wpcf7-validates-as-required\" aria-required=\"true\" aria-invalid=\"false\" placeholder=\"PLZ*\" value=\"\" type=\"text\" name=\"cap\" \/><\/span> <\/label>\n\t\t<\/p>\n\t<\/div>\n\t<div class=\"col large-12\">\n\t\t<p><label><span class=\"wpcf7-form-control-wrap\" data-name=\"citta\"><input size=\"40\" maxlength=\"400\" class=\"wpcf7-form-control wpcf7-text wpcf7-validates-as-required\" aria-required=\"true\" aria-invalid=\"false\" placeholder=\"Stadt*\" value=\"\" type=\"text\" name=\"citta\" \/><\/span> <\/label>\n\t\t<\/p>\n\t<\/div>\n<\/div>\n<div class=\"row form-inline\">\n\t<div class=\"col large-6\">\n\t\t<p><label><span class=\"wpcf7-form-control-wrap\" data-name=\"registration_email\"><input size=\"40\" maxlength=\"400\" class=\"wpcf7-form-control wpcf7-email wpcf7-validates-as-required wpcf7-text wpcf7-validates-as-email\" aria-required=\"true\" aria-invalid=\"false\" placeholder=\"E-Mail-Adresse*\" value=\"\" type=\"email\" name=\"registration_email\" \/><\/span> <\/label>\n\t\t<\/p>\n\t<\/div>\n\t<div class=\"col large-6\">\n\t\t<p><label><span class=\"wpcf7-form-control-wrap\" data-name=\"tel\"><input size=\"40\" maxlength=\"400\" class=\"wpcf7-form-control wpcf7-text wpcf7-validates-as-required\" aria-required=\"true\" aria-invalid=\"false\" placeholder=\"Telefon- oder Handynummer*\" value=\"\" type=\"text\" name=\"tel\" \/><\/span> <\/label>\n\t\t<\/p>\n\t<\/div>\n\t<div class=\"col large-6\">\n\t\t<p><label><span class=\"wpcf7-form-control-wrap\" data-name=\"registration_p_iva\"><input size=\"40\" maxlength=\"400\" class=\"wpcf7-form-control wpcf7-text wpcf7-validates-as-required\" aria-required=\"true\" aria-invalid=\"false\" placeholder=\"Umsatzsteuer-Identifikationsnummer*\" value=\"\" type=\"text\" name=\"registration_p_iva\" \/><\/span> <\/label>\n\t\t<\/p>\n\t<\/div>\n\t<div class=\"col large-6\">\n\t\t<p><label><span class=\"wpcf7-form-control-wrap\" data-name=\"registration_website\"><input size=\"40\" maxlength=\"400\" class=\"wpcf7-form-control wpcf7-text\" aria-invalid=\"false\" placeholder=\"Webseite\" value=\"\" type=\"text\" name=\"registration_website\" \/><\/span> <\/label>\n\t\t<\/p>\n\t<\/div>\n\t<div class=\"col large-6\">\n\t\t<p><label><span class=\"wpcf7-form-control-wrap\" data-name=\"come_ci_hai_conosciuto\"><select class=\"wpcf7-form-control wpcf7-select\" aria-invalid=\"false\" name=\"come_ci_hai_conosciuto\"><option value=\"\">Wie sind Sie auf uns aufmerksam geworden?<\/option><option value=\"Instagram\/Facebook\">Instagram\/Facebook<\/option><option value=\"ItalianModa\">ItalianModa<\/option><option value=\"TikTok\">TikTok<\/option><option value=\"Online-Suche\">Online-Suche<\/option><option value=\"Showroom-Besuch\">Showroom-Besuch<\/option><option value=\"Mehr\">Mehr<\/option><\/select><\/span> <\/label>\n\t\t<\/p>\n\t<\/div>\n<\/div>\n<div class=\"row form-inline\">\n\t<div class=\"col large-6\">\n\t\t<p><label>Passwort<\/label><span class=\"wpcf7-form-control-wrap\" data-name=\"password-1\"><input size=\"40\" maxlength=\"20\" minlength=\"6\" class=\"wpcf7-form-control wpcf7-password wpcf7-validates-as-required wpcf7-text wpcf7-validates-as-password\" id=\"password-1\" password_strength=\"2\" aria-required=\"true\" aria-invalid=\"false\" value=\"\" type=\"password\" name=\"password-1\" \/><span style=\"position: relative; margin-left: -30px;\"  id=\"buttonEye-password-1\" class=\"fa fa-eye-slash\" onclick=\"pushHideButton('password-1')\"><\/span><\/span>\n\t\t<\/p>\n\t<\/div>\n\t<div class=\"col large-6\">\n\t\t<p><label>Passwort best\u00e4tigen<\/label><span class=\"wpcf7-form-control-wrap\" data-name=\"password-2\"><input size=\"40\" class=\"wpcf7-form-control wpcf7-password wpcf7-validates-as-required wpcf7-text wpcf7-validates-as-password\" id=\"password-2\" password_strength=\"0\" password_check=\"password-1\" aria-required=\"true\" aria-invalid=\"false\" value=\"\" type=\"password\" name=\"password-2\" \/><span style=\"position: relative; margin-left: -30px;\"  id=\"buttonEye-password-2\" class=\"fa fa-eye-slash\" onclick=\"pushHideButton('password-2')\"><\/span><\/span>\n\t\t<\/p>\n\t<\/div>\n<\/div>\n<div class=\"row form-inline\">\n\t<div class=\"col large-12 group-privacy\">\n\t\t<p><span class=\"wpcf7-form-control-wrap\" data-name=\"Consenso-privacy\"><span class=\"wpcf7-form-control wpcf7-acceptance\"><span class=\"wpcf7-list-item\"><label><input type=\"checkbox\" name=\"Consenso-privacy\" value=\"1\" aria-invalid=\"false\" \/><span class=\"wpcf7-list-item-label\">Ich stimme der Verarbeitung meiner personenbezogenen Daten zu und erkl\u00e4re, die <a href=\"\/menu-privacy\/privacy-policy\/\">Datenschutzrichtlinie gelesen<\/a> zu haben.<\/span><\/label><\/span><\/span><\/span><br \/>\n<span class=\"wpcf7-form-control-wrap\" data-name=\"consenso_news\"><span class=\"wpcf7-form-control wpcf7-acceptance optional\"><span class=\"wpcf7-list-item\"><label><input type=\"checkbox\" name=\"consenso_news\" value=\"1\" aria-invalid=\"false\" \/><span class=\"wpcf7-list-item-label\">Ich m\u00f6chte den Newsletter abonnieren, um regelm\u00e4\u00dfig Informationen \u00fcber Ihre Werbe- und Verkaufsaktionen zu erhalten.<\/span><\/label><\/span><\/span><\/span>\n\t\t<\/p>\n\t<\/div>\n\t<div class=\"col large-12\">\n\t\t<p><input class=\"wpcf7-form-control wpcf7-submit has-spinner btn_white btn\" type=\"submit\" value=\"REGISTRIEREN\" \/>\n\t\t<\/p>\n\t<\/div>\n<\/div>\n<p><script>\njQuery(document).ready(function(){\n\nvar tmp = \"\";\nwindow.countries.forEach(function(e){tmp += '<option value=\"'+e.c+'\">'+e.d+'<\/option>';});\njQuery(\"[name=nazione]\").after('<select name=\"nazione\" class=\"wpcf7-form-control wpcf7-select\" aria-invalid=\"false\">'+tmp+'<\/select>').remove();\n});\n<\/script>\n<\/p><div class=\"wpcf7-response-output\" aria-hidden=\"true\"><\/div>\n<\/form>\n<\/div>\n\n\t\t<\/div>\n\t\t\t\t\t<\/div>\n\n\t\n<\/div>\n\t\t<\/div>\n\n\t\t\n<style>\n#section_994208545 {\n  padding-top: 80px;\n  padding-bottom: 80px;\n}\n<\/style>\n\t<\/section>\n\t\n","protected":false},"excerpt":{"rendered":"","protected":false},"author":1,"featured_media":0,"parent":0,"menu_order":0,"comment_status":"closed","ping_status":"closed","template":"page-blank.php","meta":{"content-type":"","footnotes":""},"class_list":["post-290551","page","type-page","status-publish","hentry"],"acf":[],"_links":{"self":[{"href":"https:\/\/www.myastreet.com\/de\/wp-json\/wp\/v2\/pages\/290551","targetHints":{"allow":["GET"]}}],"collection":[{"href":"https:\/\/www.myastreet.com\/de\/wp-json\/wp\/v2\/pages"}],"about":[{"href":"https:\/\/www.myastreet.com\/de\/wp-json\/wp\/v2\/types\/page"}],"author":[{"embeddable":true,"href":"https:\/\/www.myastreet.com\/de\/wp-json\/wp\/v2\/users\/1"}],"replies":[{"embeddable":true,"href":"https:\/\/www.myastreet.com\/de\/wp-json\/wp\/v2\/comments?post=290551"}],"version-history":[{"count":5,"href":"https:\/\/www.myastreet.com\/de\/wp-json\/wp\/v2\/pages\/290551\/revisions"}],"predecessor-version":[{"id":292094,"href":"https:\/\/www.myastreet.com\/de\/wp-json\/wp\/v2\/pages\/290551\/revisions\/292094"}],"wp:attachment":[{"href":"https:\/\/www.myastreet.com\/de\/wp-json\/wp\/v2\/media?parent=290551"}],"curies":[{"name":"wp","href":"https:\/\/api.w.org\/{rel}","templated":true}]}}