










{"id":290516,"date":"2021-05-11T11:26:24","date_gmt":"2021-05-11T09:26:24","guid":{"rendered":"https:\/\/www.myastreet.com\/diventa-distributore\/"},"modified":"2025-10-28T13:02:26","modified_gmt":"2025-10-28T12:02:26","slug":"werden-sie-vertriebspartner","status":"publish","type":"page","link":"https:\/\/www.myastreet.com\/de\/werden-sie-vertriebspartner\/","title":{"rendered":"Werden Sie Vertriebspartner"},"content":{"rendered":"\n\t<section class=\"section\" id=\"section_1874722643\">\n\t\t<div class=\"section-bg fill\" >\n\t\t\t\t\t\t\t\t\t\n\t\t\t\n\n\t\t<\/div>\n\n\t\t\n\n\t\t<div class=\"section-content relative\">\n\t\t\t\n<div class=\"row row-collapse align-middle\"  id=\"row-320189149\">\n\n\t<div id=\"col-4625431\" class=\"col medium-12 small-12 large-12\"  >\n\t\t\t\t<div class=\"col-inner text-center dark\"  >\n\t\t\t\n\t\t\t\n\n  <div class=\"banner has-hover\" id=\"banner-386456988\">\n          <div class=\"banner-inner fill\">\n        <div class=\"banner-bg fill\" >\n            <img loading=\"lazy\" decoding=\"async\" width=\"1067\" height=\"1600\" src=\"https:\/\/www.myastreet.com\/wp-content\/uploads\/2025\/01\/Myastreet-19.jpg\" class=\"bg attachment-original size-original\" alt=\"\" \/>                                    \n                    <\/div>\n\t\t\n        <div class=\"banner-layers container\">\n            <div class=\"fill banner-link\"><\/div>            \n   <div id=\"text-box-1115641733\" class=\"text-box banner-layer x50 md-x50 lg-x50 y50 md-y50 lg-y50 res-text\">\n                                <div class=\"text-box-content text \">\n              \n              <div class=\"text-inner text-center\">\n                  \n\t<div id=\"text-4058913798\" class=\"text\">\n\t\t\n<h2 class=\"uppercase alt-font\">Arbeiten Sie mit uns<\/h2>\n<p>&nbsp;<br \/>\n\t\t\n<style>\n#text-4058913798 {\n  text-align: center;\n}\n<\/style>\n\t<\/div>\n\t\n              <\/div>\n           <\/div>\n                            \n<style>\n#text-box-1115641733 {\n  width: 93%;\n}\n#text-box-1115641733 .text-box-content {\n  font-size: 136%;\n}\n@media (min-width:550px) {\n  #text-box-1115641733 {\n    width: 76%;\n  }\n  #text-box-1115641733 .text-box-content {\n    font-size: 100%;\n  }\n}\n<\/style>\n    <\/div>\n \n        <\/div>\n      <\/div>\n\n            \n<style>\n#banner-386456988 {\n  padding-top: 563px;\n  background-color: rgba(255, 255, 255, 0);\n}\n@media (min-width:550px) {\n  #banner-386456988 {\n    padding-top: 420px;\n  }\n}\n@media (min-width:850px) {\n  #banner-386456988 {\n    padding-top: 400px;\n  }\n}\n<\/style>\n  <\/div>\n\n\n\t\t<\/div>\n\t\t\t\t\n<style>\n#col-4625431 > .col-inner {\n  padding: 0px 0px 0px 0;\n}\n<\/style>\n\t<\/div>\n\n\t\n<\/div>\n\t\t<\/div>\n\n\t\t\n<style>\n#section_1874722643 {\n  padding-top: 0px;\n  padding-bottom: 0px;\n}\n<\/style>\n\t<\/section>\n\t\n\n\t<section class=\"section\" id=\"section_1731704247\">\n\t\t<div class=\"section-bg fill\" >\n\t\t\t\t\t\t\t\t\t\n\t\t\t\n\n\t\t<\/div>\n\n\t\t\n\n\t\t<div class=\"section-content relative\">\n\t\t\t\n<div class=\"row align-middle align-center\"  id=\"row-1937498177\">\n\n\t<div id=\"col-1959862843\" class=\"col medium-8 small-12 large-8\"  >\n\t\t\t\t<div class=\"col-inner\"  >\n\t\t\t\n\t\t\t\n<strong>Arbeiten Sie mit uns \u2013 Werden Sie Handelsvertreter f\u00fcr die Marke Myastreet<\/strong><\/p>\n<p>Sind Sie <em>Handelsvertreter in der Modebranche<\/em> und suchen eine hochwertige Damenmodemarke, die Sie vertreten k\u00f6nnen? Myastreet ist stets auf der Suche nach dynamischen und motivierten Partnern, um sein Vertriebsnetz in Italien und im Ausland zu erweitern.<\/p>\n<p>Mit \u00fcber zwanzig Jahren Erfahrung im Bereich Damenmode-Gro\u00dfhandel bieten wir Kollektionen, die Stil, Qualit\u00e4t und Vielseitigkeit vereinen. Teil unseres Teams zu werden bedeutet, eine Marke zu repr\u00e4sentieren, die f\u00fcr elegante Strickwaren, raffinierte Outfits und einen <em>femininen Total Look steht<\/em> &#8211; entwickelt f\u00fcr Boutiquen und Multibrand-Modegesch\u00e4fte.<\/p>\n<p><strong>Warum Myastreet-Agent werden<\/strong><\/p>\n<ul>\n<li><strong>Trendige Kollektionen<\/strong>:<br \/>\nWir bieten stets aktuelle Modelle, die den neuesten Modetrends folgen \u2013 mit einem eleganten und zeitlosen Stil.<\/li>\n<li><strong>Hohe Qualit\u00e4t und ausgezeichnetes Preis-Leistungs-Verh\u00e4ltnis<\/strong>:<br \/>\nStrickmode, Blazer, Hosen und Kleider &#8211; entworfen f\u00fcr eine anspruchsvolle und treue Kundschaft.<\/li>\n<li><strong>Umfassendes Verkaufsmaterial<\/strong>:<br \/>\nUnsere Vertreter erhalten Kataloge, Musterkollektionen, Bilder, technische Datenbl\u00e4tter und fortlaufende Schulungen.<\/li>\n<li><strong>Starke Marktpr\u00e4senz<\/strong>:<br \/>\nDie Marke ist bereits in Italien und im Ausland vertreten &#8211; \u00fcber unsere Showrooms in Prato, Mailand, Bologna und Brescia sowie \u00fcber unseren B2B-Onlineshop.<\/li>\n<\/ul>\n<p><strong>M\u00f6chten Sie mit uns zusammenarbeiten?<br \/>\n<\/strong>F\u00fcllen Sie das untenstehende Formular mit Ihren Daten und Ihrer Erfahrung in der Modebranche aus. Unser Team pr\u00fcft Ihre Bewerbung und wird sich mit Ihnen in Verbindung setzen, um eine m\u00f6gliche Zusammenarbeit zu besprechen.<\/p>\n<p>F\u00fcr weitere Informationen schreiben Sie uns an: <strong>info@myastreet.com<\/strong><\/p>\n\n<div class=\"wpcf7 no-js\" id=\"wpcf7-f290543-o1\" lang=\"de-DE\" dir=\"ltr\" data-wpcf7-id=\"290543\">\n<div class=\"screen-reader-response\"><p role=\"status\" aria-live=\"polite\" aria-atomic=\"true\"><\/p> <ul><\/ul><\/div>\n<form action=\"\/de\/wp-json\/wp\/v2\/pages\/290516#wpcf7-f290543-o1\" method=\"post\" class=\"wpcf7-form init wpcf7-acceptance-as-validation\" aria-label=\"Kontaktformular\" enctype=\"multipart\/form-data\" novalidate=\"novalidate\" data-status=\"init\">\n<fieldset class=\"hidden-fields-container\"><input type=\"hidden\" name=\"_wpcf7\" value=\"290543\" \/><input type=\"hidden\" name=\"_wpcf7_version\" value=\"6.1.2\" \/><input type=\"hidden\" name=\"_wpcf7_locale\" value=\"de_DE\" \/><input type=\"hidden\" name=\"_wpcf7_unit_tag\" value=\"wpcf7-f290543-o1\" \/><input type=\"hidden\" name=\"_wpcf7_container_post\" value=\"0\" \/><input type=\"hidden\" name=\"_wpcf7_posted_data_hash\" value=\"\" \/><input type=\"hidden\" name=\"_wpcf7dtx_version\" value=\"5.0.3\" \/><input type=\"hidden\" name=\"_wpcf7_recaptcha_response\" value=\"\" \/>\n<\/fieldset>\n<div class=\"row form-inline\">\n\t<div class=\"col large-6\">\n\t\t<p><label><span class=\"wpcf7-form-control-wrap\" data-name=\"nome\"><input size=\"40\" maxlength=\"400\" class=\"wpcf7-form-control wpcf7-text wpcf7-validates-as-required\" aria-required=\"true\" aria-invalid=\"false\" placeholder=\"Vorname*\" value=\"\" type=\"text\" name=\"nome\" \/><\/span> <\/label>\n\t\t<\/p>\n\t<\/div>\n\t<div class=\"col large-6\">\n\t\t<p><label><span class=\"wpcf7-form-control-wrap\" data-name=\"cognome\"><input size=\"40\" maxlength=\"400\" class=\"wpcf7-form-control wpcf7-text wpcf7-validates-as-required\" aria-required=\"true\" aria-invalid=\"false\" placeholder=\"Nachname*\" value=\"\" type=\"text\" name=\"cognome\" \/><\/span> <\/label>\n\t\t<\/p>\n\t<\/div>\n\t<div class=\"col large-6\">\n\t\t<p><label><span class=\"wpcf7-form-control-wrap\" data-name=\"indirizzo\"><input size=\"40\" maxlength=\"400\" class=\"wpcf7-form-control wpcf7-text wpcf7-validates-as-required\" aria-required=\"true\" aria-invalid=\"false\" placeholder=\"Adresse*\" value=\"\" type=\"text\" name=\"indirizzo\" \/><\/span> <\/label>\n\t\t<\/p>\n\t<\/div>\n\t<div class=\"col large-6\">\n\t\t<p><label><span class=\"wpcf7-form-control-wrap\" data-name=\"cap\"><input size=\"40\" maxlength=\"400\" class=\"wpcf7-form-control wpcf7-text wpcf7-validates-as-required\" aria-required=\"true\" aria-invalid=\"false\" placeholder=\"PLZ*\" value=\"\" type=\"text\" name=\"cap\" \/><\/span> <\/label>\n\t\t<\/p>\n\t<\/div>\n\t<div class=\"col large-12\">\n\t\t<p><label><span class=\"wpcf7-form-control-wrap\" data-name=\"citta\"><input size=\"40\" maxlength=\"400\" class=\"wpcf7-form-control wpcf7-text wpcf7-validates-as-required\" aria-required=\"true\" aria-invalid=\"false\" placeholder=\"Stadt*\" value=\"\" type=\"text\" name=\"citta\" \/><\/span> <\/label>\n\t\t<\/p>\n\t<\/div>\n\t<div class=\"col large-6\">\n\t\t<p><label> <span class=\"wpcf7-form-control-wrap\" data-name=\"provincia\"><select class=\"wpcf7-form-control wpcf7-select\" aria-invalid=\"false\" name=\"provincia\"><option value=\"Bundesland ausw\u00e4hlen\">Bundesland ausw\u00e4hlen<\/option><option value=\"Agrigento\">Agrigento<\/option><option value=\"Alessandria\">Alessandria<\/option><option value=\"Ancona\">Ancona<\/option><option value=\"Aosta\">Aosta<\/option><option value=\"L&#039;Aquila\">L&#039;Aquila<\/option><option value=\"Arezzo\">Arezzo<\/option><option value=\"Ascoli-Piceno\">Ascoli-Piceno<\/option><option value=\"Asti\">Asti<\/option><option value=\"Avellino\">Avellino<\/option><option value=\"Bari\">Bari<\/option><option value=\"Barletta-Andria-Trani\">Barletta-Andria-Trani<\/option><option value=\"Belluno\">Belluno<\/option><option value=\"Benevento\">Benevento<\/option><option value=\"Bergamo\">Bergamo<\/option><option value=\"Biella\">Biella<\/option><option value=\"Bologna\">Bologna<\/option><option value=\"Bolzano\">Bolzano<\/option><option value=\"Brescia\">Brescia<\/option><option value=\"Brindisi\">Brindisi<\/option><option value=\"Cagliari\">Cagliari<\/option><option value=\"Caltanissetta\">Caltanissetta<\/option><option value=\"Campobasso\">Campobasso<\/option><option value=\"Carbonia Iglesias\">Carbonia Iglesias<\/option><option value=\"Caserta\">Caserta<\/option><option value=\"Catania\">Catania<\/option><option value=\"Catanzaro\">Catanzaro<\/option><option value=\"Chieti\">Chieti<\/option><option value=\"Como\">Como<\/option><option value=\"Cosenza\">Cosenza<\/option><option value=\"Cremona\">Cremona<\/option><option value=\"Crotone\">Crotone<\/option><option value=\"Cuneo\">Cuneo<\/option><option value=\"Enna\">Enna<\/option><option value=\"Fermo\">Fermo<\/option><option value=\"Ferrara\">Ferrara<\/option><option value=\"Firenze\">Firenze<\/option><option value=\"Foggia\">Foggia<\/option><option value=\"Forli-Cesena\">Forli-Cesena<\/option><option value=\"Frosinone\">Frosinone<\/option><option value=\"Genova\">Genova<\/option><option value=\"Gorizia\">Gorizia<\/option><option value=\"Grosseto\">Grosseto<\/option><option value=\"Imperia\">Imperia<\/option><option value=\"Isernia\">Isernia<\/option><option value=\"La-Spezia\">La-Spezia<\/option><option value=\"Latina\">Latina<\/option><option value=\"Lecce\">Lecce<\/option><option value=\"Lecco\">Lecco<\/option><option value=\"Livorno\">Livorno<\/option><option value=\"Lodi\">Lodi<\/option><option value=\"Lucca\">Lucca<\/option><option value=\"Macerata\">Macerata<\/option><option value=\"Mantova\">Mantova<\/option><option value=\"Massa-Carrara\">Massa-Carrara<\/option><option value=\"Matera\">Matera<\/option><option value=\"Medio Campidano\">Medio Campidano<\/option><option value=\"Messina\">Messina<\/option><option value=\"Milano\">Milano<\/option><option value=\"Modena\">Modena<\/option><option value=\"Monza-Brianza\">Monza-Brianza<\/option><option value=\"Napoli\">Napoli<\/option><option value=\"Novara\">Novara<\/option><option value=\"Nuoro\">Nuoro<\/option><option value=\"Ogliastra\">Ogliastra<\/option><option value=\"Olbia Tempio\">Olbia Tempio<\/option><option value=\"Oristano\">Oristano<\/option><option value=\"Padova\">Padova<\/option><option value=\"Palermo\">Palermo<\/option><option value=\"Parma\">Parma<\/option><option value=\"Pavia\">Pavia<\/option><option value=\"Perugia\">Perugia<\/option><option value=\"Pesaro-Urbino\">Pesaro-Urbino<\/option><option value=\"Pescara\">Pescara<\/option><option value=\"Piacenza\">Piacenza<\/option><option value=\"Pisa\">Pisa<\/option><option value=\"Pistoia\">Pistoia<\/option><option value=\"Pordenone\">Pordenone<\/option><option value=\"Potenza\">Potenza<\/option><option value=\"Prato\">Prato<\/option><option value=\"Ragusa\">Ragusa<\/option><option value=\"Ravenna\">Ravenna<\/option><option value=\"Reggio-Calabria\">Reggio-Calabria<\/option><option value=\"Reggio-Emilia\">Reggio-Emilia<\/option><option value=\"Rieti\">Rieti<\/option><option value=\"Rimini\">Rimini<\/option><option value=\"Roma\">Roma<\/option><option value=\"Rovigo\">Rovigo<\/option><option value=\"Salerno\">Salerno<\/option><option value=\"Sassari\">Sassari<\/option><option value=\"Savona\">Savona<\/option><option value=\"Siena\">Siena<\/option><option value=\"Siracusa\">Siracusa<\/option><option value=\"Sondrio\">Sondrio<\/option><option value=\"Taranto\">Taranto<\/option><option value=\"Teramo\">Teramo<\/option><option value=\"Terni\">Terni<\/option><option value=\"Torino\">Torino<\/option><option value=\"Trapani\">Trapani<\/option><option value=\"Trento\">Trento<\/option><option value=\"Treviso\">Treviso<\/option><option value=\"Trieste\">Trieste<\/option><option value=\"Udine\">Udine<\/option><option value=\"Varese\">Varese<\/option><option value=\"Venezia\">Venezia<\/option><option value=\"Verbania\">Verbania<\/option><option value=\"Vercelli\">Vercelli<\/option><option value=\"Verona\">Verona<\/option><option value=\"Vibo-Valentia\">Vibo-Valentia<\/option><option value=\"Vicenza\">Vicenza<\/option><option value=\"Viterbo\">Viterbo<\/option><\/select><\/span><\/label>\n\t\t<\/p>\n\t<\/div>\n\t<div class=\"col large-6\">\n\t\t<p><label><span class=\"wpcf7-form-control-wrap\" data-name=\"nazione\"><select class=\"wpcf7-form-control wpcf7-select\" aria-invalid=\"false\" name=\"nazione\"><option value=\"Italia\">Italia<\/option><option value=\"Albania\">Albania<\/option><option value=\"Argentina\">Argentina<\/option><option value=\"Armenia\">Armenia<\/option><option value=\"Australia\">Australia<\/option><option value=\"Austria\">Austria<\/option><option value=\"Belarus\">Belarus<\/option><option value=\"Belgium\">Belgium<\/option><option value=\"Bulgaria\">Bulgaria<\/option><option value=\"Cameroon\">Cameroon<\/option><option value=\"Canada\">Canada<\/option><option value=\"Chile\">Chile<\/option><option value=\"China\">China<\/option><option value=\"Costa Rica\">Costa Rica<\/option><option value=\"Croatia\">Croatia<\/option><option value=\"Cyprus\">Cyprus<\/option><option value=\"Czech Republic\">Czech Republic<\/option><option value=\"Denmark\">Denmark<\/option><option value=\"Egypt\">Egypt<\/option><option value=\"Estonia\">Estonia<\/option><option value=\"Finland\">Finland<\/option><option value=\"France\">France<\/option><option value=\"Gabon\">Gabon<\/option><option value=\"Germany\">Germany<\/option><option value=\"Greece\">Greece<\/option><option value=\"Guernsey\">Guernsey<\/option><option value=\"Hong Kong\">Hong Kong<\/option><option value=\"Hungary\">Hungary<\/option><option value=\"Iceland\">Iceland<\/option><option value=\"India\">India<\/option><option value=\"Iran\">Iran<\/option><option value=\"Iraq\">Iraq<\/option><option value=\"Ireland\">Ireland<\/option><option value=\"Israel\">Israel<\/option><option value=\"Italy\">Italy<\/option><option value=\"Ivory Coast\">Ivory Coast<\/option><option value=\"Japan\">Japan<\/option><option value=\"Jordan\">Jordan<\/option><option value=\"Latvia\">Latvia<\/option><option value=\"Lebanon\">Lebanon<\/option><option value=\"Liechtenstein\">Liechtenstein<\/option><option value=\"Lithuania\">Lithuania<\/option><option value=\"Luxembourg\">Luxembourg<\/option><option value=\"Malta\">Malta<\/option><option value=\"Mauritius\">Mauritius<\/option><option value=\"Montenegro\">Montenegro<\/option><option value=\"Morocco\">Morocco<\/option><option value=\"Netherlands\">Netherlands<\/option><option value=\"Norway\">Norway<\/option><option value=\"Peru\">Peru<\/option><option value=\"Poland\">Poland<\/option><option value=\"Portugal\">Portugal<\/option><option value=\"Reunion\">Reunion<\/option><option value=\"Romania\">Romania<\/option><option value=\"Russia\">Russia<\/option><option value=\"Saudi Arabia\">Saudi Arabia<\/option><option value=\"Serbia\">Serbia<\/option><option value=\"Singapore\">Singapore<\/option><option value=\"Slovakia\">Slovakia<\/option><option value=\"Slovenia\">Slovenia<\/option><option value=\"South Africa\">South Africa<\/option><option value=\"Spain\">Spain<\/option><option value=\"Sweden\">Sweden<\/option><option value=\"Switzerland\">Switzerland<\/option><option value=\"Turkey\">Turkey<\/option><option value=\"Ukraine\">Ukraine<\/option><option value=\"United Arab Emirates\">United Arab Emirates<\/option><option value=\"United Kingdom (UK)\">United Kingdom (UK)<\/option><option value=\"United States (US)\">United States (US)<\/option><option value=\"Uruguay\">Uruguay<\/option><\/select><\/span><\/label>\n\t\t<\/p>\n\t<\/div>\n<\/div>\n<div class=\"row form-inline\">\n\t<div class=\"col large-6\">\n\t\t<p><label><span class=\"wpcf7-form-control-wrap\" data-name=\"email\"><input size=\"40\" maxlength=\"400\" class=\"wpcf7-form-control wpcf7-email wpcf7-validates-as-required wpcf7-text wpcf7-validates-as-email\" aria-required=\"true\" aria-invalid=\"false\" placeholder=\"Email*\" value=\"\" type=\"email\" name=\"email\" \/><\/span> <\/label>\n\t\t<\/p>\n\t<\/div>\n\t<div class=\"col large-6\">\n\t\t<p><label><span class=\"wpcf7-form-control-wrap\" data-name=\"tel\"><input size=\"40\" maxlength=\"400\" class=\"wpcf7-form-control wpcf7-text wpcf7-validates-as-required\" aria-required=\"true\" aria-invalid=\"false\" placeholder=\"Tel. o cellulare*\" value=\"\" type=\"text\" name=\"tel\" \/><\/span> <\/label>\n\t\t<\/p>\n\t<\/div>\n\t<div class=\"col large-12\">\n\t\t<p><label><br \/>\n<span class=\"wpcf7-form-control-wrap\" data-name=\"your-message\"><textarea cols=\"40\" rows=\"10\" maxlength=\"2000\" class=\"wpcf7-form-control wpcf7-textarea\" aria-invalid=\"false\" placeholder=\"Anfrage\" name=\"your-message\"><\/textarea><\/span> <\/label>\n\t\t<\/p>\n\t<\/div>\n\t<div class=\"col large-12\">\n\t\t<p><label>Laden Sie Ihren Lebenslauf hoch<\/label><br \/>\n<span class=\"wpcf7-form-control-wrap\" data-name=\"AggiungiCV\"><input size=\"40\" class=\"wpcf7-form-control wpcf7-file wpcf7-validates-as-required\" accept=\"audio\/*,video\/*,image\/*\" aria-required=\"true\" aria-invalid=\"false\" type=\"file\" name=\"AggiungiCV\" \/><\/span>\n\t\t<\/p>\n\t<\/div>\n\t<div class=\"row form-inline group-privacy\">\n\t\t<div class=\"col large-12\">\n\t\t\t<p><label class=\"acceptance\"><span class=\"wpcf7-form-control-wrap\" data-name=\"Accettazione-privacy\"><span class=\"wpcf7-form-control wpcf7-acceptance\"><span class=\"wpcf7-list-item\"><input type=\"checkbox\" name=\"Accettazione-privacy\" value=\"1\" aria-invalid=\"false\" \/><\/span><\/span><\/span> Ich stimme der Verarbeitung meiner personenbezogenen Daten zu und erkl\u00e4re, die <a href=\"\/menu-privacy\/privacy-policy\/\">Datenschutzrichtlinie<\/a> gelesen zu haben.<\/label>\n\t\t\t<\/p>\n\t\t<\/div>\n\t\t<div class=\"col large-12 group-privacy\">\n\t\t\t<p><label class=\"acceptance\"><span class=\"wpcf7-form-control-wrap\" data-name=\"Accettazione-newsletter\"><span class=\"wpcf7-form-control wpcf7-acceptance optional\"><span class=\"wpcf7-list-item\"><input type=\"checkbox\" name=\"Accettazione-newsletter\" value=\"1\" aria-invalid=\"false\" \/><\/span><\/span><\/span> Ich m\u00f6chte den Newsletter abonnieren, um regelm\u00e4\u00dfig Informationen \u00fcber Ihre Werbe- und Verkaufsaktionen zu erhalten.<\/label>\n\t\t\t<\/p>\n\t\t<\/div>\n\t<\/div>\n\t<div class=\"col large-12 text-center\">\n\t\t<p><input class=\"wpcf7-form-control wpcf7-submit has-spinner secondary is-outline is-large\" type=\"submit\" value=\"Anfrage senden\" \/>\n\t\t<\/p>\n\t<\/div>\n<\/div>\n<div class=\"wpcf7-response-output\" aria-hidden=\"true\"><\/div>\n<\/form>\n<\/div>\n\n\t\t<\/div>\n\t\t\t\t\t<\/div>\n\n\t\n<\/div>\n\t\t<\/div>\n\n\t\t\n<style>\n#section_1731704247 {\n  padding-top: 30px;\n  padding-bottom: 30px;\n}\n<\/style>\n\t<\/section>\n\t\n","protected":false},"excerpt":{"rendered":"","protected":false},"author":1,"featured_media":0,"parent":0,"menu_order":0,"comment_status":"closed","ping_status":"closed","template":"page-blank.php","meta":{"content-type":"","footnotes":""},"class_list":["post-290516","page","type-page","status-publish","hentry"],"acf":[],"_links":{"self":[{"href":"https:\/\/www.myastreet.com\/de\/wp-json\/wp\/v2\/pages\/290516","targetHints":{"allow":["GET"]}}],"collection":[{"href":"https:\/\/www.myastreet.com\/de\/wp-json\/wp\/v2\/pages"}],"about":[{"href":"https:\/\/www.myastreet.com\/de\/wp-json\/wp\/v2\/types\/page"}],"author":[{"embeddable":true,"href":"https:\/\/www.myastreet.com\/de\/wp-json\/wp\/v2\/users\/1"}],"replies":[{"embeddable":true,"href":"https:\/\/www.myastreet.com\/de\/wp-json\/wp\/v2\/comments?post=290516"}],"version-history":[{"count":9,"href":"https:\/\/www.myastreet.com\/de\/wp-json\/wp\/v2\/pages\/290516\/revisions"}],"predecessor-version":[{"id":293243,"href":"https:\/\/www.myastreet.com\/de\/wp-json\/wp\/v2\/pages\/290516\/revisions\/293243"}],"wp:attachment":[{"href":"https:\/\/www.myastreet.com\/de\/wp-json\/wp\/v2\/media?parent=290516"}],"curies":[{"name":"wp","href":"https:\/\/api.w.org\/{rel}","templated":true}]}}